{"id":1051,"date":"2023-08-28T18:43:24","date_gmt":"2023-08-28T15:43:24","guid":{"rendered":"http:\/\/guvenaksaray.com\/bobinaj\/?page_id=1051"},"modified":"2023-09-11T01:27:38","modified_gmt":"2023-09-10T22:27:38","slug":"hakkimizda","status":"publish","type":"page","link":"https:\/\/guvenaksaray.com\/bobinaj\/hakkimizda\/","title":{"rendered":"Hakk\u0131m\u0131zda"},"content":{"rendered":"\t\t<div data-elementor-type=\"wp-page\" data-elementor-id=\"1051\" class=\"elementor elementor-1051\">\n\t\t\t\t\t\t\t\t\t<section class=\"elementor-section elementor-top-section elementor-element elementor-element-b243795 elementor-section-full_width elementor-section-height-default elementor-section-height-default\" data-id=\"b243795\" data-element_type=\"section\" data-settings=\"{&quot;background_background&quot;:&quot;classic&quot;}\">\n\t\t\t\t\t\t\t<div class=\"elementor-background-overlay\"><\/div>\n\t\t\t\t\t\t\t<div class=\"elementor-container elementor-column-gap-default\">\n\t\t\t\t\t<div class=\"elementor-column elementor-col-100 elementor-top-column elementor-element elementor-element-34784ad\" data-id=\"34784ad\" data-element_type=\"column\" data-settings=\"{&quot;background_background&quot;:&quot;classic&quot;}\">\n\t\t\t<div class=\"elementor-widget-wrap elementor-element-populated\">\n\t\t\t\t\t\t\t\t<div class=\"elementor-element elementor-element-90fd102 elementor-widget elementor-widget-text-editor\" data-id=\"90fd102\" data-element_type=\"widget\" data-widget_type=\"text-editor.default\">\n\t\t\t\t<div class=\"elementor-widget-container\">\n\t\t\t<style>\/*! elementor - v3.15.0 - 20-08-2023 *\/\n.elementor-widget-text-editor.elementor-drop-cap-view-stacked .elementor-drop-cap{background-color:#69727d;color:#fff}.elementor-widget-text-editor.elementor-drop-cap-view-framed .elementor-drop-cap{color:#69727d;border:3px solid;background-color:transparent}.elementor-widget-text-editor:not(.elementor-drop-cap-view-default) .elementor-drop-cap{margin-top:8px}.elementor-widget-text-editor:not(.elementor-drop-cap-view-default) .elementor-drop-cap-letter{width:1em;height:1em}.elementor-widget-text-editor .elementor-drop-cap{float:left;text-align:center;line-height:1;font-size:50px}.elementor-widget-text-editor .elementor-drop-cap-letter{display:inline-block}<\/style>\t\t\t\tHakk\u0131m\u0131zda\t\t\t\t\t\t<\/div>\n\t\t\t\t<\/div>\n\t\t\t\t\t<\/div>\n\t\t<\/div>\n\t\t\t\t\t\t\t<\/div>\n\t\t<\/section>\n\t\t\t\t<section class=\"elementor-section elementor-top-section elementor-element elementor-element-8c039c8 elementor-section-boxed elementor-section-height-default elementor-section-height-default\" data-id=\"8c039c8\" data-element_type=\"section\">\n\t\t\t\t\t\t<div class=\"elementor-container elementor-column-gap-default\">\n\t\t\t\t\t<div class=\"elementor-column elementor-col-100 elementor-top-column elementor-element elementor-element-d8dc7e1\" data-id=\"d8dc7e1\" data-element_type=\"column\">\n\t\t\t<div class=\"elementor-widget-wrap elementor-element-populated\">\n\t\t\t\t\t\t\t\t<section class=\"elementor-section elementor-inner-section elementor-element elementor-element-d992d51 elementor-section-boxed elementor-section-height-default elementor-section-height-default\" data-id=\"d992d51\" data-element_type=\"section\">\n\t\t\t\t\t\t<div class=\"elementor-container elementor-column-gap-default\">\n\t\t\t\t\t<div class=\"elementor-column elementor-col-50 elementor-inner-column elementor-element elementor-element-973b2d2\" data-id=\"973b2d2\" data-element_type=\"column\">\n\t\t\t<div class=\"elementor-widget-wrap elementor-element-populated\">\n\t\t\t\t\t\t\t\t<div class=\"elementor-element elementor-element-662eb05 elementor-widget elementor-widget-text-editor\" data-id=\"662eb05\" data-element_type=\"widget\" data-widget_type=\"text-editor.default\">\n\t\t\t\t<div class=\"elementor-widget-container\">\n\t\t\t\t\t\t\tAksaray&#8217;\u0131n kalbinde, elektrik bobinaj\u0131 ve in\u015faat sekt\u00f6rlerinde \u00e7\u0131\u011f\u0131r a\u00e7an bir vizyonla faaliyet g\u00f6steren G\u00fcven Elektrik ve Bobinaj, y\u0131llard\u0131r kalite ve g\u00fcvenilirlikle an\u0131lan bir kurulu\u015f olarak kente katk\u0131da bulunuyor. K\u00f6klerimiz, \u015fehrimizi daha g\u00fczel, daha i\u015flevsel ve daha s\u00fcrd\u00fcr\u00fclebilir bir yer haline getirme arzusundan do\u011fdu. Aksaray&#8217;da g\u00fc\u00e7l\u00fc bir varl\u0131k olarak, m\u00fc\u015fterilerimize ve topluma hizmet etme sorumlulu\u011funu ta\u015f\u0131yoruz.\n\nMisyonumuz, elektrik bobinaj\u0131 ve in\u015faat alan\u0131nda en iyi hizmeti sunarak m\u00fc\u015fterilerimizin beklentilerini a\u015fmakt\u0131r. \u015eehrimizi daha modern ve ya\u015fanabilir k\u0131lmak i\u00e7in \u00e7al\u0131\u015f\u0131rken, \u00e7evreye ve topluma kar\u015f\u0131 sorumluluklar\u0131m\u0131z\u0131 unutmuyoruz. Vizyonumuz ise sadece m\u00fc\u015fterilerimize m\u00fckemmel hizmet sunmakla kalmay\u0131p, ayn\u0131 zamanda in\u015faat sekt\u00f6r\u00fcn\u00fcn \u00f6nc\u00fcs\u00fc olmakt\u0131r.\t\t\t\t\t\t<\/div>\n\t\t\t\t<\/div>\n\t\t\t\t\t<\/div>\n\t\t<\/div>\n\t\t\t\t<div class=\"elementor-column elementor-col-50 elementor-inner-column elementor-element elementor-element-019ae1e\" data-id=\"019ae1e\" data-element_type=\"column\">\n\t\t\t<div class=\"elementor-widget-wrap elementor-element-populated\">\n\t\t\t\t\t\t\t\t<div class=\"elementor-element elementor-element-3cf4060 elementor-widget elementor-widget-html\" data-id=\"3cf4060\" data-element_type=\"widget\" data-widget_type=\"html.default\">\n\t\t\t\t<div class=\"elementor-widget-container\">\n\t\t\t<iframe loading=\"lazy\" width=\"560\" height=\"400\" src=\"https:\/\/www.youtube.com\/embed\/CA5fqL14zFg?si=UhG1pvRZDgaj9kYk\" title=\"YouTube video player\" frameborder=\"0\" allow=\"accelerometer; autoplay; clipboard-write; encrypted-media; gyroscope; picture-in-picture; web-share\" allowfullscreen><\/iframe>\t\t<\/div>\n\t\t\t\t<\/div>\n\t\t\t\t\t<\/div>\n\t\t<\/div>\n\t\t\t\t\t\t\t<\/div>\n\t\t<\/section>\n\t\t\t\t\t<\/div>\n\t\t<\/div>\n\t\t\t\t\t\t\t<\/div>\n\t\t<\/section>\n\t\t\t\t\t\t\t<\/div>\n\t\t","protected":false},"excerpt":{"rendered":"<p>Hakk\u0131m\u0131zdaAksaray&#8217;\u0131n kalbinde, elektrik bobinaj\u0131 ve in\u015faat sekt\u00f6rlerinde \u00e7\u0131\u011f\u0131r a\u00e7an bir vizyonla faaliyet g\u00f6steren G\u00fcven Elektrik ve Bobinaj, y\u0131llard\u0131r kalite ve g\u00fcvenilirlikle an\u0131lan bir kurulu\u015f olarak kente katk\u0131da bulunuyor. K\u00f6klerimiz, \u015fehrimizi daha g\u00fczel, daha i\u015flevsel ve daha s\u00fcrd\u00fcr\u00fclebilir bir yer haline getirme arzusundan do\u011fdu. Aksaray&#8217;da g\u00fc\u00e7l\u00fc bir varl\u0131k olarak, m\u00fc\u015fterilerimize ve topluma hizmet etme sorumlulu\u011funu ta\u015f\u0131yoruz. &hellip;<\/p>\n<p class=\"read-more\"> <a class=\"\" href=\"https:\/\/guvenaksaray.com\/bobinaj\/hakkimizda\/\"> <span class=\"screen-reader-text\">Hakk\u0131m\u0131zda<\/span> Devam\u0131 &raquo;<\/a><\/p>\n","protected":false},"author":1,"featured_media":0,"parent":0,"menu_order":0,"comment_status":"closed","ping_status":"closed","template":"","meta":{"site-sidebar-layout":"no-sidebar","site-content-layout":"page-builder","ast-site-content-layout":"full-width-container","site-content-style":"unboxed","site-sidebar-style":"unboxed","ast-global-header-display":"","ast-banner-title-visibility":"","ast-main-header-display":"","ast-hfb-above-header-display":"","ast-hfb-below-header-display":"","ast-hfb-mobile-header-display":"","site-post-title":"disabled","ast-breadcrumbs-content":"","ast-featured-img":"disabled","footer-sml-layout":"","theme-transparent-header-meta":"enabled","adv-header-id-meta":"","stick-header-meta":"","header-above-stick-meta":"","header-main-stick-meta":"","header-below-stick-meta":"","astra-migrate-meta-layouts":"set","footnotes":""},"yoast_head":"<!-- This site is optimized with the Yoast SEO plugin v21.2 - https:\/\/yoast.com\/wordpress\/plugins\/seo\/ -->\n<title>Hakk\u0131m\u0131zda - G\u00fcven Elektrik Bobinaj<\/title>\n<meta name=\"robots\" content=\"index, follow, max-snippet:-1, max-image-preview:large, max-video-preview:-1\" \/>\n<link rel=\"canonical\" href=\"https:\/\/guvenaksaray.com\/bobinaj\/hakkimizda\/\" \/>\n<meta property=\"og:locale\" content=\"tr_TR\" \/>\n<meta property=\"og:type\" content=\"article\" \/>\n<meta property=\"og:title\" content=\"Hakk\u0131m\u0131zda - G\u00fcven Elektrik Bobinaj\" \/>\n<meta property=\"og:description\" content=\"Hakk\u0131m\u0131zdaAksaray&#8217;\u0131n kalbinde, elektrik bobinaj\u0131 ve in\u015faat sekt\u00f6rlerinde \u00e7\u0131\u011f\u0131r a\u00e7an bir vizyonla faaliyet g\u00f6steren G\u00fcven Elektrik ve Bobinaj, y\u0131llard\u0131r kalite ve g\u00fcvenilirlikle an\u0131lan bir kurulu\u015f olarak kente katk\u0131da bulunuyor. K\u00f6klerimiz, \u015fehrimizi daha g\u00fczel, daha i\u015flevsel ve daha s\u00fcrd\u00fcr\u00fclebilir bir yer haline getirme arzusundan do\u011fdu. Aksaray&#8217;da g\u00fc\u00e7l\u00fc bir varl\u0131k olarak, m\u00fc\u015fterilerimize ve topluma hizmet etme sorumlulu\u011funu ta\u015f\u0131yoruz. &hellip; Hakk\u0131m\u0131zda Devam\u0131 &raquo;\" \/>\n<meta property=\"og:url\" content=\"https:\/\/guvenaksaray.com\/bobinaj\/hakkimizda\/\" \/>\n<meta property=\"og:site_name\" content=\"G\u00fcven Elektrik Bobinaj\" \/>\n<meta property=\"article:modified_time\" content=\"2023-09-10T22:27:38+00:00\" \/>\n<meta name=\"twitter:card\" content=\"summary_large_image\" \/>\n<meta name=\"twitter:label1\" content=\"Tahmini okuma s\u00fcresi\" \/>\n\t<meta name=\"twitter:data1\" content=\"4 dakika\" \/>\n<script type=\"application\/ld+json\" class=\"yoast-schema-graph\">{\"@context\":\"https:\/\/schema.org\",\"@graph\":[{\"@type\":\"WebPage\",\"@id\":\"https:\/\/guvenaksaray.com\/bobinaj\/hakkimizda\/\",\"url\":\"https:\/\/guvenaksaray.com\/bobinaj\/hakkimizda\/\",\"name\":\"Hakk\u0131m\u0131zda - G\u00fcven Elektrik Bobinaj\",\"isPartOf\":{\"@id\":\"https:\/\/guvenaksaray.com\/bobinaj\/#website\"},\"datePublished\":\"2023-08-28T15:43:24+00:00\",\"dateModified\":\"2023-09-10T22:27:38+00:00\",\"breadcrumb\":{\"@id\":\"https:\/\/guvenaksaray.com\/bobinaj\/hakkimizda\/#breadcrumb\"},\"inLanguage\":\"tr\",\"potentialAction\":[{\"@type\":\"ReadAction\",\"target\":[\"https:\/\/guvenaksaray.com\/bobinaj\/hakkimizda\/\"]}]},{\"@type\":\"BreadcrumbList\",\"@id\":\"https:\/\/guvenaksaray.com\/bobinaj\/hakkimizda\/#breadcrumb\",\"itemListElement\":[{\"@type\":\"ListItem\",\"position\":1,\"name\":\"Anasayfa\",\"item\":\"https:\/\/guvenaksaray.com\/bobinaj\/\"},{\"@type\":\"ListItem\",\"position\":2,\"name\":\"Hakk\u0131m\u0131zda\"}]},{\"@type\":\"WebSite\",\"@id\":\"https:\/\/guvenaksaray.com\/bobinaj\/#website\",\"url\":\"https:\/\/guvenaksaray.com\/bobinaj\/\",\"name\":\"G\u00fcven Elektrik Bobinaj\",\"description\":\"\",\"publisher\":{\"@id\":\"https:\/\/guvenaksaray.com\/bobinaj\/#organization\"},\"potentialAction\":[{\"@type\":\"SearchAction\",\"target\":{\"@type\":\"EntryPoint\",\"urlTemplate\":\"https:\/\/guvenaksaray.com\/bobinaj\/?s={search_term_string}\"},\"query-input\":\"required name=search_term_string\"}],\"inLanguage\":\"tr\"},{\"@type\":\"Organization\",\"@id\":\"https:\/\/guvenaksaray.com\/bobinaj\/#organization\",\"name\":\"G\u00fcven Elektrik Bobinaj\",\"url\":\"https:\/\/guvenaksaray.com\/bobinaj\/\",\"logo\":{\"@type\":\"ImageObject\",\"inLanguage\":\"tr\",\"@id\":\"https:\/\/guvenaksaray.com\/bobinaj\/#\/schema\/logo\/image\/\",\"url\":\"https:\/\/guvenaksaray.com\/bobinaj\/wp-content\/uploads\/2023\/08\/cropped-logo_header1.png\",\"contentUrl\":\"https:\/\/guvenaksaray.com\/bobinaj\/wp-content\/uploads\/2023\/08\/cropped-logo_header1.png\",\"width\":596,\"height\":148,\"caption\":\"G\u00fcven Elektrik Bobinaj\"},\"image\":{\"@id\":\"https:\/\/guvenaksaray.com\/bobinaj\/#\/schema\/logo\/image\/\"}}]}<\/script>\n<!-- \/ Yoast SEO plugin. -->","yoast_head_json":{"title":"Hakk\u0131m\u0131zda - G\u00fcven Elektrik Bobinaj","robots":{"index":"index","follow":"follow","max-snippet":"max-snippet:-1","max-image-preview":"max-image-preview:large","max-video-preview":"max-video-preview:-1"},"canonical":"https:\/\/guvenaksaray.com\/bobinaj\/hakkimizda\/","og_locale":"tr_TR","og_type":"article","og_title":"Hakk\u0131m\u0131zda - G\u00fcven Elektrik Bobinaj","og_description":"Hakk\u0131m\u0131zdaAksaray&#8217;\u0131n kalbinde, elektrik bobinaj\u0131 ve in\u015faat sekt\u00f6rlerinde \u00e7\u0131\u011f\u0131r a\u00e7an bir vizyonla faaliyet g\u00f6steren G\u00fcven Elektrik ve Bobinaj, y\u0131llard\u0131r kalite ve g\u00fcvenilirlikle an\u0131lan bir kurulu\u015f olarak kente katk\u0131da bulunuyor. K\u00f6klerimiz, \u015fehrimizi daha g\u00fczel, daha i\u015flevsel ve daha s\u00fcrd\u00fcr\u00fclebilir bir yer haline getirme arzusundan do\u011fdu. Aksaray&#8217;da g\u00fc\u00e7l\u00fc bir varl\u0131k olarak, m\u00fc\u015fterilerimize ve topluma hizmet etme sorumlulu\u011funu ta\u015f\u0131yoruz. &hellip; Hakk\u0131m\u0131zda Devam\u0131 &raquo;","og_url":"https:\/\/guvenaksaray.com\/bobinaj\/hakkimizda\/","og_site_name":"G\u00fcven Elektrik Bobinaj","article_modified_time":"2023-09-10T22:27:38+00:00","twitter_card":"summary_large_image","twitter_misc":{"Tahmini okuma s\u00fcresi":"4 dakika"},"schema":{"@context":"https:\/\/schema.org","@graph":[{"@type":"WebPage","@id":"https:\/\/guvenaksaray.com\/bobinaj\/hakkimizda\/","url":"https:\/\/guvenaksaray.com\/bobinaj\/hakkimizda\/","name":"Hakk\u0131m\u0131zda - G\u00fcven Elektrik Bobinaj","isPartOf":{"@id":"https:\/\/guvenaksaray.com\/bobinaj\/#website"},"datePublished":"2023-08-28T15:43:24+00:00","dateModified":"2023-09-10T22:27:38+00:00","breadcrumb":{"@id":"https:\/\/guvenaksaray.com\/bobinaj\/hakkimizda\/#breadcrumb"},"inLanguage":"tr","potentialAction":[{"@type":"ReadAction","target":["https:\/\/guvenaksaray.com\/bobinaj\/hakkimizda\/"]}]},{"@type":"BreadcrumbList","@id":"https:\/\/guvenaksaray.com\/bobinaj\/hakkimizda\/#breadcrumb","itemListElement":[{"@type":"ListItem","position":1,"name":"Anasayfa","item":"https:\/\/guvenaksaray.com\/bobinaj\/"},{"@type":"ListItem","position":2,"name":"Hakk\u0131m\u0131zda"}]},{"@type":"WebSite","@id":"https:\/\/guvenaksaray.com\/bobinaj\/#website","url":"https:\/\/guvenaksaray.com\/bobinaj\/","name":"G\u00fcven Elektrik Bobinaj","description":"","publisher":{"@id":"https:\/\/guvenaksaray.com\/bobinaj\/#organization"},"potentialAction":[{"@type":"SearchAction","target":{"@type":"EntryPoint","urlTemplate":"https:\/\/guvenaksaray.com\/bobinaj\/?s={search_term_string}"},"query-input":"required name=search_term_string"}],"inLanguage":"tr"},{"@type":"Organization","@id":"https:\/\/guvenaksaray.com\/bobinaj\/#organization","name":"G\u00fcven Elektrik Bobinaj","url":"https:\/\/guvenaksaray.com\/bobinaj\/","logo":{"@type":"ImageObject","inLanguage":"tr","@id":"https:\/\/guvenaksaray.com\/bobinaj\/#\/schema\/logo\/image\/","url":"https:\/\/guvenaksaray.com\/bobinaj\/wp-content\/uploads\/2023\/08\/cropped-logo_header1.png","contentUrl":"https:\/\/guvenaksaray.com\/bobinaj\/wp-content\/uploads\/2023\/08\/cropped-logo_header1.png","width":596,"height":148,"caption":"G\u00fcven Elektrik Bobinaj"},"image":{"@id":"https:\/\/guvenaksaray.com\/bobinaj\/#\/schema\/logo\/image\/"}}]}},"_links":{"self":[{"href":"https:\/\/guvenaksaray.com\/bobinaj\/wp-json\/wp\/v2\/pages\/1051"}],"collection":[{"href":"https:\/\/guvenaksaray.com\/bobinaj\/wp-json\/wp\/v2\/pages"}],"about":[{"href":"https:\/\/guvenaksaray.com\/bobinaj\/wp-json\/wp\/v2\/types\/page"}],"author":[{"embeddable":true,"href":"https:\/\/guvenaksaray.com\/bobinaj\/wp-json\/wp\/v2\/users\/1"}],"replies":[{"embeddable":true,"href":"https:\/\/guvenaksaray.com\/bobinaj\/wp-json\/wp\/v2\/comments?post=1051"}],"version-history":[{"count":7,"href":"https:\/\/guvenaksaray.com\/bobinaj\/wp-json\/wp\/v2\/pages\/1051\/revisions"}],"predecessor-version":[{"id":1816,"href":"https:\/\/guvenaksaray.com\/bobinaj\/wp-json\/wp\/v2\/pages\/1051\/revisions\/1816"}],"wp:attachment":[{"href":"https:\/\/guvenaksaray.com\/bobinaj\/wp-json\/wp\/v2\/media?parent=1051"}],"curies":[{"name":"wp","href":"https:\/\/api.w.org\/{rel}","templated":true}]}}