{"id":1081,"date":"2023-08-29T02:18:57","date_gmt":"2023-08-28T23:18:57","guid":{"rendered":"http:\/\/guvenaksaray.com\/bobinaj\/?page_id=1081"},"modified":"2023-09-03T14:02:07","modified_gmt":"2023-09-03T11:02:07","slug":"urun-gruplarimiz","status":"publish","type":"page","link":"https:\/\/guvenaksaray.com\/bobinaj\/urun-gruplarimiz\/","title":{"rendered":"\u00dcr\u00fcn Gruplar\u0131m\u0131z"},"content":{"rendered":"\t\t<div data-elementor-type=\"wp-page\" data-elementor-id=\"1081\" class=\"elementor elementor-1081\">\n\t\t\t\t\t\t\t\t\t<section class=\"elementor-section elementor-top-section elementor-element elementor-element-d0f9c42 elementor-section-full_width elementor-section-height-default elementor-section-height-default\" data-id=\"d0f9c42\" data-element_type=\"section\" data-settings=\"{&quot;background_background&quot;:&quot;classic&quot;}\">\n\t\t\t\t\t\t\t<div class=\"elementor-background-overlay\"><\/div>\n\t\t\t\t\t\t\t<div class=\"elementor-container elementor-column-gap-default\">\n\t\t\t\t\t<div class=\"elementor-column elementor-col-100 elementor-top-column elementor-element elementor-element-b6e00b0\" data-id=\"b6e00b0\" data-element_type=\"column\" data-settings=\"{&quot;background_background&quot;:&quot;classic&quot;}\">\n\t\t\t<div class=\"elementor-widget-wrap elementor-element-populated\">\n\t\t\t\t\t\t\t\t<div class=\"elementor-element elementor-element-a99f6d9 elementor-widget elementor-widget-text-editor\" data-id=\"a99f6d9\" data-element_type=\"widget\" data-widget_type=\"text-editor.default\">\n\t\t\t\t<div class=\"elementor-widget-container\">\n\t\t\t<style>\/*! elementor - v3.15.0 - 20-08-2023 *\/\n.elementor-widget-text-editor.elementor-drop-cap-view-stacked .elementor-drop-cap{background-color:#69727d;color:#fff}.elementor-widget-text-editor.elementor-drop-cap-view-framed .elementor-drop-cap{color:#69727d;border:3px solid;background-color:transparent}.elementor-widget-text-editor:not(.elementor-drop-cap-view-default) .elementor-drop-cap{margin-top:8px}.elementor-widget-text-editor:not(.elementor-drop-cap-view-default) .elementor-drop-cap-letter{width:1em;height:1em}.elementor-widget-text-editor .elementor-drop-cap{float:left;text-align:center;line-height:1;font-size:50px}.elementor-widget-text-editor .elementor-drop-cap-letter{display:inline-block}<\/style>\t\t\t\t\u00dcr\u00fcn Gruplar\u0131m\u0131z\t\t\t\t\t\t<\/div>\n\t\t\t\t<\/div>\n\t\t\t\t\t<\/div>\n\t\t<\/div>\n\t\t\t\t\t\t\t<\/div>\n\t\t<\/section>\n\t\t\t\t<section class=\"elementor-section elementor-top-section elementor-element elementor-element-5357809 elementor-section-boxed elementor-section-height-default elementor-section-height-default\" data-id=\"5357809\" data-element_type=\"section\">\n\t\t\t\t\t\t<div class=\"elementor-container elementor-column-gap-default\">\n\t\t\t\t\t<div class=\"elementor-column elementor-col-100 elementor-top-column elementor-element elementor-element-37a5059\" data-id=\"37a5059\" data-element_type=\"column\">\n\t\t\t<div class=\"elementor-widget-wrap elementor-element-populated\">\n\t\t\t\t\t\t\t\t<section class=\"elementor-section elementor-inner-section elementor-element elementor-element-4107c88 elementor-section-boxed elementor-section-height-default elementor-section-height-default\" data-id=\"4107c88\" data-element_type=\"section\">\n\t\t\t\t\t\t<div class=\"elementor-container elementor-column-gap-default\">\n\t\t\t\t\t<div class=\"elementor-column elementor-col-25 elementor-inner-column elementor-element elementor-element-47dbf2f\" data-id=\"47dbf2f\" data-element_type=\"column\">\n\t\t\t<div class=\"elementor-widget-wrap elementor-element-populated\">\n\t\t\t\t\t\t\t\t<div class=\"elementor-element elementor-element-e75cbca elementor-position-top elementor-widget elementor-widget-image-box\" data-id=\"e75cbca\" data-element_type=\"widget\" data-widget_type=\"image-box.default\">\n\t\t\t\t<div class=\"elementor-widget-container\">\n\t\t\t<style>\/*! elementor - v3.15.0 - 20-08-2023 *\/\n.elementor-widget-image-box .elementor-image-box-content{width:100%}@media (min-width:768px){.elementor-widget-image-box.elementor-position-left .elementor-image-box-wrapper,.elementor-widget-image-box.elementor-position-right .elementor-image-box-wrapper{display:flex}.elementor-widget-image-box.elementor-position-right .elementor-image-box-wrapper{text-align:right;flex-direction:row-reverse}.elementor-widget-image-box.elementor-position-left .elementor-image-box-wrapper{text-align:left;flex-direction:row}.elementor-widget-image-box.elementor-position-top .elementor-image-box-img{margin:auto}.elementor-widget-image-box.elementor-vertical-align-top .elementor-image-box-wrapper{align-items:flex-start}.elementor-widget-image-box.elementor-vertical-align-middle .elementor-image-box-wrapper{align-items:center}.elementor-widget-image-box.elementor-vertical-align-bottom .elementor-image-box-wrapper{align-items:flex-end}}@media (max-width:767px){.elementor-widget-image-box .elementor-image-box-img{margin-left:auto!important;margin-right:auto!important;margin-bottom:15px}}.elementor-widget-image-box .elementor-image-box-img{display:inline-block}.elementor-widget-image-box .elementor-image-box-title a{color:inherit}.elementor-widget-image-box .elementor-image-box-wrapper{text-align:center}.elementor-widget-image-box .elementor-image-box-description{margin:0}<\/style><div class=\"elementor-image-box-wrapper\"><figure class=\"elementor-image-box-img\"><a href=\"https:\/\/guvenaksaray.com\/bobinaj\/hidrofor-sistemleri\/\"><img decoding=\"async\" loading=\"lazy\" width=\"420\" height=\"550\" src=\"https:\/\/guvenaksaray.com\/bobinaj\/wp-content\/uploads\/2023\/08\/hidrofor__1_-removebg-preview.png\" class=\"attachment-full size-full wp-image-1091\" alt=\"\" srcset=\"https:\/\/guvenaksaray.com\/bobinaj\/wp-content\/uploads\/2023\/08\/hidrofor__1_-removebg-preview.png 420w, https:\/\/guvenaksaray.com\/bobinaj\/wp-content\/uploads\/2023\/08\/hidrofor__1_-removebg-preview-229x300.png 229w\" sizes=\"(max-width: 420px) 100vw, 420px\" \/><\/a><\/figure><div class=\"elementor-image-box-content\"><h3 class=\"elementor-image-box-title\"><a href=\"https:\/\/guvenaksaray.com\/bobinaj\/hidrofor-sistemleri\/\">Hidroforlar<\/a><\/h3><\/div><\/div>\t\t<\/div>\n\t\t\t\t<\/div>\n\t\t\t\t\t<\/div>\n\t\t<\/div>\n\t\t\t\t<div class=\"elementor-column elementor-col-25 elementor-inner-column elementor-element elementor-element-ab7e794\" data-id=\"ab7e794\" data-element_type=\"column\">\n\t\t\t<div class=\"elementor-widget-wrap elementor-element-populated\">\n\t\t\t\t\t\t\t\t<div class=\"elementor-element elementor-element-5d9124e elementor-position-top elementor-widget elementor-widget-image-box\" data-id=\"5d9124e\" data-element_type=\"widget\" data-widget_type=\"image-box.default\">\n\t\t\t\t<div class=\"elementor-widget-container\">\n\t\t\t<div class=\"elementor-image-box-wrapper\"><figure class=\"elementor-image-box-img\"><a href=\"https:\/\/guvenaksaray.com\/bobinaj\/dalgic-pompalar\/\"><img decoding=\"async\" loading=\"lazy\" width=\"460\" height=\"460\" src=\"https:\/\/guvenaksaray.com\/bobinaj\/wp-content\/uploads\/2023\/08\/dalgic_pompa-removebg-preview.png\" class=\"attachment-full size-full wp-image-1093\" alt=\"\" srcset=\"https:\/\/guvenaksaray.com\/bobinaj\/wp-content\/uploads\/2023\/08\/dalgic_pompa-removebg-preview.png 460w, https:\/\/guvenaksaray.com\/bobinaj\/wp-content\/uploads\/2023\/08\/dalgic_pompa-removebg-preview-300x300.png 300w, https:\/\/guvenaksaray.com\/bobinaj\/wp-content\/uploads\/2023\/08\/dalgic_pompa-removebg-preview-150x150.png 150w\" sizes=\"(max-width: 460px) 100vw, 460px\" \/><\/a><\/figure><div class=\"elementor-image-box-content\"><h3 class=\"elementor-image-box-title\"><a href=\"https:\/\/guvenaksaray.com\/bobinaj\/dalgic-pompalar\/\">Dalg\u0131\u00e7 Pompalar<\/a><\/h3><\/div><\/div>\t\t<\/div>\n\t\t\t\t<\/div>\n\t\t\t\t\t<\/div>\n\t\t<\/div>\n\t\t\t\t<div class=\"elementor-column elementor-col-25 elementor-inner-column elementor-element elementor-element-6ad1e48\" data-id=\"6ad1e48\" data-element_type=\"column\">\n\t\t\t<div class=\"elementor-widget-wrap elementor-element-populated\">\n\t\t\t\t\t\t\t\t<div class=\"elementor-element elementor-element-e5a2a9f elementor-position-top elementor-widget elementor-widget-image-box\" data-id=\"e5a2a9f\" data-element_type=\"widget\" data-widget_type=\"image-box.default\">\n\t\t\t\t<div class=\"elementor-widget-container\">\n\t\t\t<div class=\"elementor-image-box-wrapper\"><figure class=\"elementor-image-box-img\"><img decoding=\"async\" loading=\"lazy\" width=\"500\" height=\"500\" src=\"https:\/\/guvenaksaray.com\/bobinaj\/wp-content\/uploads\/2023\/08\/drenaj_pompa-removebg-preview.png\" class=\"attachment-full size-full wp-image-1094\" alt=\"\" srcset=\"https:\/\/guvenaksaray.com\/bobinaj\/wp-content\/uploads\/2023\/08\/drenaj_pompa-removebg-preview.png 500w, https:\/\/guvenaksaray.com\/bobinaj\/wp-content\/uploads\/2023\/08\/drenaj_pompa-removebg-preview-300x300.png 300w, https:\/\/guvenaksaray.com\/bobinaj\/wp-content\/uploads\/2023\/08\/drenaj_pompa-removebg-preview-150x150.png 150w\" sizes=\"(max-width: 500px) 100vw, 500px\" \/><\/figure><div class=\"elementor-image-box-content\"><h3 class=\"elementor-image-box-title\">Drenaj Pompalar<\/h3><\/div><\/div>\t\t<\/div>\n\t\t\t\t<\/div>\n\t\t\t\t\t<\/div>\n\t\t<\/div>\n\t\t\t\t<div class=\"elementor-column elementor-col-25 elementor-inner-column elementor-element elementor-element-85a849a\" data-id=\"85a849a\" data-element_type=\"column\">\n\t\t\t<div class=\"elementor-widget-wrap elementor-element-populated\">\n\t\t\t\t\t\t\t\t<div class=\"elementor-element elementor-element-eac7168 elementor-position-top elementor-widget elementor-widget-image-box\" data-id=\"eac7168\" data-element_type=\"widget\" data-widget_type=\"image-box.default\">\n\t\t\t\t<div class=\"elementor-widget-container\">\n\t\t\t<div class=\"elementor-image-box-wrapper\"><figure class=\"elementor-image-box-img\"><img decoding=\"async\" loading=\"lazy\" width=\"460\" height=\"460\" src=\"https:\/\/guvenaksaray.com\/bobinaj\/wp-content\/uploads\/2023\/08\/vansan-ht-pe2-pa-dalgic-motor-removebg-preview.png\" class=\"attachment-full size-full wp-image-1096\" alt=\"\" srcset=\"https:\/\/guvenaksaray.com\/bobinaj\/wp-content\/uploads\/2023\/08\/vansan-ht-pe2-pa-dalgic-motor-removebg-preview.png 460w, https:\/\/guvenaksaray.com\/bobinaj\/wp-content\/uploads\/2023\/08\/vansan-ht-pe2-pa-dalgic-motor-removebg-preview-300x300.png 300w, https:\/\/guvenaksaray.com\/bobinaj\/wp-content\/uploads\/2023\/08\/vansan-ht-pe2-pa-dalgic-motor-removebg-preview-150x150.png 150w\" sizes=\"(max-width: 460px) 100vw, 460px\" \/><\/figure><div class=\"elementor-image-box-content\"><h3 class=\"elementor-image-box-title\">Dalg\u0131\u00e7 Motorlar<\/h3><\/div><\/div>\t\t<\/div>\n\t\t\t\t<\/div>\n\t\t\t\t\t<\/div>\n\t\t<\/div>\n\t\t\t\t\t\t\t<\/div>\n\t\t<\/section>\n\t\t\t\t<section class=\"elementor-section elementor-inner-section elementor-element elementor-element-9f6560f elementor-section-boxed elementor-section-height-default elementor-section-height-default\" data-id=\"9f6560f\" data-element_type=\"section\">\n\t\t\t\t\t\t<div class=\"elementor-container elementor-column-gap-default\">\n\t\t\t\t\t<div class=\"elementor-column elementor-col-25 elementor-inner-column elementor-element elementor-element-5a606a6\" data-id=\"5a606a6\" data-element_type=\"column\">\n\t\t\t<div class=\"elementor-widget-wrap elementor-element-populated\">\n\t\t\t\t\t\t\t\t<div class=\"elementor-element elementor-element-ba8326f elementor-position-top elementor-widget elementor-widget-image-box\" data-id=\"ba8326f\" data-element_type=\"widget\" data-widget_type=\"image-box.default\">\n\t\t\t\t<div class=\"elementor-widget-container\">\n\t\t\t<div class=\"elementor-image-box-wrapper\"><figure class=\"elementor-image-box-img\"><a href=\"https:\/\/guvenaksaray.com\/bobinaj\/santrifuj-pompa\/\"><img decoding=\"async\" loading=\"lazy\" width=\"360\" height=\"360\" src=\"https:\/\/guvenaksaray.com\/bobinaj\/wp-content\/uploads\/2023\/08\/png-transparent-submersible-pump-irrigation-centrifugal-pump-water-water-compressor-drinking-water-submersible-pump-thumbnail-removebg-preview.png\" class=\"attachment-full size-full wp-image-1007\" alt=\"\" srcset=\"https:\/\/guvenaksaray.com\/bobinaj\/wp-content\/uploads\/2023\/08\/png-transparent-submersible-pump-irrigation-centrifugal-pump-water-water-compressor-drinking-water-submersible-pump-thumbnail-removebg-preview.png 360w, https:\/\/guvenaksaray.com\/bobinaj\/wp-content\/uploads\/2023\/08\/png-transparent-submersible-pump-irrigation-centrifugal-pump-water-water-compressor-drinking-water-submersible-pump-thumbnail-removebg-preview-300x300.png 300w, https:\/\/guvenaksaray.com\/bobinaj\/wp-content\/uploads\/2023\/08\/png-transparent-submersible-pump-irrigation-centrifugal-pump-water-water-compressor-drinking-water-submersible-pump-thumbnail-removebg-preview-150x150.png 150w\" sizes=\"(max-width: 360px) 100vw, 360px\" \/><\/a><\/figure><div class=\"elementor-image-box-content\"><h3 class=\"elementor-image-box-title\"><a href=\"https:\/\/guvenaksaray.com\/bobinaj\/santrifuj-pompa\/\">Santrif\u00fcj Pompa<\/a><\/h3><\/div><\/div>\t\t<\/div>\n\t\t\t\t<\/div>\n\t\t\t\t\t<\/div>\n\t\t<\/div>\n\t\t\t\t<div class=\"elementor-column elementor-col-25 elementor-inner-column elementor-element elementor-element-8c6ff4d\" data-id=\"8c6ff4d\" data-element_type=\"column\">\n\t\t\t<div class=\"elementor-widget-wrap\">\n\t\t\t\t\t\t\t\t\t<\/div>\n\t\t<\/div>\n\t\t\t\t<div class=\"elementor-column elementor-col-25 elementor-inner-column elementor-element elementor-element-bffd65d\" data-id=\"bffd65d\" data-element_type=\"column\">\n\t\t\t<div class=\"elementor-widget-wrap\">\n\t\t\t\t\t\t\t\t\t<\/div>\n\t\t<\/div>\n\t\t\t\t<div class=\"elementor-column elementor-col-25 elementor-inner-column elementor-element elementor-element-2648be8\" data-id=\"2648be8\" data-element_type=\"column\">\n\t\t\t<div class=\"elementor-widget-wrap\">\n\t\t\t\t\t\t\t\t\t<\/div>\n\t\t<\/div>\n\t\t\t\t\t\t\t<\/div>\n\t\t<\/section>\n\t\t\t\t\t<\/div>\n\t\t<\/div>\n\t\t\t\t\t\t\t<\/div>\n\t\t<\/section>\n\t\t\t\t\t\t\t<\/div>\n\t\t","protected":false},"excerpt":{"rendered":"<p>\u00dcr\u00fcn Gruplar\u0131m\u0131z Hidroforlar Dalg\u0131\u00e7 Pompalar Drenaj Pompalar Dalg\u0131\u00e7 Motorlar Santrif\u00fcj Pompa<\/p>\n","protected":false},"author":1,"featured_media":0,"parent":0,"menu_order":0,"comment_status":"closed","ping_status":"closed","template":"","meta":{"site-sidebar-layout":"no-sidebar","site-content-layout":"page-builder","ast-site-content-layout":"full-width-container","site-content-style":"unboxed","site-sidebar-style":"unboxed","ast-global-header-display":"","ast-banner-title-visibility":"","ast-main-header-display":"","ast-hfb-above-header-display":"","ast-hfb-below-header-display":"","ast-hfb-mobile-header-display":"","site-post-title":"disabled","ast-breadcrumbs-content":"","ast-featured-img":"disabled","footer-sml-layout":"","theme-transparent-header-meta":"enabled","adv-header-id-meta":"","stick-header-meta":"","header-above-stick-meta":"","header-main-stick-meta":"","header-below-stick-meta":"","astra-migrate-meta-layouts":"set","footnotes":""},"yoast_head":"<!-- This site is optimized with the Yoast SEO plugin v21.2 - https:\/\/yoast.com\/wordpress\/plugins\/seo\/ -->\n<title>\u00dcr\u00fcn Gruplar\u0131m\u0131z - G\u00fcven Elektrik Bobinaj<\/title>\n<meta name=\"robots\" content=\"index, follow, max-snippet:-1, max-image-preview:large, max-video-preview:-1\" \/>\n<link rel=\"canonical\" href=\"https:\/\/guvenaksaray.com\/bobinaj\/urun-gruplarimiz\/\" \/>\n<meta property=\"og:locale\" content=\"tr_TR\" \/>\n<meta property=\"og:type\" content=\"article\" \/>\n<meta property=\"og:title\" content=\"\u00dcr\u00fcn Gruplar\u0131m\u0131z - G\u00fcven Elektrik Bobinaj\" \/>\n<meta property=\"og:description\" content=\"\u00dcr\u00fcn Gruplar\u0131m\u0131z Hidroforlar Dalg\u0131\u00e7 Pompalar Drenaj Pompalar Dalg\u0131\u00e7 Motorlar Santrif\u00fcj Pompa\" \/>\n<meta property=\"og:url\" content=\"https:\/\/guvenaksaray.com\/bobinaj\/urun-gruplarimiz\/\" \/>\n<meta property=\"og:site_name\" content=\"G\u00fcven Elektrik Bobinaj\" \/>\n<meta property=\"article:modified_time\" content=\"2023-09-03T11:02:07+00:00\" \/>\n<meta property=\"og:image\" content=\"http:\/\/guvenaksaray.com\/bobinaj\/wp-content\/uploads\/2023\/08\/hidrofor__1_-removebg-preview.png\" \/>\n<meta name=\"twitter:card\" content=\"summary_large_image\" \/>\n<meta name=\"twitter:label1\" content=\"Tahmini okuma s\u00fcresi\" \/>\n\t<meta name=\"twitter:data1\" content=\"2 dakika\" \/>\n<script type=\"application\/ld+json\" class=\"yoast-schema-graph\">{\"@context\":\"https:\/\/schema.org\",\"@graph\":[{\"@type\":\"WebPage\",\"@id\":\"https:\/\/guvenaksaray.com\/bobinaj\/urun-gruplarimiz\/\",\"url\":\"https:\/\/guvenaksaray.com\/bobinaj\/urun-gruplarimiz\/\",\"name\":\"\u00dcr\u00fcn Gruplar\u0131m\u0131z - G\u00fcven Elektrik Bobinaj\",\"isPartOf\":{\"@id\":\"https:\/\/guvenaksaray.com\/bobinaj\/#website\"},\"datePublished\":\"2023-08-28T23:18:57+00:00\",\"dateModified\":\"2023-09-03T11:02:07+00:00\",\"breadcrumb\":{\"@id\":\"https:\/\/guvenaksaray.com\/bobinaj\/urun-gruplarimiz\/#breadcrumb\"},\"inLanguage\":\"tr\",\"potentialAction\":[{\"@type\":\"ReadAction\",\"target\":[\"https:\/\/guvenaksaray.com\/bobinaj\/urun-gruplarimiz\/\"]}]},{\"@type\":\"BreadcrumbList\",\"@id\":\"https:\/\/guvenaksaray.com\/bobinaj\/urun-gruplarimiz\/#breadcrumb\",\"itemListElement\":[{\"@type\":\"ListItem\",\"position\":1,\"name\":\"Anasayfa\",\"item\":\"https:\/\/guvenaksaray.com\/bobinaj\/\"},{\"@type\":\"ListItem\",\"position\":2,\"name\":\"\u00dcr\u00fcn Gruplar\u0131m\u0131z\"}]},{\"@type\":\"WebSite\",\"@id\":\"https:\/\/guvenaksaray.com\/bobinaj\/#website\",\"url\":\"https:\/\/guvenaksaray.com\/bobinaj\/\",\"name\":\"G\u00fcven Elektrik Bobinaj\",\"description\":\"\",\"publisher\":{\"@id\":\"https:\/\/guvenaksaray.com\/bobinaj\/#organization\"},\"potentialAction\":[{\"@type\":\"SearchAction\",\"target\":{\"@type\":\"EntryPoint\",\"urlTemplate\":\"https:\/\/guvenaksaray.com\/bobinaj\/?s={search_term_string}\"},\"query-input\":\"required name=search_term_string\"}],\"inLanguage\":\"tr\"},{\"@type\":\"Organization\",\"@id\":\"https:\/\/guvenaksaray.com\/bobinaj\/#organization\",\"name\":\"G\u00fcven Elektrik Bobinaj\",\"url\":\"https:\/\/guvenaksaray.com\/bobinaj\/\",\"logo\":{\"@type\":\"ImageObject\",\"inLanguage\":\"tr\",\"@id\":\"https:\/\/guvenaksaray.com\/bobinaj\/#\/schema\/logo\/image\/\",\"url\":\"https:\/\/guvenaksaray.com\/bobinaj\/wp-content\/uploads\/2023\/08\/cropped-logo_header1.png\",\"contentUrl\":\"https:\/\/guvenaksaray.com\/bobinaj\/wp-content\/uploads\/2023\/08\/cropped-logo_header1.png\",\"width\":596,\"height\":148,\"caption\":\"G\u00fcven Elektrik Bobinaj\"},\"image\":{\"@id\":\"https:\/\/guvenaksaray.com\/bobinaj\/#\/schema\/logo\/image\/\"}}]}<\/script>\n<!-- \/ Yoast SEO plugin. -->","yoast_head_json":{"title":"\u00dcr\u00fcn Gruplar\u0131m\u0131z - G\u00fcven Elektrik Bobinaj","robots":{"index":"index","follow":"follow","max-snippet":"max-snippet:-1","max-image-preview":"max-image-preview:large","max-video-preview":"max-video-preview:-1"},"canonical":"https:\/\/guvenaksaray.com\/bobinaj\/urun-gruplarimiz\/","og_locale":"tr_TR","og_type":"article","og_title":"\u00dcr\u00fcn Gruplar\u0131m\u0131z - G\u00fcven Elektrik Bobinaj","og_description":"\u00dcr\u00fcn Gruplar\u0131m\u0131z Hidroforlar Dalg\u0131\u00e7 Pompalar Drenaj Pompalar Dalg\u0131\u00e7 Motorlar Santrif\u00fcj Pompa","og_url":"https:\/\/guvenaksaray.com\/bobinaj\/urun-gruplarimiz\/","og_site_name":"G\u00fcven Elektrik Bobinaj","article_modified_time":"2023-09-03T11:02:07+00:00","og_image":[{"url":"http:\/\/guvenaksaray.com\/bobinaj\/wp-content\/uploads\/2023\/08\/hidrofor__1_-removebg-preview.png"}],"twitter_card":"summary_large_image","twitter_misc":{"Tahmini okuma s\u00fcresi":"2 dakika"},"schema":{"@context":"https:\/\/schema.org","@graph":[{"@type":"WebPage","@id":"https:\/\/guvenaksaray.com\/bobinaj\/urun-gruplarimiz\/","url":"https:\/\/guvenaksaray.com\/bobinaj\/urun-gruplarimiz\/","name":"\u00dcr\u00fcn Gruplar\u0131m\u0131z - G\u00fcven Elektrik Bobinaj","isPartOf":{"@id":"https:\/\/guvenaksaray.com\/bobinaj\/#website"},"datePublished":"2023-08-28T23:18:57+00:00","dateModified":"2023-09-03T11:02:07+00:00","breadcrumb":{"@id":"https:\/\/guvenaksaray.com\/bobinaj\/urun-gruplarimiz\/#breadcrumb"},"inLanguage":"tr","potentialAction":[{"@type":"ReadAction","target":["https:\/\/guvenaksaray.com\/bobinaj\/urun-gruplarimiz\/"]}]},{"@type":"BreadcrumbList","@id":"https:\/\/guvenaksaray.com\/bobinaj\/urun-gruplarimiz\/#breadcrumb","itemListElement":[{"@type":"ListItem","position":1,"name":"Anasayfa","item":"https:\/\/guvenaksaray.com\/bobinaj\/"},{"@type":"ListItem","position":2,"name":"\u00dcr\u00fcn Gruplar\u0131m\u0131z"}]},{"@type":"WebSite","@id":"https:\/\/guvenaksaray.com\/bobinaj\/#website","url":"https:\/\/guvenaksaray.com\/bobinaj\/","name":"G\u00fcven Elektrik Bobinaj","description":"","publisher":{"@id":"https:\/\/guvenaksaray.com\/bobinaj\/#organization"},"potentialAction":[{"@type":"SearchAction","target":{"@type":"EntryPoint","urlTemplate":"https:\/\/guvenaksaray.com\/bobinaj\/?s={search_term_string}"},"query-input":"required name=search_term_string"}],"inLanguage":"tr"},{"@type":"Organization","@id":"https:\/\/guvenaksaray.com\/bobinaj\/#organization","name":"G\u00fcven Elektrik Bobinaj","url":"https:\/\/guvenaksaray.com\/bobinaj\/","logo":{"@type":"ImageObject","inLanguage":"tr","@id":"https:\/\/guvenaksaray.com\/bobinaj\/#\/schema\/logo\/image\/","url":"https:\/\/guvenaksaray.com\/bobinaj\/wp-content\/uploads\/2023\/08\/cropped-logo_header1.png","contentUrl":"https:\/\/guvenaksaray.com\/bobinaj\/wp-content\/uploads\/2023\/08\/cropped-logo_header1.png","width":596,"height":148,"caption":"G\u00fcven Elektrik Bobinaj"},"image":{"@id":"https:\/\/guvenaksaray.com\/bobinaj\/#\/schema\/logo\/image\/"}}]}},"_links":{"self":[{"href":"https:\/\/guvenaksaray.com\/bobinaj\/wp-json\/wp\/v2\/pages\/1081"}],"collection":[{"href":"https:\/\/guvenaksaray.com\/bobinaj\/wp-json\/wp\/v2\/pages"}],"about":[{"href":"https:\/\/guvenaksaray.com\/bobinaj\/wp-json\/wp\/v2\/types\/page"}],"author":[{"embeddable":true,"href":"https:\/\/guvenaksaray.com\/bobinaj\/wp-json\/wp\/v2\/users\/1"}],"replies":[{"embeddable":true,"href":"https:\/\/guvenaksaray.com\/bobinaj\/wp-json\/wp\/v2\/comments?post=1081"}],"version-history":[{"count":13,"href":"https:\/\/guvenaksaray.com\/bobinaj\/wp-json\/wp\/v2\/pages\/1081\/revisions"}],"predecessor-version":[{"id":1527,"href":"https:\/\/guvenaksaray.com\/bobinaj\/wp-json\/wp\/v2\/pages\/1081\/revisions\/1527"}],"wp:attachment":[{"href":"https:\/\/guvenaksaray.com\/bobinaj\/wp-json\/wp\/v2\/media?parent=1081"}],"curies":[{"name":"wp","href":"https:\/\/api.w.org\/{rel}","templated":true}]}}