{"id":1668,"date":"2023-09-09T19:17:06","date_gmt":"2023-09-09T16:17:06","guid":{"rendered":"http:\/\/guvenaksaray.com\/bobinaj\/?page_id=1668"},"modified":"2023-09-09T20:54:43","modified_gmt":"2023-09-09T17:54:43","slug":"dc-motor-sarimi","status":"publish","type":"page","link":"https:\/\/guvenaksaray.com\/bobinaj\/dc-motor-sarimi\/","title":{"rendered":"Dc Motor Sar\u0131m\u0131"},"content":{"rendered":"\t\t<div data-elementor-type=\"wp-page\" data-elementor-id=\"1668\" class=\"elementor elementor-1668\">\n\t\t\t\t\t\t\t\t\t<section class=\"elementor-section elementor-top-section elementor-element elementor-element-6f9bd9b elementor-section-full_width elementor-section-height-default elementor-section-height-default\" data-id=\"6f9bd9b\" data-element_type=\"section\" data-settings=\"{&quot;background_background&quot;:&quot;classic&quot;}\">\n\t\t\t\t\t\t\t<div class=\"elementor-background-overlay\"><\/div>\n\t\t\t\t\t\t\t<div class=\"elementor-container elementor-column-gap-default\">\n\t\t\t\t\t<div class=\"elementor-column elementor-col-100 elementor-top-column elementor-element elementor-element-2bc917f\" data-id=\"2bc917f\" data-element_type=\"column\" data-settings=\"{&quot;background_background&quot;:&quot;classic&quot;}\">\n\t\t\t<div class=\"elementor-widget-wrap elementor-element-populated\">\n\t\t\t\t\t\t\t\t<div class=\"elementor-element elementor-element-a81168f elementor-widget elementor-widget-text-editor\" data-id=\"a81168f\" data-element_type=\"widget\" data-widget_type=\"text-editor.default\">\n\t\t\t\t<div class=\"elementor-widget-container\">\n\t\t\t<style>\/*! elementor - v3.15.0 - 20-08-2023 *\/\n.elementor-widget-text-editor.elementor-drop-cap-view-stacked .elementor-drop-cap{background-color:#69727d;color:#fff}.elementor-widget-text-editor.elementor-drop-cap-view-framed .elementor-drop-cap{color:#69727d;border:3px solid;background-color:transparent}.elementor-widget-text-editor:not(.elementor-drop-cap-view-default) .elementor-drop-cap{margin-top:8px}.elementor-widget-text-editor:not(.elementor-drop-cap-view-default) .elementor-drop-cap-letter{width:1em;height:1em}.elementor-widget-text-editor .elementor-drop-cap{float:left;text-align:center;line-height:1;font-size:50px}.elementor-widget-text-editor .elementor-drop-cap-letter{display:inline-block}<\/style>\t\t\t\tDc Motor Sar\u0131m\u0131\t\t\t\t\t\t<\/div>\n\t\t\t\t<\/div>\n\t\t\t\t\t<\/div>\n\t\t<\/div>\n\t\t\t\t\t\t\t<\/div>\n\t\t<\/section>\n\t\t\t\t<section class=\"elementor-section elementor-top-section elementor-element elementor-element-13013d7 elementor-section-boxed elementor-section-height-default elementor-section-height-default\" data-id=\"13013d7\" data-element_type=\"section\">\n\t\t\t\t\t\t<div class=\"elementor-container elementor-column-gap-default\">\n\t\t\t\t\t<div class=\"elementor-column elementor-col-100 elementor-top-column elementor-element elementor-element-c4b02c7\" data-id=\"c4b02c7\" data-element_type=\"column\">\n\t\t\t<div class=\"elementor-widget-wrap elementor-element-populated\">\n\t\t\t\t\t\t\t\t<section class=\"elementor-section elementor-inner-section elementor-element elementor-element-9ed77a9 elementor-section-boxed elementor-section-height-default elementor-section-height-default\" data-id=\"9ed77a9\" data-element_type=\"section\">\n\t\t\t\t\t\t<div class=\"elementor-container elementor-column-gap-default\">\n\t\t\t\t\t<div class=\"elementor-column elementor-col-50 elementor-inner-column elementor-element elementor-element-c33c3b3\" data-id=\"c33c3b3\" data-element_type=\"column\">\n\t\t\t<div class=\"elementor-widget-wrap elementor-element-populated\">\n\t\t\t\t\t\t\t\t<div class=\"elementor-element elementor-element-543a480 elementor-widget elementor-widget-text-editor\" data-id=\"543a480\" data-element_type=\"widget\" data-widget_type=\"text-editor.default\">\n\t\t\t\t<div class=\"elementor-widget-container\">\n\t\t\t\t\t\t\t<p><strong>G\u00fcven Elektrik Bobinaj &#8211; Aksaray&#8217;da DC Motor Sar\u0131m\u0131n\u0131n G\u00fcvencesi<\/strong><\/p><p>Elektrik motorlar\u0131, bir\u00e7ok end\u00fcstri ve uygulama i\u00e7in vazge\u00e7ilmezdir ve \u00f6zellikle DC (do\u011fru ak\u0131m) motorlar, hassas h\u0131z kontrol\u00fc gerektiren yerlerde yayg\u0131n olarak kullan\u0131l\u0131r. Bu motorlar\u0131n d\u00fczg\u00fcn \u00e7al\u0131\u015fmas\u0131, i\u015f s\u00fcreklili\u011fi ve verimlili\u011fi i\u00e7in kritik \u00f6neme sahiptir. G\u00fcven Elektrik Bobinaj olarak, Aksaray&#8217;da DC motorlar\u0131n\u0131z\u0131n sar\u0131m\u0131 konusunda uzman\u0131z.<\/p><p><strong>DC Motor Sar\u0131m\u0131 Nedir?<\/strong><\/p><ul><li><p><strong>DC Motorlar:<\/strong> DC motorlar, do\u011fru ak\u0131m elektrikle \u00e7al\u0131\u015fan motorlard\u0131r ve bir\u00e7ok end\u00fcstriyel uygulama i\u00e7in idealdir. Ancak zaman i\u00e7inde sar\u0131mlar a\u015f\u0131nabilir veya hasar g\u00f6rebilir. Bu nedenle, d\u00fczenli bak\u0131m ve sar\u0131m gerektirebilirler.<\/p><\/li><li><p><strong>DC Motor Sar\u0131m\u0131:<\/strong> DC motor sar\u0131m\u0131, motorun sarg\u0131lar\u0131n\u0131n onar\u0131lmas\u0131 veya yeniden sar\u0131lmas\u0131 i\u015flemidir. Bu, motorun tekrar verimli bir \u015fekilde \u00e7al\u0131\u015fmas\u0131n\u0131 sa\u011flar.<\/p><\/li><\/ul>\t\t\t\t\t\t<\/div>\n\t\t\t\t<\/div>\n\t\t\t\t\t<\/div>\n\t\t<\/div>\n\t\t\t\t<div class=\"elementor-column elementor-col-50 elementor-inner-column elementor-element elementor-element-dc8bdb7\" data-id=\"dc8bdb7\" data-element_type=\"column\">\n\t\t\t<div class=\"elementor-widget-wrap elementor-element-populated\">\n\t\t\t\t\t\t\t\t<div class=\"elementor-element elementor-element-10d2b68 elementor-widget elementor-widget-image\" data-id=\"10d2b68\" data-element_type=\"widget\" data-widget_type=\"image.default\">\n\t\t\t\t<div class=\"elementor-widget-container\">\n\t\t\t<style>\/*! elementor - v3.15.0 - 20-08-2023 *\/\n.elementor-widget-image{text-align:center}.elementor-widget-image a{display:inline-block}.elementor-widget-image a img[src$=\".svg\"]{width:48px}.elementor-widget-image img{vertical-align:middle;display:inline-block}<\/style>\t\t\t\t\t\t\t\t\t\t\t\t<img decoding=\"async\" loading=\"lazy\" width=\"909\" height=\"684\" src=\"https:\/\/guvenaksaray.com\/bobinaj\/wp-content\/uploads\/2023\/09\/dc-motor-sarimi-cropp.jpg\" class=\"attachment-large size-large wp-image-1721\" alt=\"\" srcset=\"https:\/\/guvenaksaray.com\/bobinaj\/wp-content\/uploads\/2023\/09\/dc-motor-sarimi-cropp.jpg 909w, https:\/\/guvenaksaray.com\/bobinaj\/wp-content\/uploads\/2023\/09\/dc-motor-sarimi-cropp-300x226.jpg 300w, https:\/\/guvenaksaray.com\/bobinaj\/wp-content\/uploads\/2023\/09\/dc-motor-sarimi-cropp-768x578.jpg 768w\" sizes=\"(max-width: 909px) 100vw, 909px\" \/>\t\t\t\t\t\t\t\t\t\t\t\t\t\t\t<\/div>\n\t\t\t\t<\/div>\n\t\t\t\t\t<\/div>\n\t\t<\/div>\n\t\t\t\t\t\t\t<\/div>\n\t\t<\/section>\n\t\t\t\t\t<\/div>\n\t\t<\/div>\n\t\t\t\t\t\t\t<\/div>\n\t\t<\/section>\n\t\t\t\t\t\t\t<\/div>\n\t\t","protected":false},"excerpt":{"rendered":"<p>Dc Motor Sar\u0131m\u0131 G\u00fcven Elektrik Bobinaj &#8211; Aksaray&#8217;da DC Motor Sar\u0131m\u0131n\u0131n G\u00fcvencesi Elektrik motorlar\u0131, bir\u00e7ok end\u00fcstri ve uygulama i\u00e7in vazge\u00e7ilmezdir ve \u00f6zellikle DC (do\u011fru ak\u0131m) motorlar, hassas h\u0131z kontrol\u00fc gerektiren yerlerde yayg\u0131n olarak kullan\u0131l\u0131r. Bu motorlar\u0131n d\u00fczg\u00fcn \u00e7al\u0131\u015fmas\u0131, i\u015f s\u00fcreklili\u011fi ve verimlili\u011fi i\u00e7in kritik \u00f6neme sahiptir. G\u00fcven Elektrik Bobinaj olarak, Aksaray&#8217;da DC motorlar\u0131n\u0131z\u0131n sar\u0131m\u0131 konusunda &hellip;<\/p>\n<p class=\"read-more\"> <a class=\"\" href=\"https:\/\/guvenaksaray.com\/bobinaj\/dc-motor-sarimi\/\"> <span class=\"screen-reader-text\">Dc Motor Sar\u0131m\u0131<\/span> Devam\u0131 &raquo;<\/a><\/p>\n","protected":false},"author":1,"featured_media":0,"parent":0,"menu_order":0,"comment_status":"closed","ping_status":"closed","template":"","meta":{"site-sidebar-layout":"no-sidebar","site-content-layout":"page-builder","ast-site-content-layout":"full-width-container","site-content-style":"unboxed","site-sidebar-style":"unboxed","ast-global-header-display":"","ast-banner-title-visibility":"","ast-main-header-display":"","ast-hfb-above-header-display":"","ast-hfb-below-header-display":"","ast-hfb-mobile-header-display":"","site-post-title":"disabled","ast-breadcrumbs-content":"","ast-featured-img":"disabled","footer-sml-layout":"","theme-transparent-header-meta":"enabled","adv-header-id-meta":"","stick-header-meta":"","header-above-stick-meta":"","header-main-stick-meta":"","header-below-stick-meta":"","astra-migrate-meta-layouts":"set","footnotes":""},"yoast_head":"<!-- This site is optimized with the Yoast SEO plugin v21.2 - https:\/\/yoast.com\/wordpress\/plugins\/seo\/ -->\n<title>Dc Motor Sar\u0131m\u0131 - G\u00fcven Elektrik Bobinaj<\/title>\n<meta name=\"robots\" content=\"index, follow, max-snippet:-1, max-image-preview:large, max-video-preview:-1\" \/>\n<link rel=\"canonical\" href=\"https:\/\/guvenaksaray.com\/bobinaj\/dc-motor-sarimi\/\" \/>\n<meta property=\"og:locale\" content=\"tr_TR\" \/>\n<meta property=\"og:type\" content=\"article\" \/>\n<meta property=\"og:title\" content=\"Dc Motor Sar\u0131m\u0131 - G\u00fcven Elektrik Bobinaj\" \/>\n<meta property=\"og:description\" content=\"Dc Motor Sar\u0131m\u0131 G\u00fcven Elektrik Bobinaj &#8211; Aksaray&#8217;da DC Motor Sar\u0131m\u0131n\u0131n G\u00fcvencesi Elektrik motorlar\u0131, bir\u00e7ok end\u00fcstri ve uygulama i\u00e7in vazge\u00e7ilmezdir ve \u00f6zellikle DC (do\u011fru ak\u0131m) motorlar, hassas h\u0131z kontrol\u00fc gerektiren yerlerde yayg\u0131n olarak kullan\u0131l\u0131r. Bu motorlar\u0131n d\u00fczg\u00fcn \u00e7al\u0131\u015fmas\u0131, i\u015f s\u00fcreklili\u011fi ve verimlili\u011fi i\u00e7in kritik \u00f6neme sahiptir. G\u00fcven Elektrik Bobinaj olarak, Aksaray&#8217;da DC motorlar\u0131n\u0131z\u0131n sar\u0131m\u0131 konusunda &hellip; Dc Motor Sar\u0131m\u0131 Devam\u0131 &raquo;\" \/>\n<meta property=\"og:url\" content=\"https:\/\/guvenaksaray.com\/bobinaj\/dc-motor-sarimi\/\" \/>\n<meta property=\"og:site_name\" content=\"G\u00fcven Elektrik Bobinaj\" \/>\n<meta property=\"article:modified_time\" content=\"2023-09-09T17:54:43+00:00\" \/>\n<meta property=\"og:image\" content=\"http:\/\/guvenaksaray.com\/bobinaj\/wp-content\/uploads\/2023\/09\/dc-motor-sarimi-cropp.jpg\" \/>\n<meta name=\"twitter:card\" content=\"summary_large_image\" \/>\n<meta name=\"twitter:label1\" content=\"Tahmini okuma s\u00fcresi\" \/>\n\t<meta name=\"twitter:data1\" content=\"4 dakika\" \/>\n<script type=\"application\/ld+json\" class=\"yoast-schema-graph\">{\"@context\":\"https:\/\/schema.org\",\"@graph\":[{\"@type\":\"WebPage\",\"@id\":\"https:\/\/guvenaksaray.com\/bobinaj\/dc-motor-sarimi\/\",\"url\":\"https:\/\/guvenaksaray.com\/bobinaj\/dc-motor-sarimi\/\",\"name\":\"Dc Motor Sar\u0131m\u0131 - G\u00fcven Elektrik Bobinaj\",\"isPartOf\":{\"@id\":\"https:\/\/guvenaksaray.com\/bobinaj\/#website\"},\"datePublished\":\"2023-09-09T16:17:06+00:00\",\"dateModified\":\"2023-09-09T17:54:43+00:00\",\"breadcrumb\":{\"@id\":\"https:\/\/guvenaksaray.com\/bobinaj\/dc-motor-sarimi\/#breadcrumb\"},\"inLanguage\":\"tr\",\"potentialAction\":[{\"@type\":\"ReadAction\",\"target\":[\"https:\/\/guvenaksaray.com\/bobinaj\/dc-motor-sarimi\/\"]}]},{\"@type\":\"BreadcrumbList\",\"@id\":\"https:\/\/guvenaksaray.com\/bobinaj\/dc-motor-sarimi\/#breadcrumb\",\"itemListElement\":[{\"@type\":\"ListItem\",\"position\":1,\"name\":\"Anasayfa\",\"item\":\"https:\/\/guvenaksaray.com\/bobinaj\/\"},{\"@type\":\"ListItem\",\"position\":2,\"name\":\"Dc Motor Sar\u0131m\u0131\"}]},{\"@type\":\"WebSite\",\"@id\":\"https:\/\/guvenaksaray.com\/bobinaj\/#website\",\"url\":\"https:\/\/guvenaksaray.com\/bobinaj\/\",\"name\":\"G\u00fcven Elektrik Bobinaj\",\"description\":\"\",\"publisher\":{\"@id\":\"https:\/\/guvenaksaray.com\/bobinaj\/#organization\"},\"potentialAction\":[{\"@type\":\"SearchAction\",\"target\":{\"@type\":\"EntryPoint\",\"urlTemplate\":\"https:\/\/guvenaksaray.com\/bobinaj\/?s={search_term_string}\"},\"query-input\":\"required name=search_term_string\"}],\"inLanguage\":\"tr\"},{\"@type\":\"Organization\",\"@id\":\"https:\/\/guvenaksaray.com\/bobinaj\/#organization\",\"name\":\"G\u00fcven Elektrik Bobinaj\",\"url\":\"https:\/\/guvenaksaray.com\/bobinaj\/\",\"logo\":{\"@type\":\"ImageObject\",\"inLanguage\":\"tr\",\"@id\":\"https:\/\/guvenaksaray.com\/bobinaj\/#\/schema\/logo\/image\/\",\"url\":\"https:\/\/guvenaksaray.com\/bobinaj\/wp-content\/uploads\/2023\/08\/cropped-logo_header1.png\",\"contentUrl\":\"https:\/\/guvenaksaray.com\/bobinaj\/wp-content\/uploads\/2023\/08\/cropped-logo_header1.png\",\"width\":596,\"height\":148,\"caption\":\"G\u00fcven Elektrik Bobinaj\"},\"image\":{\"@id\":\"https:\/\/guvenaksaray.com\/bobinaj\/#\/schema\/logo\/image\/\"}}]}<\/script>\n<!-- \/ Yoast SEO plugin. -->","yoast_head_json":{"title":"Dc Motor Sar\u0131m\u0131 - G\u00fcven Elektrik Bobinaj","robots":{"index":"index","follow":"follow","max-snippet":"max-snippet:-1","max-image-preview":"max-image-preview:large","max-video-preview":"max-video-preview:-1"},"canonical":"https:\/\/guvenaksaray.com\/bobinaj\/dc-motor-sarimi\/","og_locale":"tr_TR","og_type":"article","og_title":"Dc Motor Sar\u0131m\u0131 - G\u00fcven Elektrik Bobinaj","og_description":"Dc Motor Sar\u0131m\u0131 G\u00fcven Elektrik Bobinaj &#8211; Aksaray&#8217;da DC Motor Sar\u0131m\u0131n\u0131n G\u00fcvencesi Elektrik motorlar\u0131, bir\u00e7ok end\u00fcstri ve uygulama i\u00e7in vazge\u00e7ilmezdir ve \u00f6zellikle DC (do\u011fru ak\u0131m) motorlar, hassas h\u0131z kontrol\u00fc gerektiren yerlerde yayg\u0131n olarak kullan\u0131l\u0131r. Bu motorlar\u0131n d\u00fczg\u00fcn \u00e7al\u0131\u015fmas\u0131, i\u015f s\u00fcreklili\u011fi ve verimlili\u011fi i\u00e7in kritik \u00f6neme sahiptir. G\u00fcven Elektrik Bobinaj olarak, Aksaray&#8217;da DC motorlar\u0131n\u0131z\u0131n sar\u0131m\u0131 konusunda &hellip; Dc Motor Sar\u0131m\u0131 Devam\u0131 &raquo;","og_url":"https:\/\/guvenaksaray.com\/bobinaj\/dc-motor-sarimi\/","og_site_name":"G\u00fcven Elektrik Bobinaj","article_modified_time":"2023-09-09T17:54:43+00:00","og_image":[{"url":"http:\/\/guvenaksaray.com\/bobinaj\/wp-content\/uploads\/2023\/09\/dc-motor-sarimi-cropp.jpg"}],"twitter_card":"summary_large_image","twitter_misc":{"Tahmini okuma s\u00fcresi":"4 dakika"},"schema":{"@context":"https:\/\/schema.org","@graph":[{"@type":"WebPage","@id":"https:\/\/guvenaksaray.com\/bobinaj\/dc-motor-sarimi\/","url":"https:\/\/guvenaksaray.com\/bobinaj\/dc-motor-sarimi\/","name":"Dc Motor Sar\u0131m\u0131 - G\u00fcven Elektrik Bobinaj","isPartOf":{"@id":"https:\/\/guvenaksaray.com\/bobinaj\/#website"},"datePublished":"2023-09-09T16:17:06+00:00","dateModified":"2023-09-09T17:54:43+00:00","breadcrumb":{"@id":"https:\/\/guvenaksaray.com\/bobinaj\/dc-motor-sarimi\/#breadcrumb"},"inLanguage":"tr","potentialAction":[{"@type":"ReadAction","target":["https:\/\/guvenaksaray.com\/bobinaj\/dc-motor-sarimi\/"]}]},{"@type":"BreadcrumbList","@id":"https:\/\/guvenaksaray.com\/bobinaj\/dc-motor-sarimi\/#breadcrumb","itemListElement":[{"@type":"ListItem","position":1,"name":"Anasayfa","item":"https:\/\/guvenaksaray.com\/bobinaj\/"},{"@type":"ListItem","position":2,"name":"Dc Motor Sar\u0131m\u0131"}]},{"@type":"WebSite","@id":"https:\/\/guvenaksaray.com\/bobinaj\/#website","url":"https:\/\/guvenaksaray.com\/bobinaj\/","name":"G\u00fcven Elektrik Bobinaj","description":"","publisher":{"@id":"https:\/\/guvenaksaray.com\/bobinaj\/#organization"},"potentialAction":[{"@type":"SearchAction","target":{"@type":"EntryPoint","urlTemplate":"https:\/\/guvenaksaray.com\/bobinaj\/?s={search_term_string}"},"query-input":"required name=search_term_string"}],"inLanguage":"tr"},{"@type":"Organization","@id":"https:\/\/guvenaksaray.com\/bobinaj\/#organization","name":"G\u00fcven Elektrik Bobinaj","url":"https:\/\/guvenaksaray.com\/bobinaj\/","logo":{"@type":"ImageObject","inLanguage":"tr","@id":"https:\/\/guvenaksaray.com\/bobinaj\/#\/schema\/logo\/image\/","url":"https:\/\/guvenaksaray.com\/bobinaj\/wp-content\/uploads\/2023\/08\/cropped-logo_header1.png","contentUrl":"https:\/\/guvenaksaray.com\/bobinaj\/wp-content\/uploads\/2023\/08\/cropped-logo_header1.png","width":596,"height":148,"caption":"G\u00fcven Elektrik Bobinaj"},"image":{"@id":"https:\/\/guvenaksaray.com\/bobinaj\/#\/schema\/logo\/image\/"}}]}},"_links":{"self":[{"href":"https:\/\/guvenaksaray.com\/bobinaj\/wp-json\/wp\/v2\/pages\/1668"}],"collection":[{"href":"https:\/\/guvenaksaray.com\/bobinaj\/wp-json\/wp\/v2\/pages"}],"about":[{"href":"https:\/\/guvenaksaray.com\/bobinaj\/wp-json\/wp\/v2\/types\/page"}],"author":[{"embeddable":true,"href":"https:\/\/guvenaksaray.com\/bobinaj\/wp-json\/wp\/v2\/users\/1"}],"replies":[{"embeddable":true,"href":"https:\/\/guvenaksaray.com\/bobinaj\/wp-json\/wp\/v2\/comments?post=1668"}],"version-history":[{"count":4,"href":"https:\/\/guvenaksaray.com\/bobinaj\/wp-json\/wp\/v2\/pages\/1668\/revisions"}],"predecessor-version":[{"id":1772,"href":"https:\/\/guvenaksaray.com\/bobinaj\/wp-json\/wp\/v2\/pages\/1668\/revisions\/1772"}],"wp:attachment":[{"href":"https:\/\/guvenaksaray.com\/bobinaj\/wp-json\/wp\/v2\/media?parent=1668"}],"curies":[{"name":"wp","href":"https:\/\/api.w.org\/{rel}","templated":true}]}}