{"id":1675,"date":"2023-09-09T19:19:19","date_gmt":"2023-09-09T16:19:19","guid":{"rendered":"http:\/\/guvenaksaray.com\/bobinaj\/?page_id=1675"},"modified":"2023-09-09T20:59:44","modified_gmt":"2023-09-09T17:59:44","slug":"el-aletleri-tamir-bakim","status":"publish","type":"page","link":"https:\/\/guvenaksaray.com\/bobinaj\/el-aletleri-tamir-bakim\/","title":{"rendered":"El Aletleri Tamir Bak\u0131m"},"content":{"rendered":"\t\t<div data-elementor-type=\"wp-page\" data-elementor-id=\"1675\" class=\"elementor elementor-1675\">\n\t\t\t\t\t\t\t\t\t<section class=\"elementor-section elementor-top-section elementor-element elementor-element-6f9bd9b elementor-section-full_width elementor-section-height-default elementor-section-height-default\" data-id=\"6f9bd9b\" data-element_type=\"section\" data-settings=\"{&quot;background_background&quot;:&quot;classic&quot;}\">\n\t\t\t\t\t\t\t<div class=\"elementor-background-overlay\"><\/div>\n\t\t\t\t\t\t\t<div class=\"elementor-container elementor-column-gap-default\">\n\t\t\t\t\t<div class=\"elementor-column elementor-col-100 elementor-top-column elementor-element elementor-element-2bc917f\" data-id=\"2bc917f\" data-element_type=\"column\" data-settings=\"{&quot;background_background&quot;:&quot;classic&quot;}\">\n\t\t\t<div class=\"elementor-widget-wrap elementor-element-populated\">\n\t\t\t\t\t\t\t\t<div class=\"elementor-element elementor-element-6902926 elementor-widget elementor-widget-text-editor\" data-id=\"6902926\" data-element_type=\"widget\" data-widget_type=\"text-editor.default\">\n\t\t\t\t<div class=\"elementor-widget-container\">\n\t\t\t<style>\/*! elementor - v3.15.0 - 20-08-2023 *\/\n.elementor-widget-text-editor.elementor-drop-cap-view-stacked .elementor-drop-cap{background-color:#69727d;color:#fff}.elementor-widget-text-editor.elementor-drop-cap-view-framed .elementor-drop-cap{color:#69727d;border:3px solid;background-color:transparent}.elementor-widget-text-editor:not(.elementor-drop-cap-view-default) .elementor-drop-cap{margin-top:8px}.elementor-widget-text-editor:not(.elementor-drop-cap-view-default) .elementor-drop-cap-letter{width:1em;height:1em}.elementor-widget-text-editor .elementor-drop-cap{float:left;text-align:center;line-height:1;font-size:50px}.elementor-widget-text-editor .elementor-drop-cap-letter{display:inline-block}<\/style>\t\t\t\tEl Aletleri Tamir Bak\u0131m\t\t\t\t\t\t<\/div>\n\t\t\t\t<\/div>\n\t\t\t\t\t<\/div>\n\t\t<\/div>\n\t\t\t\t\t\t\t<\/div>\n\t\t<\/section>\n\t\t\t\t<section class=\"elementor-section elementor-top-section elementor-element elementor-element-13013d7 elementor-section-boxed elementor-section-height-default elementor-section-height-default\" data-id=\"13013d7\" data-element_type=\"section\">\n\t\t\t\t\t\t<div class=\"elementor-container elementor-column-gap-default\">\n\t\t\t\t\t<div class=\"elementor-column elementor-col-100 elementor-top-column elementor-element elementor-element-c4b02c7\" data-id=\"c4b02c7\" data-element_type=\"column\">\n\t\t\t<div class=\"elementor-widget-wrap elementor-element-populated\">\n\t\t\t\t\t\t\t\t<section class=\"elementor-section elementor-inner-section elementor-element elementor-element-9ed77a9 elementor-section-boxed elementor-section-height-default elementor-section-height-default\" data-id=\"9ed77a9\" data-element_type=\"section\">\n\t\t\t\t\t\t<div class=\"elementor-container elementor-column-gap-default\">\n\t\t\t\t\t<div class=\"elementor-column elementor-col-50 elementor-inner-column elementor-element elementor-element-c33c3b3\" data-id=\"c33c3b3\" data-element_type=\"column\">\n\t\t\t<div class=\"elementor-widget-wrap elementor-element-populated\">\n\t\t\t\t\t\t\t\t<div class=\"elementor-element elementor-element-543a480 elementor-widget elementor-widget-text-editor\" data-id=\"543a480\" data-element_type=\"widget\" data-widget_type=\"text-editor.default\">\n\t\t\t\t<div class=\"elementor-widget-container\">\n\t\t\t\t\t\t\t<p><strong>G\u00fcven Elektrik Bobinaj &#8211; Aksaray&#8217;da El Aletleri Tamir ve Bak\u0131m Uzman\u0131<\/strong><\/p><p>El aletleri, i\u015fimizi kolayla\u015ft\u0131ran g\u00fcnl\u00fck yard\u0131mc\u0131lar\u0131m\u0131zd\u0131r. Ancak ne kadar dayan\u0131kl\u0131 olurlarsa olsunlar, zaman i\u00e7inde bak\u0131ma ve onar\u0131ma ihtiya\u00e7 duyarlar. \u0130\u015fte tam bu noktada G\u00fcven Elektrik Bobinaj, Aksaray&#8217;da el aletlerinizin tamiri ve bak\u0131m\u0131 konusunda uzmand\u0131r.<\/p><p><strong>El Aletleri Tamiri ve Bak\u0131m\u0131 Nedir?<\/strong><\/p><ul><li><p><strong>El Aletleri:<\/strong> \u00c7eki\u00e7ler, tornavidalar, matkaplar, testereler ve daha fazlas\u0131 &#8211; bu aletler g\u00fcnl\u00fck i\u015flerimizi kolayla\u015ft\u0131r\u0131r. Ancak d\u00fczenli bak\u0131m ve zaman zaman tamirat gerektirirler.<\/p><\/li><li><p><strong>El Aletleri Tamiri:<\/strong> Hasarl\u0131 veya ar\u0131zal\u0131 el aletlerinin tamirat\u0131, aletlerin i\u015flevselli\u011fini geri kazand\u0131rmay\u0131 ama\u00e7lar. Par\u00e7alar\u0131n onar\u0131lmas\u0131 veya de\u011fi\u015ftirilmesi i\u015flemi bu kapsamda yer al\u0131r.<\/p><\/li><li><p><strong>El Aletleri Bak\u0131m\u0131:<\/strong> D\u00fczenli bak\u0131m, aletlerin daha uzun \u00f6m\u00fcrl\u00fc olmas\u0131n\u0131 ve daha verimli \u00e7al\u0131\u015fmas\u0131n\u0131 sa\u011flar. Temizlik, ya\u011flama ve a\u015f\u0131nm\u0131\u015f par\u00e7alar\u0131n de\u011fi\u015ftirilmesi, bak\u0131m\u0131n bir par\u00e7as\u0131d\u0131r<\/p><\/li><\/ul>\t\t\t\t\t\t<\/div>\n\t\t\t\t<\/div>\n\t\t\t\t\t<\/div>\n\t\t<\/div>\n\t\t\t\t<div class=\"elementor-column elementor-col-50 elementor-inner-column elementor-element elementor-element-dc8bdb7\" data-id=\"dc8bdb7\" data-element_type=\"column\">\n\t\t\t<div class=\"elementor-widget-wrap elementor-element-populated\">\n\t\t\t\t\t\t\t\t<div class=\"elementor-element elementor-element-10d2b68 elementor-widget elementor-widget-image\" data-id=\"10d2b68\" data-element_type=\"widget\" data-widget_type=\"image.default\">\n\t\t\t\t<div class=\"elementor-widget-container\">\n\t\t\t<style>\/*! elementor - v3.15.0 - 20-08-2023 *\/\n.elementor-widget-image{text-align:center}.elementor-widget-image a{display:inline-block}.elementor-widget-image a img[src$=\".svg\"]{width:48px}.elementor-widget-image img{vertical-align:middle;display:inline-block}<\/style>\t\t\t\t\t\t\t\t\t\t\t\t<img decoding=\"async\" loading=\"lazy\" width=\"1024\" height=\"770\" src=\"https:\/\/guvenaksaray.com\/bobinaj\/wp-content\/uploads\/2023\/09\/El-Aletleri-1024x878-crop.png\" class=\"attachment-large size-large wp-image-1749\" alt=\"\" srcset=\"https:\/\/guvenaksaray.com\/bobinaj\/wp-content\/uploads\/2023\/09\/El-Aletleri-1024x878-crop.png 1024w, https:\/\/guvenaksaray.com\/bobinaj\/wp-content\/uploads\/2023\/09\/El-Aletleri-1024x878-crop-300x226.png 300w, https:\/\/guvenaksaray.com\/bobinaj\/wp-content\/uploads\/2023\/09\/El-Aletleri-1024x878-crop-768x578.png 768w\" sizes=\"(max-width: 1024px) 100vw, 1024px\" \/>\t\t\t\t\t\t\t\t\t\t\t\t\t\t\t<\/div>\n\t\t\t\t<\/div>\n\t\t\t\t\t<\/div>\n\t\t<\/div>\n\t\t\t\t\t\t\t<\/div>\n\t\t<\/section>\n\t\t\t\t\t<\/div>\n\t\t<\/div>\n\t\t\t\t\t\t\t<\/div>\n\t\t<\/section>\n\t\t\t\t\t\t\t<\/div>\n\t\t","protected":false},"excerpt":{"rendered":"<p>El Aletleri Tamir Bak\u0131m G\u00fcven Elektrik Bobinaj &#8211; Aksaray&#8217;da El Aletleri Tamir ve Bak\u0131m Uzman\u0131 El aletleri, i\u015fimizi kolayla\u015ft\u0131ran g\u00fcnl\u00fck yard\u0131mc\u0131lar\u0131m\u0131zd\u0131r. Ancak ne kadar dayan\u0131kl\u0131 olurlarsa olsunlar, zaman i\u00e7inde bak\u0131ma ve onar\u0131ma ihtiya\u00e7 duyarlar. \u0130\u015fte tam bu noktada G\u00fcven Elektrik Bobinaj, Aksaray&#8217;da el aletlerinizin tamiri ve bak\u0131m\u0131 konusunda uzmand\u0131r. El Aletleri Tamiri ve Bak\u0131m\u0131 Nedir? &hellip;<\/p>\n<p class=\"read-more\"> <a class=\"\" href=\"https:\/\/guvenaksaray.com\/bobinaj\/el-aletleri-tamir-bakim\/\"> <span class=\"screen-reader-text\">El Aletleri Tamir Bak\u0131m<\/span> Devam\u0131 &raquo;<\/a><\/p>\n","protected":false},"author":1,"featured_media":0,"parent":0,"menu_order":0,"comment_status":"closed","ping_status":"closed","template":"","meta":{"site-sidebar-layout":"no-sidebar","site-content-layout":"page-builder","ast-site-content-layout":"full-width-container","site-content-style":"unboxed","site-sidebar-style":"unboxed","ast-global-header-display":"","ast-banner-title-visibility":"","ast-main-header-display":"","ast-hfb-above-header-display":"","ast-hfb-below-header-display":"","ast-hfb-mobile-header-display":"","site-post-title":"disabled","ast-breadcrumbs-content":"","ast-featured-img":"disabled","footer-sml-layout":"","theme-transparent-header-meta":"enabled","adv-header-id-meta":"","stick-header-meta":"","header-above-stick-meta":"","header-main-stick-meta":"","header-below-stick-meta":"","astra-migrate-meta-layouts":"set","footnotes":""},"yoast_head":"<!-- This site is optimized with the Yoast SEO plugin v21.2 - https:\/\/yoast.com\/wordpress\/plugins\/seo\/ -->\n<title>El Aletleri Tamir Bak\u0131m - G\u00fcven Elektrik Bobinaj<\/title>\n<meta name=\"robots\" content=\"index, follow, max-snippet:-1, max-image-preview:large, max-video-preview:-1\" \/>\n<link rel=\"canonical\" href=\"https:\/\/guvenaksaray.com\/bobinaj\/el-aletleri-tamir-bakim\/\" \/>\n<meta property=\"og:locale\" content=\"tr_TR\" \/>\n<meta property=\"og:type\" content=\"article\" \/>\n<meta property=\"og:title\" content=\"El Aletleri Tamir Bak\u0131m - G\u00fcven Elektrik Bobinaj\" \/>\n<meta property=\"og:description\" content=\"El Aletleri Tamir Bak\u0131m G\u00fcven Elektrik Bobinaj &#8211; Aksaray&#8217;da El Aletleri Tamir ve Bak\u0131m Uzman\u0131 El aletleri, i\u015fimizi kolayla\u015ft\u0131ran g\u00fcnl\u00fck yard\u0131mc\u0131lar\u0131m\u0131zd\u0131r. Ancak ne kadar dayan\u0131kl\u0131 olurlarsa olsunlar, zaman i\u00e7inde bak\u0131ma ve onar\u0131ma ihtiya\u00e7 duyarlar. \u0130\u015fte tam bu noktada G\u00fcven Elektrik Bobinaj, Aksaray&#8217;da el aletlerinizin tamiri ve bak\u0131m\u0131 konusunda uzmand\u0131r. El Aletleri Tamiri ve Bak\u0131m\u0131 Nedir? &hellip; El Aletleri Tamir Bak\u0131m Devam\u0131 &raquo;\" \/>\n<meta property=\"og:url\" content=\"https:\/\/guvenaksaray.com\/bobinaj\/el-aletleri-tamir-bakim\/\" \/>\n<meta property=\"og:site_name\" content=\"G\u00fcven Elektrik Bobinaj\" \/>\n<meta property=\"article:modified_time\" content=\"2023-09-09T17:59:44+00:00\" \/>\n<meta property=\"og:image\" content=\"http:\/\/guvenaksaray.com\/bobinaj\/wp-content\/uploads\/2023\/09\/El-Aletleri-1024x878-crop.png\" \/>\n<meta name=\"twitter:card\" content=\"summary_large_image\" \/>\n<meta name=\"twitter:label1\" content=\"Tahmini okuma s\u00fcresi\" \/>\n\t<meta name=\"twitter:data1\" content=\"4 dakika\" \/>\n<script type=\"application\/ld+json\" class=\"yoast-schema-graph\">{\"@context\":\"https:\/\/schema.org\",\"@graph\":[{\"@type\":\"WebPage\",\"@id\":\"https:\/\/guvenaksaray.com\/bobinaj\/el-aletleri-tamir-bakim\/\",\"url\":\"https:\/\/guvenaksaray.com\/bobinaj\/el-aletleri-tamir-bakim\/\",\"name\":\"El Aletleri Tamir Bak\u0131m - G\u00fcven Elektrik Bobinaj\",\"isPartOf\":{\"@id\":\"https:\/\/guvenaksaray.com\/bobinaj\/#website\"},\"datePublished\":\"2023-09-09T16:19:19+00:00\",\"dateModified\":\"2023-09-09T17:59:44+00:00\",\"breadcrumb\":{\"@id\":\"https:\/\/guvenaksaray.com\/bobinaj\/el-aletleri-tamir-bakim\/#breadcrumb\"},\"inLanguage\":\"tr\",\"potentialAction\":[{\"@type\":\"ReadAction\",\"target\":[\"https:\/\/guvenaksaray.com\/bobinaj\/el-aletleri-tamir-bakim\/\"]}]},{\"@type\":\"BreadcrumbList\",\"@id\":\"https:\/\/guvenaksaray.com\/bobinaj\/el-aletleri-tamir-bakim\/#breadcrumb\",\"itemListElement\":[{\"@type\":\"ListItem\",\"position\":1,\"name\":\"Anasayfa\",\"item\":\"https:\/\/guvenaksaray.com\/bobinaj\/\"},{\"@type\":\"ListItem\",\"position\":2,\"name\":\"El Aletleri Tamir Bak\u0131m\"}]},{\"@type\":\"WebSite\",\"@id\":\"https:\/\/guvenaksaray.com\/bobinaj\/#website\",\"url\":\"https:\/\/guvenaksaray.com\/bobinaj\/\",\"name\":\"G\u00fcven Elektrik Bobinaj\",\"description\":\"\",\"publisher\":{\"@id\":\"https:\/\/guvenaksaray.com\/bobinaj\/#organization\"},\"potentialAction\":[{\"@type\":\"SearchAction\",\"target\":{\"@type\":\"EntryPoint\",\"urlTemplate\":\"https:\/\/guvenaksaray.com\/bobinaj\/?s={search_term_string}\"},\"query-input\":\"required name=search_term_string\"}],\"inLanguage\":\"tr\"},{\"@type\":\"Organization\",\"@id\":\"https:\/\/guvenaksaray.com\/bobinaj\/#organization\",\"name\":\"G\u00fcven Elektrik Bobinaj\",\"url\":\"https:\/\/guvenaksaray.com\/bobinaj\/\",\"logo\":{\"@type\":\"ImageObject\",\"inLanguage\":\"tr\",\"@id\":\"https:\/\/guvenaksaray.com\/bobinaj\/#\/schema\/logo\/image\/\",\"url\":\"https:\/\/guvenaksaray.com\/bobinaj\/wp-content\/uploads\/2023\/08\/cropped-logo_header1.png\",\"contentUrl\":\"https:\/\/guvenaksaray.com\/bobinaj\/wp-content\/uploads\/2023\/08\/cropped-logo_header1.png\",\"width\":596,\"height\":148,\"caption\":\"G\u00fcven Elektrik Bobinaj\"},\"image\":{\"@id\":\"https:\/\/guvenaksaray.com\/bobinaj\/#\/schema\/logo\/image\/\"}}]}<\/script>\n<!-- \/ Yoast SEO plugin. -->","yoast_head_json":{"title":"El Aletleri Tamir Bak\u0131m - G\u00fcven Elektrik Bobinaj","robots":{"index":"index","follow":"follow","max-snippet":"max-snippet:-1","max-image-preview":"max-image-preview:large","max-video-preview":"max-video-preview:-1"},"canonical":"https:\/\/guvenaksaray.com\/bobinaj\/el-aletleri-tamir-bakim\/","og_locale":"tr_TR","og_type":"article","og_title":"El Aletleri Tamir Bak\u0131m - G\u00fcven Elektrik Bobinaj","og_description":"El Aletleri Tamir Bak\u0131m G\u00fcven Elektrik Bobinaj &#8211; Aksaray&#8217;da El Aletleri Tamir ve Bak\u0131m Uzman\u0131 El aletleri, i\u015fimizi kolayla\u015ft\u0131ran g\u00fcnl\u00fck yard\u0131mc\u0131lar\u0131m\u0131zd\u0131r. Ancak ne kadar dayan\u0131kl\u0131 olurlarsa olsunlar, zaman i\u00e7inde bak\u0131ma ve onar\u0131ma ihtiya\u00e7 duyarlar. \u0130\u015fte tam bu noktada G\u00fcven Elektrik Bobinaj, Aksaray&#8217;da el aletlerinizin tamiri ve bak\u0131m\u0131 konusunda uzmand\u0131r. El Aletleri Tamiri ve Bak\u0131m\u0131 Nedir? &hellip; El Aletleri Tamir Bak\u0131m Devam\u0131 &raquo;","og_url":"https:\/\/guvenaksaray.com\/bobinaj\/el-aletleri-tamir-bakim\/","og_site_name":"G\u00fcven Elektrik Bobinaj","article_modified_time":"2023-09-09T17:59:44+00:00","og_image":[{"url":"http:\/\/guvenaksaray.com\/bobinaj\/wp-content\/uploads\/2023\/09\/El-Aletleri-1024x878-crop.png"}],"twitter_card":"summary_large_image","twitter_misc":{"Tahmini okuma s\u00fcresi":"4 dakika"},"schema":{"@context":"https:\/\/schema.org","@graph":[{"@type":"WebPage","@id":"https:\/\/guvenaksaray.com\/bobinaj\/el-aletleri-tamir-bakim\/","url":"https:\/\/guvenaksaray.com\/bobinaj\/el-aletleri-tamir-bakim\/","name":"El Aletleri Tamir Bak\u0131m - G\u00fcven Elektrik Bobinaj","isPartOf":{"@id":"https:\/\/guvenaksaray.com\/bobinaj\/#website"},"datePublished":"2023-09-09T16:19:19+00:00","dateModified":"2023-09-09T17:59:44+00:00","breadcrumb":{"@id":"https:\/\/guvenaksaray.com\/bobinaj\/el-aletleri-tamir-bakim\/#breadcrumb"},"inLanguage":"tr","potentialAction":[{"@type":"ReadAction","target":["https:\/\/guvenaksaray.com\/bobinaj\/el-aletleri-tamir-bakim\/"]}]},{"@type":"BreadcrumbList","@id":"https:\/\/guvenaksaray.com\/bobinaj\/el-aletleri-tamir-bakim\/#breadcrumb","itemListElement":[{"@type":"ListItem","position":1,"name":"Anasayfa","item":"https:\/\/guvenaksaray.com\/bobinaj\/"},{"@type":"ListItem","position":2,"name":"El Aletleri Tamir Bak\u0131m"}]},{"@type":"WebSite","@id":"https:\/\/guvenaksaray.com\/bobinaj\/#website","url":"https:\/\/guvenaksaray.com\/bobinaj\/","name":"G\u00fcven Elektrik Bobinaj","description":"","publisher":{"@id":"https:\/\/guvenaksaray.com\/bobinaj\/#organization"},"potentialAction":[{"@type":"SearchAction","target":{"@type":"EntryPoint","urlTemplate":"https:\/\/guvenaksaray.com\/bobinaj\/?s={search_term_string}"},"query-input":"required name=search_term_string"}],"inLanguage":"tr"},{"@type":"Organization","@id":"https:\/\/guvenaksaray.com\/bobinaj\/#organization","name":"G\u00fcven Elektrik Bobinaj","url":"https:\/\/guvenaksaray.com\/bobinaj\/","logo":{"@type":"ImageObject","inLanguage":"tr","@id":"https:\/\/guvenaksaray.com\/bobinaj\/#\/schema\/logo\/image\/","url":"https:\/\/guvenaksaray.com\/bobinaj\/wp-content\/uploads\/2023\/08\/cropped-logo_header1.png","contentUrl":"https:\/\/guvenaksaray.com\/bobinaj\/wp-content\/uploads\/2023\/08\/cropped-logo_header1.png","width":596,"height":148,"caption":"G\u00fcven Elektrik Bobinaj"},"image":{"@id":"https:\/\/guvenaksaray.com\/bobinaj\/#\/schema\/logo\/image\/"}}]}},"_links":{"self":[{"href":"https:\/\/guvenaksaray.com\/bobinaj\/wp-json\/wp\/v2\/pages\/1675"}],"collection":[{"href":"https:\/\/guvenaksaray.com\/bobinaj\/wp-json\/wp\/v2\/pages"}],"about":[{"href":"https:\/\/guvenaksaray.com\/bobinaj\/wp-json\/wp\/v2\/types\/page"}],"author":[{"embeddable":true,"href":"https:\/\/guvenaksaray.com\/bobinaj\/wp-json\/wp\/v2\/users\/1"}],"replies":[{"embeddable":true,"href":"https:\/\/guvenaksaray.com\/bobinaj\/wp-json\/wp\/v2\/comments?post=1675"}],"version-history":[{"count":4,"href":"https:\/\/guvenaksaray.com\/bobinaj\/wp-json\/wp\/v2\/pages\/1675\/revisions"}],"predecessor-version":[{"id":1778,"href":"https:\/\/guvenaksaray.com\/bobinaj\/wp-json\/wp\/v2\/pages\/1675\/revisions\/1778"}],"wp:attachment":[{"href":"https:\/\/guvenaksaray.com\/bobinaj\/wp-json\/wp\/v2\/media?parent=1675"}],"curies":[{"name":"wp","href":"https:\/\/api.w.org\/{rel}","templated":true}]}}