{"id":1681,"date":"2023-09-09T19:20:15","date_gmt":"2023-09-09T16:20:15","guid":{"rendered":"http:\/\/guvenaksaray.com\/bobinaj\/?page_id=1681"},"modified":"2023-09-10T22:10:47","modified_gmt":"2023-09-10T19:10:47","slug":"hidrofor-tamir-bakim-onarim","status":"publish","type":"page","link":"https:\/\/guvenaksaray.com\/bobinaj\/hidrofor-tamir-bakim-onarim\/","title":{"rendered":"Hidrofor Tamir Bak\u0131m Onar\u0131m"},"content":{"rendered":"\t\t<div data-elementor-type=\"wp-page\" data-elementor-id=\"1681\" class=\"elementor elementor-1681\">\n\t\t\t\t\t\t\t\t\t<section class=\"elementor-section elementor-top-section elementor-element elementor-element-a200d7d elementor-section-full_width elementor-section-height-default elementor-section-height-default\" data-id=\"a200d7d\" data-element_type=\"section\" data-settings=\"{&quot;background_background&quot;:&quot;classic&quot;}\">\n\t\t\t\t\t\t\t<div class=\"elementor-background-overlay\"><\/div>\n\t\t\t\t\t\t\t<div class=\"elementor-container elementor-column-gap-default\">\n\t\t\t\t\t<div class=\"elementor-column elementor-col-100 elementor-top-column elementor-element elementor-element-53dd6a6\" data-id=\"53dd6a6\" data-element_type=\"column\" data-settings=\"{&quot;background_background&quot;:&quot;classic&quot;}\">\n\t\t\t<div class=\"elementor-widget-wrap elementor-element-populated\">\n\t\t\t\t\t\t\t\t<div class=\"elementor-element elementor-element-127ff1c elementor-widget elementor-widget-text-editor\" data-id=\"127ff1c\" data-element_type=\"widget\" data-widget_type=\"text-editor.default\">\n\t\t\t\t<div class=\"elementor-widget-container\">\n\t\t\t<style>\/*! elementor - v3.15.0 - 20-08-2023 *\/\n.elementor-widget-text-editor.elementor-drop-cap-view-stacked .elementor-drop-cap{background-color:#69727d;color:#fff}.elementor-widget-text-editor.elementor-drop-cap-view-framed .elementor-drop-cap{color:#69727d;border:3px solid;background-color:transparent}.elementor-widget-text-editor:not(.elementor-drop-cap-view-default) .elementor-drop-cap{margin-top:8px}.elementor-widget-text-editor:not(.elementor-drop-cap-view-default) .elementor-drop-cap-letter{width:1em;height:1em}.elementor-widget-text-editor .elementor-drop-cap{float:left;text-align:center;line-height:1;font-size:50px}.elementor-widget-text-editor .elementor-drop-cap-letter{display:inline-block}<\/style>\t\t\t\tHidrofor Tamir Bak\u0131m Onar\u0131m\t\t\t\t\t\t<\/div>\n\t\t\t\t<\/div>\n\t\t\t\t\t<\/div>\n\t\t<\/div>\n\t\t\t\t\t\t\t<\/div>\n\t\t<\/section>\n\t\t\t\t<section class=\"elementor-section elementor-top-section elementor-element elementor-element-13013d7 elementor-section-boxed elementor-section-height-default elementor-section-height-default\" data-id=\"13013d7\" data-element_type=\"section\">\n\t\t\t\t\t\t<div class=\"elementor-container elementor-column-gap-default\">\n\t\t\t\t\t<div class=\"elementor-column elementor-col-100 elementor-top-column elementor-element elementor-element-c4b02c7\" data-id=\"c4b02c7\" data-element_type=\"column\">\n\t\t\t<div class=\"elementor-widget-wrap elementor-element-populated\">\n\t\t\t\t\t\t\t\t<section class=\"elementor-section elementor-inner-section elementor-element elementor-element-9ed77a9 elementor-section-boxed elementor-section-height-default elementor-section-height-default\" data-id=\"9ed77a9\" data-element_type=\"section\">\n\t\t\t\t\t\t<div class=\"elementor-container elementor-column-gap-default\">\n\t\t\t\t\t<div class=\"elementor-column elementor-col-50 elementor-inner-column elementor-element elementor-element-c33c3b3\" data-id=\"c33c3b3\" data-element_type=\"column\">\n\t\t\t<div class=\"elementor-widget-wrap elementor-element-populated\">\n\t\t\t\t\t\t\t\t<div class=\"elementor-element elementor-element-543a480 elementor-widget elementor-widget-text-editor\" data-id=\"543a480\" data-element_type=\"widget\" data-widget_type=\"text-editor.default\">\n\t\t\t\t<div class=\"elementor-widget-container\">\n\t\t\t\t\t\t\t<div class=\"flex-1 overflow-hidden\"><div class=\"react-scroll-to-bottom--css-opqmh-79elbk h-full dark:bg-gray-800\"><div class=\"react-scroll-to-bottom--css-opqmh-1n7m0yu\"><div class=\"flex flex-col text-sm dark:bg-gray-800\"><div class=\"group w-full text-token-text-primary border-b border-black\/10 dark:border-gray-900\/50 bg-gray-50 dark:bg-[#444654]\" data-testid=\"conversation-turn-36\"><div class=\"p-4 justify-center text-base md:gap-6 md:py-6 m-auto\"><div class=\"flex flex-1 gap-4 text-base mx-auto md:gap-6 md:max-w-2xl lg:max-w-[38rem] xl:max-w-3xl }\"><div class=\"relative flex w-[calc(100%-50px)] flex-col gap-1 md:gap-3 lg:w-[calc(100%-115px)]\"><div class=\"flex flex-grow flex-col gap-3 max-w-full\"><div class=\"min-h-[20px] flex flex-col items-start gap-3 overflow-x-auto whitespace-pre-wrap break-words\"><div class=\"markdown prose w-full break-words dark:prose-invert light\"><p><strong>G\u00fcven Elektrik Bobinaj &#8211; Aksaray&#8217;da Hidrofor Tamir, Bak\u0131m ve Onar\u0131m Uzman\u0131<\/strong><\/p><p>Hidroforlar, suyun bas\u0131n\u00e7l\u0131 bir \u015fekilde iletilmesini sa\u011flayan \u00f6nemli cihazlard\u0131r. Bu cihazlar\u0131n d\u00fczg\u00fcn \u00e7al\u0131\u015fmas\u0131, su temini ve da\u011f\u0131t\u0131m\u0131 i\u00e7in hayati \u00f6nem ta\u015f\u0131r. G\u00fcven Elektrik Bobinaj olarak, Aksaray&#8217;da hidroforlar\u0131n\u0131z\u0131n tamiri, bak\u0131m\u0131 ve onar\u0131m\u0131 konusunda uzman\u0131z.<\/p><p><strong>Hidrofor Tamir, Bak\u0131m ve Onar\u0131m\u0131 Nedir?<\/strong><\/p><ul><li><p><strong>Hidroforlar:<\/strong> Hidroforlar, suyu depolayan ve gerekti\u011finde bas\u0131n\u00e7l\u0131 bir \u015fekilde da\u011f\u0131tan sistemlerdir. Evlerden i\u015fyerlerine kadar bir\u00e7ok yerde kullan\u0131l\u0131rlar.<\/p><\/li><li><p><strong>Hidrofor Tamiri:<\/strong> Hasarl\u0131 veya ar\u0131zal\u0131 hidroforlar\u0131n tamir edilmesi i\u015flemidir. Bu, suyun d\u00fczg\u00fcn bir \u015fekilde pompalanmas\u0131n\u0131 sa\u011flar.<\/p><\/li><li><p><strong>Hidrofor Bak\u0131m\u0131:<\/strong> D\u00fczenli bak\u0131m, hidroforlar\u0131n verimlili\u011fini art\u0131r\u0131r ve \u00f6mr\u00fcn\u00fc uzat\u0131r. Temizlik, su filtrelerinin de\u011fi\u015ftirilmesi ve kontrol i\u015flemleri bu bak\u0131m\u0131n bir par\u00e7as\u0131d\u0131r.<\/p><\/li><li><p><strong>Hidrofor Onar\u0131m\u0131:<\/strong> Hidrofor sistemindeki hasarlar\u0131 gidermek ve eksik par\u00e7alar\u0131 de\u011fi\u015ftirmek i\u00e7in yap\u0131lan i\u015flemdir.<\/p><\/li><\/ul><\/div><\/div><\/div><\/div><\/div><\/div><\/div><\/div><\/div><\/div><\/div>\t\t\t\t\t\t<\/div>\n\t\t\t\t<\/div>\n\t\t\t\t\t<\/div>\n\t\t<\/div>\n\t\t\t\t<div class=\"elementor-column elementor-col-50 elementor-inner-column elementor-element elementor-element-dc8bdb7\" data-id=\"dc8bdb7\" data-element_type=\"column\">\n\t\t\t<div class=\"elementor-widget-wrap elementor-element-populated\">\n\t\t\t\t\t\t\t\t<div class=\"elementor-element elementor-element-10d2b68 elementor-widget elementor-widget-image\" data-id=\"10d2b68\" data-element_type=\"widget\" data-widget_type=\"image.default\">\n\t\t\t\t<div class=\"elementor-widget-container\">\n\t\t\t<style>\/*! elementor - v3.15.0 - 20-08-2023 *\/\n.elementor-widget-image{text-align:center}.elementor-widget-image a{display:inline-block}.elementor-widget-image a img[src$=\".svg\"]{width:48px}.elementor-widget-image img{vertical-align:middle;display:inline-block}<\/style>\t\t\t\t\t\t\t\t\t\t\t\t<img decoding=\"async\" loading=\"lazy\" width=\"472\" height=\"355\" src=\"https:\/\/guvenaksaray.com\/bobinaj\/wp-content\/uploads\/2023\/09\/Hidrofor-Tamir-Bakim-Onarim-cropp.jpg\" class=\"attachment-large size-large wp-image-1741\" alt=\"\" srcset=\"https:\/\/guvenaksaray.com\/bobinaj\/wp-content\/uploads\/2023\/09\/Hidrofor-Tamir-Bakim-Onarim-cropp.jpg 472w, https:\/\/guvenaksaray.com\/bobinaj\/wp-content\/uploads\/2023\/09\/Hidrofor-Tamir-Bakim-Onarim-cropp-300x226.jpg 300w\" sizes=\"(max-width: 472px) 100vw, 472px\" \/>\t\t\t\t\t\t\t\t\t\t\t\t\t\t\t<\/div>\n\t\t\t\t<\/div>\n\t\t\t\t\t<\/div>\n\t\t<\/div>\n\t\t\t\t\t\t\t<\/div>\n\t\t<\/section>\n\t\t\t\t\t<\/div>\n\t\t<\/div>\n\t\t\t\t\t\t\t<\/div>\n\t\t<\/section>\n\t\t\t\t\t\t\t<\/div>\n\t\t","protected":false},"excerpt":{"rendered":"<p>Hidrofor Tamir Bak\u0131m Onar\u0131m G\u00fcven Elektrik Bobinaj &#8211; Aksaray&#8217;da Hidrofor Tamir, Bak\u0131m ve Onar\u0131m Uzman\u0131 Hidroforlar, suyun bas\u0131n\u00e7l\u0131 bir \u015fekilde iletilmesini sa\u011flayan \u00f6nemli cihazlard\u0131r. Bu cihazlar\u0131n d\u00fczg\u00fcn \u00e7al\u0131\u015fmas\u0131, su temini ve da\u011f\u0131t\u0131m\u0131 i\u00e7in hayati \u00f6nem ta\u015f\u0131r. G\u00fcven Elektrik Bobinaj olarak, Aksaray&#8217;da hidroforlar\u0131n\u0131z\u0131n tamiri, bak\u0131m\u0131 ve onar\u0131m\u0131 konusunda uzman\u0131z. Hidrofor Tamir, Bak\u0131m ve Onar\u0131m\u0131 Nedir? Hidroforlar: &hellip;<\/p>\n<p class=\"read-more\"> <a class=\"\" href=\"https:\/\/guvenaksaray.com\/bobinaj\/hidrofor-tamir-bakim-onarim\/\"> <span class=\"screen-reader-text\">Hidrofor Tamir Bak\u0131m Onar\u0131m<\/span> Devam\u0131 &raquo;<\/a><\/p>\n","protected":false},"author":1,"featured_media":0,"parent":0,"menu_order":0,"comment_status":"closed","ping_status":"closed","template":"","meta":{"site-sidebar-layout":"no-sidebar","site-content-layout":"page-builder","ast-site-content-layout":"full-width-container","site-content-style":"unboxed","site-sidebar-style":"unboxed","ast-global-header-display":"","ast-banner-title-visibility":"","ast-main-header-display":"","ast-hfb-above-header-display":"","ast-hfb-below-header-display":"","ast-hfb-mobile-header-display":"","site-post-title":"disabled","ast-breadcrumbs-content":"","ast-featured-img":"disabled","footer-sml-layout":"","theme-transparent-header-meta":"enabled","adv-header-id-meta":"","stick-header-meta":"","header-above-stick-meta":"","header-main-stick-meta":"","header-below-stick-meta":"","astra-migrate-meta-layouts":"set","footnotes":""},"yoast_head":"<!-- This site is optimized with the Yoast SEO plugin v21.2 - https:\/\/yoast.com\/wordpress\/plugins\/seo\/ -->\n<title>Hidrofor Tamir Bak\u0131m Onar\u0131m - G\u00fcven Elektrik Bobinaj<\/title>\n<meta name=\"robots\" content=\"index, follow, max-snippet:-1, max-image-preview:large, max-video-preview:-1\" \/>\n<link rel=\"canonical\" href=\"https:\/\/guvenaksaray.com\/bobinaj\/hidrofor-tamir-bakim-onarim\/\" \/>\n<meta property=\"og:locale\" content=\"tr_TR\" \/>\n<meta property=\"og:type\" content=\"article\" \/>\n<meta property=\"og:title\" content=\"Hidrofor Tamir Bak\u0131m Onar\u0131m - G\u00fcven Elektrik Bobinaj\" \/>\n<meta property=\"og:description\" content=\"Hidrofor Tamir Bak\u0131m Onar\u0131m G\u00fcven Elektrik Bobinaj &#8211; Aksaray&#8217;da Hidrofor Tamir, Bak\u0131m ve Onar\u0131m Uzman\u0131 Hidroforlar, suyun bas\u0131n\u00e7l\u0131 bir \u015fekilde iletilmesini sa\u011flayan \u00f6nemli cihazlard\u0131r. Bu cihazlar\u0131n d\u00fczg\u00fcn \u00e7al\u0131\u015fmas\u0131, su temini ve da\u011f\u0131t\u0131m\u0131 i\u00e7in hayati \u00f6nem ta\u015f\u0131r. G\u00fcven Elektrik Bobinaj olarak, Aksaray&#8217;da hidroforlar\u0131n\u0131z\u0131n tamiri, bak\u0131m\u0131 ve onar\u0131m\u0131 konusunda uzman\u0131z. Hidrofor Tamir, Bak\u0131m ve Onar\u0131m\u0131 Nedir? Hidroforlar: &hellip; Hidrofor Tamir Bak\u0131m Onar\u0131m Devam\u0131 &raquo;\" \/>\n<meta property=\"og:url\" content=\"https:\/\/guvenaksaray.com\/bobinaj\/hidrofor-tamir-bakim-onarim\/\" \/>\n<meta property=\"og:site_name\" content=\"G\u00fcven Elektrik Bobinaj\" \/>\n<meta property=\"article:modified_time\" content=\"2023-09-10T19:10:47+00:00\" \/>\n<meta property=\"og:image\" content=\"http:\/\/guvenaksaray.com\/bobinaj\/wp-content\/uploads\/2023\/09\/Hidrofor-Tamir-Bakim-Onarim-cropp.jpg\" \/>\n<meta name=\"twitter:card\" content=\"summary_large_image\" \/>\n<meta name=\"twitter:label1\" content=\"Tahmini okuma s\u00fcresi\" \/>\n\t<meta name=\"twitter:data1\" content=\"4 dakika\" \/>\n<script type=\"application\/ld+json\" class=\"yoast-schema-graph\">{\"@context\":\"https:\/\/schema.org\",\"@graph\":[{\"@type\":\"WebPage\",\"@id\":\"https:\/\/guvenaksaray.com\/bobinaj\/hidrofor-tamir-bakim-onarim\/\",\"url\":\"https:\/\/guvenaksaray.com\/bobinaj\/hidrofor-tamir-bakim-onarim\/\",\"name\":\"Hidrofor Tamir Bak\u0131m Onar\u0131m - G\u00fcven Elektrik Bobinaj\",\"isPartOf\":{\"@id\":\"https:\/\/guvenaksaray.com\/bobinaj\/#website\"},\"datePublished\":\"2023-09-09T16:20:15+00:00\",\"dateModified\":\"2023-09-10T19:10:47+00:00\",\"breadcrumb\":{\"@id\":\"https:\/\/guvenaksaray.com\/bobinaj\/hidrofor-tamir-bakim-onarim\/#breadcrumb\"},\"inLanguage\":\"tr\",\"potentialAction\":[{\"@type\":\"ReadAction\",\"target\":[\"https:\/\/guvenaksaray.com\/bobinaj\/hidrofor-tamir-bakim-onarim\/\"]}]},{\"@type\":\"BreadcrumbList\",\"@id\":\"https:\/\/guvenaksaray.com\/bobinaj\/hidrofor-tamir-bakim-onarim\/#breadcrumb\",\"itemListElement\":[{\"@type\":\"ListItem\",\"position\":1,\"name\":\"Anasayfa\",\"item\":\"https:\/\/guvenaksaray.com\/bobinaj\/\"},{\"@type\":\"ListItem\",\"position\":2,\"name\":\"Hidrofor Tamir Bak\u0131m Onar\u0131m\"}]},{\"@type\":\"WebSite\",\"@id\":\"https:\/\/guvenaksaray.com\/bobinaj\/#website\",\"url\":\"https:\/\/guvenaksaray.com\/bobinaj\/\",\"name\":\"G\u00fcven Elektrik Bobinaj\",\"description\":\"\",\"publisher\":{\"@id\":\"https:\/\/guvenaksaray.com\/bobinaj\/#organization\"},\"potentialAction\":[{\"@type\":\"SearchAction\",\"target\":{\"@type\":\"EntryPoint\",\"urlTemplate\":\"https:\/\/guvenaksaray.com\/bobinaj\/?s={search_term_string}\"},\"query-input\":\"required name=search_term_string\"}],\"inLanguage\":\"tr\"},{\"@type\":\"Organization\",\"@id\":\"https:\/\/guvenaksaray.com\/bobinaj\/#organization\",\"name\":\"G\u00fcven Elektrik Bobinaj\",\"url\":\"https:\/\/guvenaksaray.com\/bobinaj\/\",\"logo\":{\"@type\":\"ImageObject\",\"inLanguage\":\"tr\",\"@id\":\"https:\/\/guvenaksaray.com\/bobinaj\/#\/schema\/logo\/image\/\",\"url\":\"https:\/\/guvenaksaray.com\/bobinaj\/wp-content\/uploads\/2023\/08\/cropped-logo_header1.png\",\"contentUrl\":\"https:\/\/guvenaksaray.com\/bobinaj\/wp-content\/uploads\/2023\/08\/cropped-logo_header1.png\",\"width\":596,\"height\":148,\"caption\":\"G\u00fcven Elektrik Bobinaj\"},\"image\":{\"@id\":\"https:\/\/guvenaksaray.com\/bobinaj\/#\/schema\/logo\/image\/\"}}]}<\/script>\n<!-- \/ Yoast SEO plugin. -->","yoast_head_json":{"title":"Hidrofor Tamir Bak\u0131m Onar\u0131m - G\u00fcven Elektrik Bobinaj","robots":{"index":"index","follow":"follow","max-snippet":"max-snippet:-1","max-image-preview":"max-image-preview:large","max-video-preview":"max-video-preview:-1"},"canonical":"https:\/\/guvenaksaray.com\/bobinaj\/hidrofor-tamir-bakim-onarim\/","og_locale":"tr_TR","og_type":"article","og_title":"Hidrofor Tamir Bak\u0131m Onar\u0131m - G\u00fcven Elektrik Bobinaj","og_description":"Hidrofor Tamir Bak\u0131m Onar\u0131m G\u00fcven Elektrik Bobinaj &#8211; Aksaray&#8217;da Hidrofor Tamir, Bak\u0131m ve Onar\u0131m Uzman\u0131 Hidroforlar, suyun bas\u0131n\u00e7l\u0131 bir \u015fekilde iletilmesini sa\u011flayan \u00f6nemli cihazlard\u0131r. Bu cihazlar\u0131n d\u00fczg\u00fcn \u00e7al\u0131\u015fmas\u0131, su temini ve da\u011f\u0131t\u0131m\u0131 i\u00e7in hayati \u00f6nem ta\u015f\u0131r. G\u00fcven Elektrik Bobinaj olarak, Aksaray&#8217;da hidroforlar\u0131n\u0131z\u0131n tamiri, bak\u0131m\u0131 ve onar\u0131m\u0131 konusunda uzman\u0131z. Hidrofor Tamir, Bak\u0131m ve Onar\u0131m\u0131 Nedir? Hidroforlar: &hellip; Hidrofor Tamir Bak\u0131m Onar\u0131m Devam\u0131 &raquo;","og_url":"https:\/\/guvenaksaray.com\/bobinaj\/hidrofor-tamir-bakim-onarim\/","og_site_name":"G\u00fcven Elektrik Bobinaj","article_modified_time":"2023-09-10T19:10:47+00:00","og_image":[{"url":"http:\/\/guvenaksaray.com\/bobinaj\/wp-content\/uploads\/2023\/09\/Hidrofor-Tamir-Bakim-Onarim-cropp.jpg"}],"twitter_card":"summary_large_image","twitter_misc":{"Tahmini okuma s\u00fcresi":"4 dakika"},"schema":{"@context":"https:\/\/schema.org","@graph":[{"@type":"WebPage","@id":"https:\/\/guvenaksaray.com\/bobinaj\/hidrofor-tamir-bakim-onarim\/","url":"https:\/\/guvenaksaray.com\/bobinaj\/hidrofor-tamir-bakim-onarim\/","name":"Hidrofor Tamir Bak\u0131m Onar\u0131m - G\u00fcven Elektrik Bobinaj","isPartOf":{"@id":"https:\/\/guvenaksaray.com\/bobinaj\/#website"},"datePublished":"2023-09-09T16:20:15+00:00","dateModified":"2023-09-10T19:10:47+00:00","breadcrumb":{"@id":"https:\/\/guvenaksaray.com\/bobinaj\/hidrofor-tamir-bakim-onarim\/#breadcrumb"},"inLanguage":"tr","potentialAction":[{"@type":"ReadAction","target":["https:\/\/guvenaksaray.com\/bobinaj\/hidrofor-tamir-bakim-onarim\/"]}]},{"@type":"BreadcrumbList","@id":"https:\/\/guvenaksaray.com\/bobinaj\/hidrofor-tamir-bakim-onarim\/#breadcrumb","itemListElement":[{"@type":"ListItem","position":1,"name":"Anasayfa","item":"https:\/\/guvenaksaray.com\/bobinaj\/"},{"@type":"ListItem","position":2,"name":"Hidrofor Tamir Bak\u0131m Onar\u0131m"}]},{"@type":"WebSite","@id":"https:\/\/guvenaksaray.com\/bobinaj\/#website","url":"https:\/\/guvenaksaray.com\/bobinaj\/","name":"G\u00fcven Elektrik Bobinaj","description":"","publisher":{"@id":"https:\/\/guvenaksaray.com\/bobinaj\/#organization"},"potentialAction":[{"@type":"SearchAction","target":{"@type":"EntryPoint","urlTemplate":"https:\/\/guvenaksaray.com\/bobinaj\/?s={search_term_string}"},"query-input":"required name=search_term_string"}],"inLanguage":"tr"},{"@type":"Organization","@id":"https:\/\/guvenaksaray.com\/bobinaj\/#organization","name":"G\u00fcven Elektrik Bobinaj","url":"https:\/\/guvenaksaray.com\/bobinaj\/","logo":{"@type":"ImageObject","inLanguage":"tr","@id":"https:\/\/guvenaksaray.com\/bobinaj\/#\/schema\/logo\/image\/","url":"https:\/\/guvenaksaray.com\/bobinaj\/wp-content\/uploads\/2023\/08\/cropped-logo_header1.png","contentUrl":"https:\/\/guvenaksaray.com\/bobinaj\/wp-content\/uploads\/2023\/08\/cropped-logo_header1.png","width":596,"height":148,"caption":"G\u00fcven Elektrik Bobinaj"},"image":{"@id":"https:\/\/guvenaksaray.com\/bobinaj\/#\/schema\/logo\/image\/"}}]}},"_links":{"self":[{"href":"https:\/\/guvenaksaray.com\/bobinaj\/wp-json\/wp\/v2\/pages\/1681"}],"collection":[{"href":"https:\/\/guvenaksaray.com\/bobinaj\/wp-json\/wp\/v2\/pages"}],"about":[{"href":"https:\/\/guvenaksaray.com\/bobinaj\/wp-json\/wp\/v2\/types\/page"}],"author":[{"embeddable":true,"href":"https:\/\/guvenaksaray.com\/bobinaj\/wp-json\/wp\/v2\/users\/1"}],"replies":[{"embeddable":true,"href":"https:\/\/guvenaksaray.com\/bobinaj\/wp-json\/wp\/v2\/comments?post=1681"}],"version-history":[{"count":4,"href":"https:\/\/guvenaksaray.com\/bobinaj\/wp-json\/wp\/v2\/pages\/1681\/revisions"}],"predecessor-version":[{"id":1799,"href":"https:\/\/guvenaksaray.com\/bobinaj\/wp-json\/wp\/v2\/pages\/1681\/revisions\/1799"}],"wp:attachment":[{"href":"https:\/\/guvenaksaray.com\/bobinaj\/wp-json\/wp\/v2\/media?parent=1681"}],"curies":[{"name":"wp","href":"https:\/\/api.w.org\/{rel}","templated":true}]}}