{"id":1338,"date":"2023-02-26T16:29:17","date_gmt":"2023-02-26T13:29:17","guid":{"rendered":"https:\/\/guvenaksaray.com\/yapi\/?page_id=1338"},"modified":"2023-09-13T00:50:26","modified_gmt":"2023-09-12T21:50:26","slug":"neden-biz","status":"publish","type":"page","link":"https:\/\/guvenaksaray.com\/yapi\/neden-biz\/","title":{"rendered":"Neden Biz"},"content":{"rendered":"\t\t<div data-elementor-type=\"wp-page\" data-elementor-id=\"1338\" class=\"elementor elementor-1338\">\n\t\t\t\t\t\t\t\t\t<section class=\"elementor-section elementor-top-section elementor-element elementor-element-02af2e8 elementor-section-boxed elementor-section-height-default elementor-section-height-default\" data-id=\"02af2e8\" data-element_type=\"section\" data-settings=\"{&quot;background_background&quot;:&quot;classic&quot;}\">\n\t\t\t\t\t\t\t<div class=\"elementor-background-overlay\"><\/div>\n\t\t\t\t\t\t\t<div class=\"elementor-container elementor-column-gap-default\">\n\t\t\t\t\t<div class=\"elementor-column elementor-col-100 elementor-top-column elementor-element elementor-element-8e94f27\" data-id=\"8e94f27\" data-element_type=\"column\" data-settings=\"{&quot;background_background&quot;:&quot;classic&quot;}\">\n\t\t\t<div class=\"elementor-widget-wrap elementor-element-populated\">\n\t\t\t\t\t<div class=\"elementor-background-overlay\"><\/div>\n\t\t\t\t\t\t\t\t<div class=\"elementor-element elementor-element-c39cd49 elementor-widget elementor-widget-text-editor\" data-id=\"c39cd49\" data-element_type=\"widget\" data-widget_type=\"text-editor.default\">\n\t\t\t\t<div class=\"elementor-widget-container\">\n\t\t\t<style>\/*! elementor - v3.15.0 - 20-08-2023 *\/\n.elementor-widget-text-editor.elementor-drop-cap-view-stacked .elementor-drop-cap{background-color:#69727d;color:#fff}.elementor-widget-text-editor.elementor-drop-cap-view-framed .elementor-drop-cap{color:#69727d;border:3px solid;background-color:transparent}.elementor-widget-text-editor:not(.elementor-drop-cap-view-default) .elementor-drop-cap{margin-top:8px}.elementor-widget-text-editor:not(.elementor-drop-cap-view-default) .elementor-drop-cap-letter{width:1em;height:1em}.elementor-widget-text-editor .elementor-drop-cap{float:left;text-align:center;line-height:1;font-size:50px}.elementor-widget-text-editor .elementor-drop-cap-letter{display:inline-block}<\/style>\t\t\t\tNeden Biz\t\t\t\t\t\t<\/div>\n\t\t\t\t<\/div>\n\t\t\t\t\t<\/div>\n\t\t<\/div>\n\t\t\t\t\t\t\t<\/div>\n\t\t<\/section>\n\t\t\t\t<section class=\"elementor-section elementor-top-section elementor-element elementor-element-34959d1 elementor-section-boxed elementor-section-height-default elementor-section-height-default\" data-id=\"34959d1\" data-element_type=\"section\" data-settings=\"{&quot;background_background&quot;:&quot;classic&quot;}\">\n\t\t\t\t\t\t<div class=\"elementor-container elementor-column-gap-default\">\n\t\t\t\t\t<div class=\"elementor-column elementor-col-100 elementor-top-column elementor-element elementor-element-a898ff0\" data-id=\"a898ff0\" data-element_type=\"column\">\n\t\t\t<div class=\"elementor-widget-wrap elementor-element-populated\">\n\t\t\t\t\t\t\t\t<section class=\"elementor-section elementor-inner-section elementor-element elementor-element-1d3b5ae elementor-section-boxed elementor-section-height-default elementor-section-height-default\" data-id=\"1d3b5ae\" data-element_type=\"section\">\n\t\t\t\t\t\t<div class=\"elementor-container elementor-column-gap-default\">\n\t\t\t\t\t<div class=\"elementor-column elementor-col-33 elementor-inner-column elementor-element elementor-element-ba33575\" data-id=\"ba33575\" data-element_type=\"column\">\n\t\t\t<div class=\"elementor-widget-wrap elementor-element-populated\">\n\t\t\t\t\t\t\t\t<div class=\"elementor-element elementor-element-91422aa elementor-position-top elementor-widget elementor-widget-image-box\" data-id=\"91422aa\" data-element_type=\"widget\" data-widget_type=\"image-box.default\">\n\t\t\t\t<div class=\"elementor-widget-container\">\n\t\t\t<style>\/*! elementor - v3.15.0 - 20-08-2023 *\/\n.elementor-widget-image-box .elementor-image-box-content{width:100%}@media (min-width:768px){.elementor-widget-image-box.elementor-position-left .elementor-image-box-wrapper,.elementor-widget-image-box.elementor-position-right .elementor-image-box-wrapper{display:flex}.elementor-widget-image-box.elementor-position-right .elementor-image-box-wrapper{text-align:right;flex-direction:row-reverse}.elementor-widget-image-box.elementor-position-left .elementor-image-box-wrapper{text-align:left;flex-direction:row}.elementor-widget-image-box.elementor-position-top .elementor-image-box-img{margin:auto}.elementor-widget-image-box.elementor-vertical-align-top .elementor-image-box-wrapper{align-items:flex-start}.elementor-widget-image-box.elementor-vertical-align-middle .elementor-image-box-wrapper{align-items:center}.elementor-widget-image-box.elementor-vertical-align-bottom .elementor-image-box-wrapper{align-items:flex-end}}@media (max-width:767px){.elementor-widget-image-box .elementor-image-box-img{margin-left:auto!important;margin-right:auto!important;margin-bottom:15px}}.elementor-widget-image-box .elementor-image-box-img{display:inline-block}.elementor-widget-image-box .elementor-image-box-title a{color:inherit}.elementor-widget-image-box .elementor-image-box-wrapper{text-align:center}.elementor-widget-image-box .elementor-image-box-description{margin:0}<\/style><div class=\"elementor-image-box-wrapper\"><figure class=\"elementor-image-box-img\"><img decoding=\"async\" loading=\"lazy\" width=\"454\" height=\"454\" src=\"https:\/\/guvenaksaray.com\/yapi\/wp-content\/uploads\/2023\/08\/renk-8.png\" class=\"attachment-full size-full wp-image-2022\" alt=\"\" srcset=\"https:\/\/guvenaksaray.com\/yapi\/wp-content\/uploads\/2023\/08\/renk-8.png 454w, https:\/\/guvenaksaray.com\/yapi\/wp-content\/uploads\/2023\/08\/renk-8-300x300.png 300w, https:\/\/guvenaksaray.com\/yapi\/wp-content\/uploads\/2023\/08\/renk-8-150x150.png 150w\" sizes=\"(max-width: 454px) 100vw, 454px\" \/><\/figure><div class=\"elementor-image-box-content\"><h3 class=\"elementor-image-box-title\">Deneyim ve Uzmanl\u0131k<\/h3><p class=\"elementor-image-box-description\">Y\u0131llar\u0131n getirdi\u011fi deneyim ve uzmanl\u0131\u011f\u0131m\u0131zla projelerinizi g\u00fcvenle teslim edebilirsiniz.<\/p><\/div><\/div>\t\t<\/div>\n\t\t\t\t<\/div>\n\t\t\t\t\t<\/div>\n\t\t<\/div>\n\t\t\t\t<div class=\"elementor-column elementor-col-33 elementor-inner-column elementor-element elementor-element-bf91c04\" data-id=\"bf91c04\" data-element_type=\"column\">\n\t\t\t<div class=\"elementor-widget-wrap elementor-element-populated\">\n\t\t\t\t\t\t\t\t<div class=\"elementor-element elementor-element-33ff906 elementor-position-top elementor-widget elementor-widget-image-box\" data-id=\"33ff906\" data-element_type=\"widget\" data-widget_type=\"image-box.default\">\n\t\t\t\t<div class=\"elementor-widget-container\">\n\t\t\t<div class=\"elementor-image-box-wrapper\"><figure class=\"elementor-image-box-img\"><img decoding=\"async\" loading=\"lazy\" width=\"512\" height=\"512\" src=\"https:\/\/guvenaksaray.com\/yapi\/wp-content\/uploads\/2023\/08\/renk-3.png\" class=\"attachment-full size-full wp-image-2020\" alt=\"\" srcset=\"https:\/\/guvenaksaray.com\/yapi\/wp-content\/uploads\/2023\/08\/renk-3.png 512w, https:\/\/guvenaksaray.com\/yapi\/wp-content\/uploads\/2023\/08\/renk-3-300x300.png 300w, https:\/\/guvenaksaray.com\/yapi\/wp-content\/uploads\/2023\/08\/renk-3-150x150.png 150w\" sizes=\"(max-width: 512px) 100vw, 512px\" \/><\/figure><div class=\"elementor-image-box-content\"><h3 class=\"elementor-image-box-title\">M\u00fc\u015fteri Odakl\u0131l\u0131k<\/h3><p class=\"elementor-image-box-description\">M\u00fc\u015fterilerimizin memnuniyeti bizim i\u00e7in \u00f6nceliktir. \u0130\u015fimizi her zaman m\u00fckemmel sonu\u00e7lar elde etmek i\u00e7in yap\u0131yoruz.<\/p><\/div><\/div>\t\t<\/div>\n\t\t\t\t<\/div>\n\t\t\t\t\t<\/div>\n\t\t<\/div>\n\t\t\t\t<div class=\"elementor-column elementor-col-33 elementor-inner-column elementor-element elementor-element-8d421de\" data-id=\"8d421de\" data-element_type=\"column\">\n\t\t\t<div class=\"elementor-widget-wrap elementor-element-populated\">\n\t\t\t\t\t\t\t\t<div class=\"elementor-element elementor-element-182fa5b elementor-position-top elementor-widget elementor-widget-image-box\" data-id=\"182fa5b\" data-element_type=\"widget\" data-widget_type=\"image-box.default\">\n\t\t\t\t<div class=\"elementor-widget-container\">\n\t\t\t<div class=\"elementor-image-box-wrapper\"><figure class=\"elementor-image-box-img\"><img decoding=\"async\" loading=\"lazy\" width=\"472\" height=\"472\" src=\"https:\/\/guvenaksaray.com\/yapi\/wp-content\/uploads\/2023\/08\/renk7.png\" class=\"attachment-full size-full wp-image-2024\" alt=\"\" srcset=\"https:\/\/guvenaksaray.com\/yapi\/wp-content\/uploads\/2023\/08\/renk7.png 472w, https:\/\/guvenaksaray.com\/yapi\/wp-content\/uploads\/2023\/08\/renk7-300x300.png 300w, https:\/\/guvenaksaray.com\/yapi\/wp-content\/uploads\/2023\/08\/renk7-150x150.png 150w\" sizes=\"(max-width: 472px) 100vw, 472px\" \/><\/figure><div class=\"elementor-image-box-content\"><h3 class=\"elementor-image-box-title\">Kalite ve G\u00fcvence<\/h3><p class=\"elementor-image-box-description\">En y\u00fcksek kalite standartlar\u0131na uygun olarak \u00e7al\u0131\u015f\u0131yor ve projelerimizi s\u00fcrekli denetliyoruz.<\/p><\/div><\/div>\t\t<\/div>\n\t\t\t\t<\/div>\n\t\t\t\t\t<\/div>\n\t\t<\/div>\n\t\t\t\t\t\t\t<\/div>\n\t\t<\/section>\n\t\t\t\t\t<\/div>\n\t\t<\/div>\n\t\t\t\t\t\t\t<\/div>\n\t\t<\/section>\n\t\t\t\t\t\t\t<\/div>\n\t\t","protected":false},"excerpt":{"rendered":"<p>Neden Biz Deneyim ve Uzmanl\u0131k Y\u0131llar\u0131n getirdi\u011fi deneyim ve uzmanl\u0131\u011f\u0131m\u0131zla projelerinizi g\u00fcvenle teslim edebilirsiniz. M\u00fc\u015fteri Odakl\u0131l\u0131k M\u00fc\u015fterilerimizin memnuniyeti bizim i\u00e7in \u00f6nceliktir. \u0130\u015fimizi her zaman m\u00fckemmel sonu\u00e7lar elde etmek i\u00e7in yap\u0131yoruz. Kalite ve G\u00fcvence En y\u00fcksek kalite standartlar\u0131na uygun olarak \u00e7al\u0131\u015f\u0131yor ve projelerimizi s\u00fcrekli denetliyoruz.<\/p>\n","protected":false},"author":1,"featured_media":0,"parent":0,"menu_order":0,"comment_status":"closed","ping_status":"closed","template":"","meta":{"site-sidebar-layout":"no-sidebar","site-content-layout":"page-builder","ast-site-content-layout":"","site-content-style":"default","site-sidebar-style":"default","ast-global-header-display":"","ast-banner-title-visibility":"","ast-main-header-display":"","ast-hfb-above-header-display":"","ast-hfb-below-header-display":"","ast-hfb-mobile-header-display":"","site-post-title":"disabled","ast-breadcrumbs-content":"","ast-featured-img":"disabled","footer-sml-layout":"","theme-transparent-header-meta":"enabled","adv-header-id-meta":"","stick-header-meta":"","header-above-stick-meta":"","header-main-stick-meta":"","header-below-stick-meta":"","astra-migrate-meta-layouts":"","footnotes":"","_joinchat":[]},"yoast_head":"<!-- This site is optimized with the Yoast SEO plugin v21.0 - https:\/\/yoast.com\/wordpress\/plugins\/seo\/ -->\n<title>Neden Biz - G\u00fcven Yap\u0131 Aksaray<\/title>\n<meta name=\"robots\" content=\"index, follow, max-snippet:-1, max-image-preview:large, max-video-preview:-1\" \/>\n<link rel=\"canonical\" href=\"https:\/\/guvenaksaray.com\/yapi\/neden-biz\/\" \/>\n<meta property=\"og:locale\" content=\"tr_TR\" \/>\n<meta property=\"og:type\" content=\"article\" \/>\n<meta property=\"og:title\" content=\"Neden Biz - G\u00fcven Yap\u0131 Aksaray\" \/>\n<meta property=\"og:description\" content=\"Neden Biz Deneyim ve Uzmanl\u0131k Y\u0131llar\u0131n getirdi\u011fi deneyim ve uzmanl\u0131\u011f\u0131m\u0131zla projelerinizi g\u00fcvenle teslim edebilirsiniz. M\u00fc\u015fteri Odakl\u0131l\u0131k M\u00fc\u015fterilerimizin memnuniyeti bizim i\u00e7in \u00f6nceliktir. \u0130\u015fimizi her zaman m\u00fckemmel sonu\u00e7lar elde etmek i\u00e7in yap\u0131yoruz. Kalite ve G\u00fcvence En y\u00fcksek kalite standartlar\u0131na uygun olarak \u00e7al\u0131\u015f\u0131yor ve projelerimizi s\u00fcrekli denetliyoruz.\" \/>\n<meta property=\"og:url\" content=\"https:\/\/guvenaksaray.com\/yapi\/neden-biz\/\" \/>\n<meta property=\"og:site_name\" content=\"G\u00fcven Yap\u0131 Aksaray\" \/>\n<meta property=\"article:modified_time\" content=\"2023-09-12T21:50:26+00:00\" \/>\n<meta property=\"og:image\" content=\"https:\/\/guvenaksaray.com\/yapi\/wp-content\/uploads\/2023\/08\/renk-8.png\" \/>\n<meta name=\"twitter:card\" content=\"summary_large_image\" \/>\n<meta name=\"twitter:label1\" content=\"Tahmini okuma s\u00fcresi\" \/>\n\t<meta name=\"twitter:data1\" content=\"1 dakika\" \/>\n<script type=\"application\/ld+json\" class=\"yoast-schema-graph\">{\"@context\":\"https:\/\/schema.org\",\"@graph\":[{\"@type\":\"WebPage\",\"@id\":\"https:\/\/guvenaksaray.com\/yapi\/neden-biz\/\",\"url\":\"https:\/\/guvenaksaray.com\/yapi\/neden-biz\/\",\"name\":\"Neden Biz - G\u00fcven Yap\u0131 Aksaray\",\"isPartOf\":{\"@id\":\"https:\/\/guvenaksaray.com\/yapi\/#website\"},\"datePublished\":\"2023-02-26T13:29:17+00:00\",\"dateModified\":\"2023-09-12T21:50:26+00:00\",\"breadcrumb\":{\"@id\":\"https:\/\/guvenaksaray.com\/yapi\/neden-biz\/#breadcrumb\"},\"inLanguage\":\"tr\",\"potentialAction\":[{\"@type\":\"ReadAction\",\"target\":[\"https:\/\/guvenaksaray.com\/yapi\/neden-biz\/\"]}]},{\"@type\":\"BreadcrumbList\",\"@id\":\"https:\/\/guvenaksaray.com\/yapi\/neden-biz\/#breadcrumb\",\"itemListElement\":[{\"@type\":\"ListItem\",\"position\":1,\"name\":\"Anasayfa\",\"item\":\"https:\/\/guvenaksaray.com\/yapi\/\"},{\"@type\":\"ListItem\",\"position\":2,\"name\":\"Neden Biz\"}]},{\"@type\":\"WebSite\",\"@id\":\"https:\/\/guvenaksaray.com\/yapi\/#website\",\"url\":\"https:\/\/guvenaksaray.com\/yapi\/\",\"name\":\"G\u00fcven Yap\u0131 Aksaray\",\"description\":\"\",\"publisher\":{\"@id\":\"https:\/\/guvenaksaray.com\/yapi\/#organization\"},\"potentialAction\":[{\"@type\":\"SearchAction\",\"target\":{\"@type\":\"EntryPoint\",\"urlTemplate\":\"https:\/\/guvenaksaray.com\/yapi\/?s={search_term_string}\"},\"query-input\":\"required name=search_term_string\"}],\"inLanguage\":\"tr\"},{\"@type\":\"Organization\",\"@id\":\"https:\/\/guvenaksaray.com\/yapi\/#organization\",\"name\":\"G\u00fcven Yap\u0131 Aksaray\",\"url\":\"https:\/\/guvenaksaray.com\/yapi\/\",\"logo\":{\"@type\":\"ImageObject\",\"inLanguage\":\"tr\",\"@id\":\"https:\/\/guvenaksaray.com\/yapi\/#\/schema\/logo\/image\/\",\"url\":\"https:\/\/guvenaksaray.com\/yapi\/wp-content\/uploads\/2023\/09\/cropped-logo-guven-yapi-122.png\",\"contentUrl\":\"https:\/\/guvenaksaray.com\/yapi\/wp-content\/uploads\/2023\/09\/cropped-logo-guven-yapi-122.png\",\"width\":815,\"height\":222,\"caption\":\"G\u00fcven Yap\u0131 Aksaray\"},\"image\":{\"@id\":\"https:\/\/guvenaksaray.com\/yapi\/#\/schema\/logo\/image\/\"}}]}<\/script>\n<!-- \/ Yoast SEO plugin. -->","yoast_head_json":{"title":"Neden Biz - G\u00fcven Yap\u0131 Aksaray","robots":{"index":"index","follow":"follow","max-snippet":"max-snippet:-1","max-image-preview":"max-image-preview:large","max-video-preview":"max-video-preview:-1"},"canonical":"https:\/\/guvenaksaray.com\/yapi\/neden-biz\/","og_locale":"tr_TR","og_type":"article","og_title":"Neden Biz - G\u00fcven Yap\u0131 Aksaray","og_description":"Neden Biz Deneyim ve Uzmanl\u0131k Y\u0131llar\u0131n getirdi\u011fi deneyim ve uzmanl\u0131\u011f\u0131m\u0131zla projelerinizi g\u00fcvenle teslim edebilirsiniz. M\u00fc\u015fteri Odakl\u0131l\u0131k M\u00fc\u015fterilerimizin memnuniyeti bizim i\u00e7in \u00f6nceliktir. \u0130\u015fimizi her zaman m\u00fckemmel sonu\u00e7lar elde etmek i\u00e7in yap\u0131yoruz. Kalite ve G\u00fcvence En y\u00fcksek kalite standartlar\u0131na uygun olarak \u00e7al\u0131\u015f\u0131yor ve projelerimizi s\u00fcrekli denetliyoruz.","og_url":"https:\/\/guvenaksaray.com\/yapi\/neden-biz\/","og_site_name":"G\u00fcven Yap\u0131 Aksaray","article_modified_time":"2023-09-12T21:50:26+00:00","og_image":[{"url":"https:\/\/guvenaksaray.com\/yapi\/wp-content\/uploads\/2023\/08\/renk-8.png"}],"twitter_card":"summary_large_image","twitter_misc":{"Tahmini okuma s\u00fcresi":"1 dakika"},"schema":{"@context":"https:\/\/schema.org","@graph":[{"@type":"WebPage","@id":"https:\/\/guvenaksaray.com\/yapi\/neden-biz\/","url":"https:\/\/guvenaksaray.com\/yapi\/neden-biz\/","name":"Neden Biz - G\u00fcven Yap\u0131 Aksaray","isPartOf":{"@id":"https:\/\/guvenaksaray.com\/yapi\/#website"},"datePublished":"2023-02-26T13:29:17+00:00","dateModified":"2023-09-12T21:50:26+00:00","breadcrumb":{"@id":"https:\/\/guvenaksaray.com\/yapi\/neden-biz\/#breadcrumb"},"inLanguage":"tr","potentialAction":[{"@type":"ReadAction","target":["https:\/\/guvenaksaray.com\/yapi\/neden-biz\/"]}]},{"@type":"BreadcrumbList","@id":"https:\/\/guvenaksaray.com\/yapi\/neden-biz\/#breadcrumb","itemListElement":[{"@type":"ListItem","position":1,"name":"Anasayfa","item":"https:\/\/guvenaksaray.com\/yapi\/"},{"@type":"ListItem","position":2,"name":"Neden Biz"}]},{"@type":"WebSite","@id":"https:\/\/guvenaksaray.com\/yapi\/#website","url":"https:\/\/guvenaksaray.com\/yapi\/","name":"G\u00fcven Yap\u0131 Aksaray","description":"","publisher":{"@id":"https:\/\/guvenaksaray.com\/yapi\/#organization"},"potentialAction":[{"@type":"SearchAction","target":{"@type":"EntryPoint","urlTemplate":"https:\/\/guvenaksaray.com\/yapi\/?s={search_term_string}"},"query-input":"required name=search_term_string"}],"inLanguage":"tr"},{"@type":"Organization","@id":"https:\/\/guvenaksaray.com\/yapi\/#organization","name":"G\u00fcven Yap\u0131 Aksaray","url":"https:\/\/guvenaksaray.com\/yapi\/","logo":{"@type":"ImageObject","inLanguage":"tr","@id":"https:\/\/guvenaksaray.com\/yapi\/#\/schema\/logo\/image\/","url":"https:\/\/guvenaksaray.com\/yapi\/wp-content\/uploads\/2023\/09\/cropped-logo-guven-yapi-122.png","contentUrl":"https:\/\/guvenaksaray.com\/yapi\/wp-content\/uploads\/2023\/09\/cropped-logo-guven-yapi-122.png","width":815,"height":222,"caption":"G\u00fcven Yap\u0131 Aksaray"},"image":{"@id":"https:\/\/guvenaksaray.com\/yapi\/#\/schema\/logo\/image\/"}}]}},"_links":{"self":[{"href":"https:\/\/guvenaksaray.com\/yapi\/wp-json\/wp\/v2\/pages\/1338"}],"collection":[{"href":"https:\/\/guvenaksaray.com\/yapi\/wp-json\/wp\/v2\/pages"}],"about":[{"href":"https:\/\/guvenaksaray.com\/yapi\/wp-json\/wp\/v2\/types\/page"}],"author":[{"embeddable":true,"href":"https:\/\/guvenaksaray.com\/yapi\/wp-json\/wp\/v2\/users\/1"}],"replies":[{"embeddable":true,"href":"https:\/\/guvenaksaray.com\/yapi\/wp-json\/wp\/v2\/comments?post=1338"}],"version-history":[{"count":15,"href":"https:\/\/guvenaksaray.com\/yapi\/wp-json\/wp\/v2\/pages\/1338\/revisions"}],"predecessor-version":[{"id":2132,"href":"https:\/\/guvenaksaray.com\/yapi\/wp-json\/wp\/v2\/pages\/1338\/revisions\/2132"}],"wp:attachment":[{"href":"https:\/\/guvenaksaray.com\/yapi\/wp-json\/wp\/v2\/media?parent=1338"}],"curies":[{"name":"wp","href":"https:\/\/api.w.org\/{rel}","templated":true}]}}