{"id":1761,"date":"2023-08-09T16:46:30","date_gmt":"2023-08-09T13:46:30","guid":{"rendered":"https:\/\/guvenaksaray.com\/yapi\/?page_id=1761"},"modified":"2023-09-13T01:51:07","modified_gmt":"2023-09-12T22:51:07","slug":"residansiyel-insaat","status":"publish","type":"page","link":"https:\/\/guvenaksaray.com\/yapi\/residansiyel-insaat\/","title":{"rendered":"Residansiyel \u0130n\u015faat"},"content":{"rendered":"\t\t<div data-elementor-type=\"wp-page\" data-elementor-id=\"1761\" class=\"elementor elementor-1761\">\n\t\t\t\t\t\t\t\t\t<section class=\"elementor-section elementor-top-section elementor-element elementor-element-970b57f elementor-section-boxed elementor-section-height-default elementor-section-height-default\" data-id=\"970b57f\" data-element_type=\"section\" data-settings=\"{&quot;background_background&quot;:&quot;classic&quot;}\">\n\t\t\t\t\t\t\t<div class=\"elementor-background-overlay\"><\/div>\n\t\t\t\t\t\t\t<div class=\"elementor-container elementor-column-gap-default\">\n\t\t\t\t\t<div class=\"elementor-column elementor-col-100 elementor-top-column elementor-element elementor-element-3efe222\" data-id=\"3efe222\" data-element_type=\"column\" data-settings=\"{&quot;background_background&quot;:&quot;classic&quot;}\">\n\t\t\t<div class=\"elementor-widget-wrap elementor-element-populated\">\n\t\t\t\t\t<div class=\"elementor-background-overlay\"><\/div>\n\t\t\t\t\t\t\t\t<div class=\"elementor-element elementor-element-3ecbb92 elementor-widget elementor-widget-text-editor\" data-id=\"3ecbb92\" data-element_type=\"widget\" data-widget_type=\"text-editor.default\">\n\t\t\t\t<div class=\"elementor-widget-container\">\n\t\t\t<style>\/*! elementor - v3.15.0 - 20-08-2023 *\/\n.elementor-widget-text-editor.elementor-drop-cap-view-stacked .elementor-drop-cap{background-color:#69727d;color:#fff}.elementor-widget-text-editor.elementor-drop-cap-view-framed .elementor-drop-cap{color:#69727d;border:3px solid;background-color:transparent}.elementor-widget-text-editor:not(.elementor-drop-cap-view-default) .elementor-drop-cap{margin-top:8px}.elementor-widget-text-editor:not(.elementor-drop-cap-view-default) .elementor-drop-cap-letter{width:1em;height:1em}.elementor-widget-text-editor .elementor-drop-cap{float:left;text-align:center;line-height:1;font-size:50px}.elementor-widget-text-editor .elementor-drop-cap-letter{display:inline-block}<\/style>\t\t\t\tHizmetlerimiz\t\t\t\t\t\t<\/div>\n\t\t\t\t<\/div>\n\t\t\t\t\t<\/div>\n\t\t<\/div>\n\t\t\t\t\t\t\t<\/div>\n\t\t<\/section>\n\t\t\t\t<section class=\"elementor-section elementor-top-section elementor-element elementor-element-346efd0 elementor-section-boxed elementor-section-height-default elementor-section-height-default\" data-id=\"346efd0\" data-element_type=\"section\">\n\t\t\t\t\t\t<div class=\"elementor-container elementor-column-gap-default\">\n\t\t\t\t\t<div class=\"elementor-column elementor-col-50 elementor-top-column elementor-element elementor-element-b6d1458\" data-id=\"b6d1458\" data-element_type=\"column\">\n\t\t\t<div class=\"elementor-widget-wrap elementor-element-populated\">\n\t\t\t\t\t\t\t\t<div class=\"elementor-element elementor-element-d9b858b elementor-widget elementor-widget-image\" data-id=\"d9b858b\" data-element_type=\"widget\" data-widget_type=\"image.default\">\n\t\t\t\t<div class=\"elementor-widget-container\">\n\t\t\t<style>\/*! elementor - v3.15.0 - 20-08-2023 *\/\n.elementor-widget-image{text-align:center}.elementor-widget-image a{display:inline-block}.elementor-widget-image a img[src$=\".svg\"]{width:48px}.elementor-widget-image img{vertical-align:middle;display:inline-block}<\/style>\t\t\t\t\t\t\t\t\t\t\t\t<img decoding=\"async\" loading=\"lazy\" width=\"1588\" height=\"1196\" src=\"https:\/\/guvenaksaray.com\/yapi\/wp-content\/uploads\/2023\/09\/konut-hizmet.jpg\" class=\"attachment-full size-full wp-image-2174\" alt=\"\" srcset=\"https:\/\/guvenaksaray.com\/yapi\/wp-content\/uploads\/2023\/09\/konut-hizmet.jpg 1588w, https:\/\/guvenaksaray.com\/yapi\/wp-content\/uploads\/2023\/09\/konut-hizmet-300x226.jpg 300w, https:\/\/guvenaksaray.com\/yapi\/wp-content\/uploads\/2023\/09\/konut-hizmet-1024x771.jpg 1024w, https:\/\/guvenaksaray.com\/yapi\/wp-content\/uploads\/2023\/09\/konut-hizmet-768x578.jpg 768w, https:\/\/guvenaksaray.com\/yapi\/wp-content\/uploads\/2023\/09\/konut-hizmet-1536x1157.jpg 1536w\" sizes=\"(max-width: 1588px) 100vw, 1588px\" \/>\t\t\t\t\t\t\t\t\t\t\t\t\t\t\t<\/div>\n\t\t\t\t<\/div>\n\t\t\t\t\t<\/div>\n\t\t<\/div>\n\t\t\t\t<div class=\"elementor-column elementor-col-50 elementor-top-column elementor-element elementor-element-3893215\" data-id=\"3893215\" data-element_type=\"column\">\n\t\t\t<div class=\"elementor-widget-wrap elementor-element-populated\">\n\t\t\t\t\t\t\t\t<div class=\"elementor-element elementor-element-48c8e27 elementor-widget elementor-widget-text-editor\" data-id=\"48c8e27\" data-element_type=\"widget\" data-widget_type=\"text-editor.default\">\n\t\t\t\t<div class=\"elementor-widget-container\">\n\t\t\t\t\t\t\tResidansiyel \u0130n\u015faat\t\t\t\t\t\t<\/div>\n\t\t\t\t<\/div>\n\t\t\t\t<div class=\"elementor-element elementor-element-5ccd6a5 elementor-widget elementor-widget-text-editor\" data-id=\"5ccd6a5\" data-element_type=\"widget\" data-widget_type=\"text-editor.default\">\n\t\t\t\t<div class=\"elementor-widget-container\">\n\t\t\t\t\t\t\t<p><strong>Evlerinizi D\u00fc\u015fledi\u011finiz Gibi \u0130n\u015fa Ediyoruz<\/strong><\/p><p>G\u00fcven Yap\u0131, konut in\u015faat\u0131n\u0131n g\u00fczellik ve fonksiyonelli\u011fi bir araya getiren bir sanat oldu\u011funa inan\u0131yor. Biz, hayallerinizdeki ya\u015fam alan\u0131n\u0131 in\u015fa etmek i\u00e7in buraday\u0131z. Y\u0131llar\u0131n getirdi\u011fi deneyim ve uzmanl\u0131\u011f\u0131m\u0131zla, sizin ve ailenizin rahat ve mutlu bir ya\u015fam s\u00fcrd\u00fcrebilece\u011fi bir konut olu\u015fturmak i\u00e7in buraday\u0131z. \u0130n\u015faat sekt\u00f6r\u00fcndeki deneyimimiz, projelerinizin g\u00fcvende oldu\u011fu anlam\u0131na gelir. M\u00fc\u015fterilerimizin memnuniyeti bizim i\u00e7in \u00f6nceliktir. Her ad\u0131mda size destek sunuyoruz.<\/p>\t\t\t\t\t\t<\/div>\n\t\t\t\t<\/div>\n\t\t\t\t\t<\/div>\n\t\t<\/div>\n\t\t\t\t\t\t\t<\/div>\n\t\t<\/section>\n\t\t\t\t<section class=\"elementor-section elementor-top-section elementor-element elementor-element-7c67460 elementor-section-boxed elementor-section-height-default elementor-section-height-default\" data-id=\"7c67460\" data-element_type=\"section\">\n\t\t\t\t\t\t<div class=\"elementor-container elementor-column-gap-default\">\n\t\t\t\t\t<div class=\"elementor-column elementor-col-100 elementor-top-column elementor-element elementor-element-cfcc9ad\" data-id=\"cfcc9ad\" data-element_type=\"column\">\n\t\t\t<div class=\"elementor-widget-wrap elementor-element-populated\">\n\t\t\t\t\t\t\t\t<div class=\"elementor-element elementor-element-69ccb81 elementor-widget elementor-widget-text-editor\" data-id=\"69ccb81\" data-element_type=\"widget\" data-widget_type=\"text-editor.default\">\n\t\t\t\t<div class=\"elementor-widget-container\">\n\t\t\t\t\t\t\t<p><strong>Hizmetlerimiz:<\/strong><\/p><ul><li><p><strong>Yeni Ev \u0130n\u015faat\u0131<\/strong>: Hayalinizdeki evi tasarlamak ve in\u015fa etmek i\u00e7in size \u00f6zel hizmet sunuyoruz. \u0130htiya\u00e7lar\u0131n\u0131za ve b\u00fct\u00e7enize uygun \u00f6zelle\u015ftirilmi\u015f evler tasarl\u0131yoruz.<\/p><\/li><li><p><strong>Ev Renovasyon ve Geni\u015fletme<\/strong>: Mevcut evinizi modernize etmek veya geni\u015fletmek istedi\u011finizde yan\u0131n\u0131zday\u0131z. Evlerinizi daha i\u015flevsel ve g\u00fczel hale getiriyoruz.<\/p><\/li><li><p><strong>S\u00fcrd\u00fcr\u00fclebilirlik ve Enerji Verimlili\u011fi<\/strong>: \u00c7evre dostu tasar\u0131m ve enerji verimlili\u011fi ilkelerini benimseyerek, gelece\u011fe y\u00f6nelik \u00e7evre sorumlulu\u011funu ta\u015f\u0131yoruz.<\/p><\/li><li><p><strong>Proje Y\u00f6netimi<\/strong>: Projelerinizi zaman\u0131nda ve b\u00fct\u00e7e i\u00e7inde tamamlamak i\u00e7in profesyonel proje y\u00f6ntemi sunuyoruz.<\/p><\/li><\/ul>\t\t\t\t\t\t<\/div>\n\t\t\t\t<\/div>\n\t\t\t\t\t<\/div>\n\t\t<\/div>\n\t\t\t\t\t\t\t<\/div>\n\t\t<\/section>\n\t\t\t\t\t\t\t<\/div>\n\t\t","protected":false},"excerpt":{"rendered":"<p>Hizmetlerimiz Residansiyel \u0130n\u015faat Evlerinizi D\u00fc\u015fledi\u011finiz Gibi \u0130n\u015fa Ediyoruz G\u00fcven Yap\u0131, konut in\u015faat\u0131n\u0131n g\u00fczellik ve fonksiyonelli\u011fi bir araya getiren bir sanat oldu\u011funa inan\u0131yor. Biz, hayallerinizdeki ya\u015fam alan\u0131n\u0131 in\u015fa etmek i\u00e7in buraday\u0131z. Y\u0131llar\u0131n getirdi\u011fi deneyim ve uzmanl\u0131\u011f\u0131m\u0131zla, sizin ve ailenizin rahat ve mutlu bir ya\u015fam s\u00fcrd\u00fcrebilece\u011fi bir konut olu\u015fturmak i\u00e7in buraday\u0131z. \u0130n\u015faat sekt\u00f6r\u00fcndeki deneyimimiz, projelerinizin g\u00fcvende oldu\u011fu &hellip;<\/p>\n<p class=\"read-more\"> <a class=\"\" href=\"https:\/\/guvenaksaray.com\/yapi\/residansiyel-insaat\/\"> <span class=\"screen-reader-text\">Residansiyel \u0130n\u015faat<\/span> Devam\u0131 &raquo;<\/a><\/p>\n","protected":false},"author":1,"featured_media":0,"parent":0,"menu_order":0,"comment_status":"closed","ping_status":"closed","template":"","meta":{"site-sidebar-layout":"no-sidebar","site-content-layout":"page-builder","ast-site-content-layout":"full-width-container","site-content-style":"unboxed","site-sidebar-style":"unboxed","ast-global-header-display":"","ast-banner-title-visibility":"","ast-main-header-display":"","ast-hfb-above-header-display":"","ast-hfb-below-header-display":"","ast-hfb-mobile-header-display":"","site-post-title":"disabled","ast-breadcrumbs-content":"","ast-featured-img":"disabled","footer-sml-layout":"","theme-transparent-header-meta":"enabled","adv-header-id-meta":"","stick-header-meta":"","header-above-stick-meta":"","header-main-stick-meta":"","header-below-stick-meta":"","astra-migrate-meta-layouts":"set","footnotes":"","_joinchat":[]},"yoast_head":"<!-- This site is optimized with the Yoast SEO plugin v21.0 - https:\/\/yoast.com\/wordpress\/plugins\/seo\/ -->\n<title>Residansiyel \u0130n\u015faat - G\u00fcven Yap\u0131 Aksaray<\/title>\n<meta name=\"robots\" content=\"index, follow, max-snippet:-1, max-image-preview:large, max-video-preview:-1\" \/>\n<link rel=\"canonical\" href=\"https:\/\/guvenaksaray.com\/yapi\/residansiyel-insaat\/\" \/>\n<meta property=\"og:locale\" content=\"tr_TR\" \/>\n<meta property=\"og:type\" content=\"article\" \/>\n<meta property=\"og:title\" content=\"Residansiyel \u0130n\u015faat - G\u00fcven Yap\u0131 Aksaray\" \/>\n<meta property=\"og:description\" content=\"Hizmetlerimiz Residansiyel \u0130n\u015faat Evlerinizi D\u00fc\u015fledi\u011finiz Gibi \u0130n\u015fa Ediyoruz G\u00fcven Yap\u0131, konut in\u015faat\u0131n\u0131n g\u00fczellik ve fonksiyonelli\u011fi bir araya getiren bir sanat oldu\u011funa inan\u0131yor. Biz, hayallerinizdeki ya\u015fam alan\u0131n\u0131 in\u015fa etmek i\u00e7in buraday\u0131z. Y\u0131llar\u0131n getirdi\u011fi deneyim ve uzmanl\u0131\u011f\u0131m\u0131zla, sizin ve ailenizin rahat ve mutlu bir ya\u015fam s\u00fcrd\u00fcrebilece\u011fi bir konut olu\u015fturmak i\u00e7in buraday\u0131z. \u0130n\u015faat sekt\u00f6r\u00fcndeki deneyimimiz, projelerinizin g\u00fcvende oldu\u011fu &hellip; Residansiyel \u0130n\u015faat Devam\u0131 &raquo;\" \/>\n<meta property=\"og:url\" content=\"https:\/\/guvenaksaray.com\/yapi\/residansiyel-insaat\/\" \/>\n<meta property=\"og:site_name\" content=\"G\u00fcven Yap\u0131 Aksaray\" \/>\n<meta property=\"article:modified_time\" content=\"2023-09-12T22:51:07+00:00\" \/>\n<meta property=\"og:image\" content=\"https:\/\/guvenaksaray.com\/yapi\/wp-content\/uploads\/2023\/09\/konut-hizmet.jpg\" \/>\n<meta name=\"twitter:card\" content=\"summary_large_image\" \/>\n<meta name=\"twitter:label1\" content=\"Tahmini okuma s\u00fcresi\" \/>\n\t<meta name=\"twitter:data1\" content=\"2 dakika\" \/>\n<script type=\"application\/ld+json\" class=\"yoast-schema-graph\">{\"@context\":\"https:\/\/schema.org\",\"@graph\":[{\"@type\":\"WebPage\",\"@id\":\"https:\/\/guvenaksaray.com\/yapi\/residansiyel-insaat\/\",\"url\":\"https:\/\/guvenaksaray.com\/yapi\/residansiyel-insaat\/\",\"name\":\"Residansiyel \u0130n\u015faat - G\u00fcven Yap\u0131 Aksaray\",\"isPartOf\":{\"@id\":\"https:\/\/guvenaksaray.com\/yapi\/#website\"},\"datePublished\":\"2023-08-09T13:46:30+00:00\",\"dateModified\":\"2023-09-12T22:51:07+00:00\",\"breadcrumb\":{\"@id\":\"https:\/\/guvenaksaray.com\/yapi\/residansiyel-insaat\/#breadcrumb\"},\"inLanguage\":\"tr\",\"potentialAction\":[{\"@type\":\"ReadAction\",\"target\":[\"https:\/\/guvenaksaray.com\/yapi\/residansiyel-insaat\/\"]}]},{\"@type\":\"BreadcrumbList\",\"@id\":\"https:\/\/guvenaksaray.com\/yapi\/residansiyel-insaat\/#breadcrumb\",\"itemListElement\":[{\"@type\":\"ListItem\",\"position\":1,\"name\":\"Anasayfa\",\"item\":\"https:\/\/guvenaksaray.com\/yapi\/\"},{\"@type\":\"ListItem\",\"position\":2,\"name\":\"Residansiyel \u0130n\u015faat\"}]},{\"@type\":\"WebSite\",\"@id\":\"https:\/\/guvenaksaray.com\/yapi\/#website\",\"url\":\"https:\/\/guvenaksaray.com\/yapi\/\",\"name\":\"G\u00fcven Yap\u0131 Aksaray\",\"description\":\"\",\"publisher\":{\"@id\":\"https:\/\/guvenaksaray.com\/yapi\/#organization\"},\"potentialAction\":[{\"@type\":\"SearchAction\",\"target\":{\"@type\":\"EntryPoint\",\"urlTemplate\":\"https:\/\/guvenaksaray.com\/yapi\/?s={search_term_string}\"},\"query-input\":\"required name=search_term_string\"}],\"inLanguage\":\"tr\"},{\"@type\":\"Organization\",\"@id\":\"https:\/\/guvenaksaray.com\/yapi\/#organization\",\"name\":\"G\u00fcven Yap\u0131 Aksaray\",\"url\":\"https:\/\/guvenaksaray.com\/yapi\/\",\"logo\":{\"@type\":\"ImageObject\",\"inLanguage\":\"tr\",\"@id\":\"https:\/\/guvenaksaray.com\/yapi\/#\/schema\/logo\/image\/\",\"url\":\"https:\/\/guvenaksaray.com\/yapi\/wp-content\/uploads\/2023\/09\/cropped-logo-guven-yapi-122.png\",\"contentUrl\":\"https:\/\/guvenaksaray.com\/yapi\/wp-content\/uploads\/2023\/09\/cropped-logo-guven-yapi-122.png\",\"width\":815,\"height\":222,\"caption\":\"G\u00fcven Yap\u0131 Aksaray\"},\"image\":{\"@id\":\"https:\/\/guvenaksaray.com\/yapi\/#\/schema\/logo\/image\/\"}}]}<\/script>\n<!-- \/ Yoast SEO plugin. -->","yoast_head_json":{"title":"Residansiyel \u0130n\u015faat - G\u00fcven Yap\u0131 Aksaray","robots":{"index":"index","follow":"follow","max-snippet":"max-snippet:-1","max-image-preview":"max-image-preview:large","max-video-preview":"max-video-preview:-1"},"canonical":"https:\/\/guvenaksaray.com\/yapi\/residansiyel-insaat\/","og_locale":"tr_TR","og_type":"article","og_title":"Residansiyel \u0130n\u015faat - G\u00fcven Yap\u0131 Aksaray","og_description":"Hizmetlerimiz Residansiyel \u0130n\u015faat Evlerinizi D\u00fc\u015fledi\u011finiz Gibi \u0130n\u015fa Ediyoruz G\u00fcven Yap\u0131, konut in\u015faat\u0131n\u0131n g\u00fczellik ve fonksiyonelli\u011fi bir araya getiren bir sanat oldu\u011funa inan\u0131yor. Biz, hayallerinizdeki ya\u015fam alan\u0131n\u0131 in\u015fa etmek i\u00e7in buraday\u0131z. Y\u0131llar\u0131n getirdi\u011fi deneyim ve uzmanl\u0131\u011f\u0131m\u0131zla, sizin ve ailenizin rahat ve mutlu bir ya\u015fam s\u00fcrd\u00fcrebilece\u011fi bir konut olu\u015fturmak i\u00e7in buraday\u0131z. \u0130n\u015faat sekt\u00f6r\u00fcndeki deneyimimiz, projelerinizin g\u00fcvende oldu\u011fu &hellip; Residansiyel \u0130n\u015faat Devam\u0131 &raquo;","og_url":"https:\/\/guvenaksaray.com\/yapi\/residansiyel-insaat\/","og_site_name":"G\u00fcven Yap\u0131 Aksaray","article_modified_time":"2023-09-12T22:51:07+00:00","og_image":[{"url":"https:\/\/guvenaksaray.com\/yapi\/wp-content\/uploads\/2023\/09\/konut-hizmet.jpg"}],"twitter_card":"summary_large_image","twitter_misc":{"Tahmini okuma s\u00fcresi":"2 dakika"},"schema":{"@context":"https:\/\/schema.org","@graph":[{"@type":"WebPage","@id":"https:\/\/guvenaksaray.com\/yapi\/residansiyel-insaat\/","url":"https:\/\/guvenaksaray.com\/yapi\/residansiyel-insaat\/","name":"Residansiyel \u0130n\u015faat - G\u00fcven Yap\u0131 Aksaray","isPartOf":{"@id":"https:\/\/guvenaksaray.com\/yapi\/#website"},"datePublished":"2023-08-09T13:46:30+00:00","dateModified":"2023-09-12T22:51:07+00:00","breadcrumb":{"@id":"https:\/\/guvenaksaray.com\/yapi\/residansiyel-insaat\/#breadcrumb"},"inLanguage":"tr","potentialAction":[{"@type":"ReadAction","target":["https:\/\/guvenaksaray.com\/yapi\/residansiyel-insaat\/"]}]},{"@type":"BreadcrumbList","@id":"https:\/\/guvenaksaray.com\/yapi\/residansiyel-insaat\/#breadcrumb","itemListElement":[{"@type":"ListItem","position":1,"name":"Anasayfa","item":"https:\/\/guvenaksaray.com\/yapi\/"},{"@type":"ListItem","position":2,"name":"Residansiyel \u0130n\u015faat"}]},{"@type":"WebSite","@id":"https:\/\/guvenaksaray.com\/yapi\/#website","url":"https:\/\/guvenaksaray.com\/yapi\/","name":"G\u00fcven Yap\u0131 Aksaray","description":"","publisher":{"@id":"https:\/\/guvenaksaray.com\/yapi\/#organization"},"potentialAction":[{"@type":"SearchAction","target":{"@type":"EntryPoint","urlTemplate":"https:\/\/guvenaksaray.com\/yapi\/?s={search_term_string}"},"query-input":"required name=search_term_string"}],"inLanguage":"tr"},{"@type":"Organization","@id":"https:\/\/guvenaksaray.com\/yapi\/#organization","name":"G\u00fcven Yap\u0131 Aksaray","url":"https:\/\/guvenaksaray.com\/yapi\/","logo":{"@type":"ImageObject","inLanguage":"tr","@id":"https:\/\/guvenaksaray.com\/yapi\/#\/schema\/logo\/image\/","url":"https:\/\/guvenaksaray.com\/yapi\/wp-content\/uploads\/2023\/09\/cropped-logo-guven-yapi-122.png","contentUrl":"https:\/\/guvenaksaray.com\/yapi\/wp-content\/uploads\/2023\/09\/cropped-logo-guven-yapi-122.png","width":815,"height":222,"caption":"G\u00fcven Yap\u0131 Aksaray"},"image":{"@id":"https:\/\/guvenaksaray.com\/yapi\/#\/schema\/logo\/image\/"}}]}},"_links":{"self":[{"href":"https:\/\/guvenaksaray.com\/yapi\/wp-json\/wp\/v2\/pages\/1761"}],"collection":[{"href":"https:\/\/guvenaksaray.com\/yapi\/wp-json\/wp\/v2\/pages"}],"about":[{"href":"https:\/\/guvenaksaray.com\/yapi\/wp-json\/wp\/v2\/types\/page"}],"author":[{"embeddable":true,"href":"https:\/\/guvenaksaray.com\/yapi\/wp-json\/wp\/v2\/users\/1"}],"replies":[{"embeddable":true,"href":"https:\/\/guvenaksaray.com\/yapi\/wp-json\/wp\/v2\/comments?post=1761"}],"version-history":[{"count":16,"href":"https:\/\/guvenaksaray.com\/yapi\/wp-json\/wp\/v2\/pages\/1761\/revisions"}],"predecessor-version":[{"id":2196,"href":"https:\/\/guvenaksaray.com\/yapi\/wp-json\/wp\/v2\/pages\/1761\/revisions\/2196"}],"wp:attachment":[{"href":"https:\/\/guvenaksaray.com\/yapi\/wp-json\/wp\/v2\/media?parent=1761"}],"curies":[{"name":"wp","href":"https:\/\/api.w.org\/{rel}","templated":true}]}}