{"id":1762,"date":"2023-08-09T16:54:58","date_gmt":"2023-08-09T13:54:58","guid":{"rendered":"https:\/\/guvenaksaray.com\/yapi\/?page_id=1762"},"modified":"2023-09-13T01:47:29","modified_gmt":"2023-09-12T22:47:29","slug":"restorasyon-ve-bakim","status":"publish","type":"page","link":"https:\/\/guvenaksaray.com\/yapi\/restorasyon-ve-bakim\/","title":{"rendered":"Restorasyon ve Bak\u0131m"},"content":{"rendered":"\t\t<div data-elementor-type=\"wp-page\" data-elementor-id=\"1762\" class=\"elementor elementor-1762\">\n\t\t\t\t\t\t\t\t\t<section class=\"elementor-section elementor-top-section elementor-element elementor-element-bc672b7 elementor-section-boxed elementor-section-height-default elementor-section-height-default\" data-id=\"bc672b7\" data-element_type=\"section\" data-settings=\"{&quot;background_background&quot;:&quot;classic&quot;}\">\n\t\t\t\t\t\t\t<div class=\"elementor-background-overlay\"><\/div>\n\t\t\t\t\t\t\t<div class=\"elementor-container elementor-column-gap-default\">\n\t\t\t\t\t<div class=\"elementor-column elementor-col-100 elementor-top-column elementor-element elementor-element-df39435\" data-id=\"df39435\" data-element_type=\"column\" data-settings=\"{&quot;background_background&quot;:&quot;classic&quot;}\">\n\t\t\t<div class=\"elementor-widget-wrap elementor-element-populated\">\n\t\t\t\t\t<div class=\"elementor-background-overlay\"><\/div>\n\t\t\t\t\t\t\t\t<div class=\"elementor-element elementor-element-38d2e8b elementor-widget elementor-widget-text-editor\" data-id=\"38d2e8b\" data-element_type=\"widget\" data-widget_type=\"text-editor.default\">\n\t\t\t\t<div class=\"elementor-widget-container\">\n\t\t\t<style>\/*! elementor - v3.15.0 - 20-08-2023 *\/\n.elementor-widget-text-editor.elementor-drop-cap-view-stacked .elementor-drop-cap{background-color:#69727d;color:#fff}.elementor-widget-text-editor.elementor-drop-cap-view-framed .elementor-drop-cap{color:#69727d;border:3px solid;background-color:transparent}.elementor-widget-text-editor:not(.elementor-drop-cap-view-default) .elementor-drop-cap{margin-top:8px}.elementor-widget-text-editor:not(.elementor-drop-cap-view-default) .elementor-drop-cap-letter{width:1em;height:1em}.elementor-widget-text-editor .elementor-drop-cap{float:left;text-align:center;line-height:1;font-size:50px}.elementor-widget-text-editor .elementor-drop-cap-letter{display:inline-block}<\/style>\t\t\t\tHizmetlerimiz\t\t\t\t\t\t<\/div>\n\t\t\t\t<\/div>\n\t\t\t\t\t<\/div>\n\t\t<\/div>\n\t\t\t\t\t\t\t<\/div>\n\t\t<\/section>\n\t\t\t\t<section class=\"elementor-section elementor-top-section elementor-element elementor-element-2a27e12 elementor-section-boxed elementor-section-height-default elementor-section-height-default\" data-id=\"2a27e12\" data-element_type=\"section\">\n\t\t\t\t\t\t<div class=\"elementor-container elementor-column-gap-default\">\n\t\t\t\t\t<div class=\"elementor-column elementor-col-50 elementor-top-column elementor-element elementor-element-d020203\" data-id=\"d020203\" data-element_type=\"column\">\n\t\t\t<div class=\"elementor-widget-wrap elementor-element-populated\">\n\t\t\t\t\t\t\t\t<div class=\"elementor-element elementor-element-0dc4efe elementor-widget elementor-widget-image\" data-id=\"0dc4efe\" data-element_type=\"widget\" data-widget_type=\"image.default\">\n\t\t\t\t<div class=\"elementor-widget-container\">\n\t\t\t<style>\/*! elementor - v3.15.0 - 20-08-2023 *\/\n.elementor-widget-image{text-align:center}.elementor-widget-image a{display:inline-block}.elementor-widget-image a img[src$=\".svg\"]{width:48px}.elementor-widget-image img{vertical-align:middle;display:inline-block}<\/style>\t\t\t\t\t\t\t\t\t\t\t\t<img decoding=\"async\" loading=\"lazy\" width=\"1630\" height=\"1080\" src=\"https:\/\/guvenaksaray.com\/yapi\/wp-content\/uploads\/2023\/09\/restorasyon.jpg\" class=\"attachment-full size-full wp-image-2176\" alt=\"\" srcset=\"https:\/\/guvenaksaray.com\/yapi\/wp-content\/uploads\/2023\/09\/restorasyon.jpg 1630w, https:\/\/guvenaksaray.com\/yapi\/wp-content\/uploads\/2023\/09\/restorasyon-300x199.jpg 300w, https:\/\/guvenaksaray.com\/yapi\/wp-content\/uploads\/2023\/09\/restorasyon-1024x678.jpg 1024w, https:\/\/guvenaksaray.com\/yapi\/wp-content\/uploads\/2023\/09\/restorasyon-768x509.jpg 768w, https:\/\/guvenaksaray.com\/yapi\/wp-content\/uploads\/2023\/09\/restorasyon-1536x1018.jpg 1536w\" sizes=\"(max-width: 1630px) 100vw, 1630px\" \/>\t\t\t\t\t\t\t\t\t\t\t\t\t\t\t<\/div>\n\t\t\t\t<\/div>\n\t\t\t\t\t<\/div>\n\t\t<\/div>\n\t\t\t\t<div class=\"elementor-column elementor-col-50 elementor-top-column elementor-element elementor-element-c493723\" data-id=\"c493723\" data-element_type=\"column\">\n\t\t\t<div class=\"elementor-widget-wrap elementor-element-populated\">\n\t\t\t\t\t\t\t\t<div class=\"elementor-element elementor-element-d2d9c63 elementor-widget elementor-widget-text-editor\" data-id=\"d2d9c63\" data-element_type=\"widget\" data-widget_type=\"text-editor.default\">\n\t\t\t\t<div class=\"elementor-widget-container\">\n\t\t\t\t\t\t\tRestorasyon ve Bak\u0131m\t\t\t\t\t\t<\/div>\n\t\t\t\t<\/div>\n\t\t\t\t<div class=\"elementor-element elementor-element-4f572eb elementor-widget elementor-widget-text-editor\" data-id=\"4f572eb\" data-element_type=\"widget\" data-widget_type=\"text-editor.default\">\n\t\t\t\t<div class=\"elementor-widget-container\">\n\t\t\t\t\t\t\t<p><strong>Ge\u00e7mi\u015fi Koruyor, Gelece\u011fi \u0130yile\u015ftiriyoruz<\/strong><\/p><p>G\u00fcven Yap\u0131, tarihi miras\u0131 koruma ve mevcut binalar\u0131 yenileme konusunda uzmanla\u015fm\u0131\u015f bir ekibi b\u00fcnyesinde bar\u0131nd\u0131r\u0131r. Ge\u00e7mi\u015fi ya\u015fatmak ve gelece\u011fi g\u00fc\u00e7lendirmek i\u00e7in buraday\u0131z.<\/p>\t\t\t\t\t\t<\/div>\n\t\t\t\t<\/div>\n\t\t\t\t\t<\/div>\n\t\t<\/div>\n\t\t\t\t\t\t\t<\/div>\n\t\t<\/section>\n\t\t\t\t<section class=\"elementor-section elementor-top-section elementor-element elementor-element-879f75d elementor-section-boxed elementor-section-height-default elementor-section-height-default\" data-id=\"879f75d\" data-element_type=\"section\">\n\t\t\t\t\t\t<div class=\"elementor-container elementor-column-gap-default\">\n\t\t\t\t\t<div class=\"elementor-column elementor-col-100 elementor-top-column elementor-element elementor-element-8cee558\" data-id=\"8cee558\" data-element_type=\"column\">\n\t\t\t<div class=\"elementor-widget-wrap elementor-element-populated\">\n\t\t\t\t\t\t\t\t<div class=\"elementor-element elementor-element-a2d9715 elementor-widget elementor-widget-text-editor\" data-id=\"a2d9715\" data-element_type=\"widget\" data-widget_type=\"text-editor.default\">\n\t\t\t\t<div class=\"elementor-widget-container\">\n\t\t\t\t\t\t\t<p><strong>Hizmetlerimiz:<\/strong><\/p><ul><li><p><strong>Yap\u0131 Bak\u0131m ve Onar\u0131m<\/strong>: Mevcut binalar\u0131 g\u00fc\u00e7lendiriyor, bak\u0131m\u0131n\u0131 yap\u0131yor ve dayan\u0131kl\u0131l\u0131klar\u0131n\u0131 art\u0131r\u0131yoruz.<\/p><\/li><li><p><strong>Yeniden Yap\u0131land\u0131rma ve Modernizasyon<\/strong>: Eski binalar\u0131 modern ihtiya\u00e7lara uygun hale getiriyoruz, i\u015flevselli\u011fi art\u0131r\u0131yoruz.<\/p><\/li><li><p><strong>S\u00fcrd\u00fcr\u00fclebilir Restorasyon<\/strong>: Tarihi binalar\u0131 s\u00fcrd\u00fcr\u00fclebilir ve enerji verimli y\u00f6ntemlerle restore ediyoruz.<\/p><\/li><li><p><strong>Proje Y\u00f6netimi<\/strong>: Projelerinizi b\u00fct\u00e7eye ve zaman \u00e7izelgesine uygun bir \u015fekilde y\u00f6netiyoruz.<\/p><\/li><\/ul>\t\t\t\t\t\t<\/div>\n\t\t\t\t<\/div>\n\t\t\t\t\t<\/div>\n\t\t<\/div>\n\t\t\t\t\t\t\t<\/div>\n\t\t<\/section>\n\t\t\t\t\t\t\t<\/div>\n\t\t","protected":false},"excerpt":{"rendered":"<p>Hizmetlerimiz Restorasyon ve Bak\u0131m Ge\u00e7mi\u015fi Koruyor, Gelece\u011fi \u0130yile\u015ftiriyoruz G\u00fcven Yap\u0131, tarihi miras\u0131 koruma ve mevcut binalar\u0131 yenileme konusunda uzmanla\u015fm\u0131\u015f bir ekibi b\u00fcnyesinde bar\u0131nd\u0131r\u0131r. Ge\u00e7mi\u015fi ya\u015fatmak ve gelece\u011fi g\u00fc\u00e7lendirmek i\u00e7in buraday\u0131z. Hizmetlerimiz: Yap\u0131 Bak\u0131m ve Onar\u0131m: Mevcut binalar\u0131 g\u00fc\u00e7lendiriyor, bak\u0131m\u0131n\u0131 yap\u0131yor ve dayan\u0131kl\u0131l\u0131klar\u0131n\u0131 art\u0131r\u0131yoruz. Yeniden Yap\u0131land\u0131rma ve Modernizasyon: Eski binalar\u0131 modern ihtiya\u00e7lara uygun hale getiriyoruz, i\u015flevselli\u011fi &hellip;<\/p>\n<p class=\"read-more\"> <a class=\"\" href=\"https:\/\/guvenaksaray.com\/yapi\/restorasyon-ve-bakim\/\"> <span class=\"screen-reader-text\">Restorasyon ve Bak\u0131m<\/span> Devam\u0131 &raquo;<\/a><\/p>\n","protected":false},"author":1,"featured_media":0,"parent":0,"menu_order":0,"comment_status":"closed","ping_status":"closed","template":"","meta":{"site-sidebar-layout":"no-sidebar","site-content-layout":"page-builder","ast-site-content-layout":"full-width-container","site-content-style":"unboxed","site-sidebar-style":"unboxed","ast-global-header-display":"","ast-banner-title-visibility":"","ast-main-header-display":"","ast-hfb-above-header-display":"","ast-hfb-below-header-display":"","ast-hfb-mobile-header-display":"","site-post-title":"disabled","ast-breadcrumbs-content":"","ast-featured-img":"disabled","footer-sml-layout":"","theme-transparent-header-meta":"enabled","adv-header-id-meta":"","stick-header-meta":"","header-above-stick-meta":"","header-main-stick-meta":"","header-below-stick-meta":"","astra-migrate-meta-layouts":"set","footnotes":"","_joinchat":[]},"yoast_head":"<!-- This site is optimized with the Yoast SEO plugin v21.0 - https:\/\/yoast.com\/wordpress\/plugins\/seo\/ -->\n<title>Restorasyon ve Bak\u0131m - G\u00fcven Yap\u0131 Aksaray<\/title>\n<meta name=\"robots\" content=\"index, follow, max-snippet:-1, max-image-preview:large, max-video-preview:-1\" \/>\n<link rel=\"canonical\" href=\"https:\/\/guvenaksaray.com\/yapi\/restorasyon-ve-bakim\/\" \/>\n<meta property=\"og:locale\" content=\"tr_TR\" \/>\n<meta property=\"og:type\" content=\"article\" \/>\n<meta property=\"og:title\" content=\"Restorasyon ve Bak\u0131m - G\u00fcven Yap\u0131 Aksaray\" \/>\n<meta property=\"og:description\" content=\"Hizmetlerimiz Restorasyon ve Bak\u0131m Ge\u00e7mi\u015fi Koruyor, Gelece\u011fi \u0130yile\u015ftiriyoruz G\u00fcven Yap\u0131, tarihi miras\u0131 koruma ve mevcut binalar\u0131 yenileme konusunda uzmanla\u015fm\u0131\u015f bir ekibi b\u00fcnyesinde bar\u0131nd\u0131r\u0131r. Ge\u00e7mi\u015fi ya\u015fatmak ve gelece\u011fi g\u00fc\u00e7lendirmek i\u00e7in buraday\u0131z. Hizmetlerimiz: Yap\u0131 Bak\u0131m ve Onar\u0131m: Mevcut binalar\u0131 g\u00fc\u00e7lendiriyor, bak\u0131m\u0131n\u0131 yap\u0131yor ve dayan\u0131kl\u0131l\u0131klar\u0131n\u0131 art\u0131r\u0131yoruz. Yeniden Yap\u0131land\u0131rma ve Modernizasyon: Eski binalar\u0131 modern ihtiya\u00e7lara uygun hale getiriyoruz, i\u015flevselli\u011fi &hellip; Restorasyon ve Bak\u0131m Devam\u0131 &raquo;\" \/>\n<meta property=\"og:url\" content=\"https:\/\/guvenaksaray.com\/yapi\/restorasyon-ve-bakim\/\" \/>\n<meta property=\"og:site_name\" content=\"G\u00fcven Yap\u0131 Aksaray\" \/>\n<meta property=\"article:modified_time\" content=\"2023-09-12T22:47:29+00:00\" \/>\n<meta property=\"og:image\" content=\"https:\/\/guvenaksaray.com\/yapi\/wp-content\/uploads\/2023\/09\/restorasyon.jpg\" \/>\n<meta name=\"twitter:card\" content=\"summary_large_image\" \/>\n<meta name=\"twitter:label1\" content=\"Tahmini okuma s\u00fcresi\" \/>\n\t<meta name=\"twitter:data1\" content=\"1 dakika\" \/>\n<script type=\"application\/ld+json\" class=\"yoast-schema-graph\">{\"@context\":\"https:\/\/schema.org\",\"@graph\":[{\"@type\":\"WebPage\",\"@id\":\"https:\/\/guvenaksaray.com\/yapi\/restorasyon-ve-bakim\/\",\"url\":\"https:\/\/guvenaksaray.com\/yapi\/restorasyon-ve-bakim\/\",\"name\":\"Restorasyon ve Bak\u0131m - G\u00fcven Yap\u0131 Aksaray\",\"isPartOf\":{\"@id\":\"https:\/\/guvenaksaray.com\/yapi\/#website\"},\"datePublished\":\"2023-08-09T13:54:58+00:00\",\"dateModified\":\"2023-09-12T22:47:29+00:00\",\"breadcrumb\":{\"@id\":\"https:\/\/guvenaksaray.com\/yapi\/restorasyon-ve-bakim\/#breadcrumb\"},\"inLanguage\":\"tr\",\"potentialAction\":[{\"@type\":\"ReadAction\",\"target\":[\"https:\/\/guvenaksaray.com\/yapi\/restorasyon-ve-bakim\/\"]}]},{\"@type\":\"BreadcrumbList\",\"@id\":\"https:\/\/guvenaksaray.com\/yapi\/restorasyon-ve-bakim\/#breadcrumb\",\"itemListElement\":[{\"@type\":\"ListItem\",\"position\":1,\"name\":\"Anasayfa\",\"item\":\"https:\/\/guvenaksaray.com\/yapi\/\"},{\"@type\":\"ListItem\",\"position\":2,\"name\":\"Restorasyon ve Bak\u0131m\"}]},{\"@type\":\"WebSite\",\"@id\":\"https:\/\/guvenaksaray.com\/yapi\/#website\",\"url\":\"https:\/\/guvenaksaray.com\/yapi\/\",\"name\":\"G\u00fcven Yap\u0131 Aksaray\",\"description\":\"\",\"publisher\":{\"@id\":\"https:\/\/guvenaksaray.com\/yapi\/#organization\"},\"potentialAction\":[{\"@type\":\"SearchAction\",\"target\":{\"@type\":\"EntryPoint\",\"urlTemplate\":\"https:\/\/guvenaksaray.com\/yapi\/?s={search_term_string}\"},\"query-input\":\"required name=search_term_string\"}],\"inLanguage\":\"tr\"},{\"@type\":\"Organization\",\"@id\":\"https:\/\/guvenaksaray.com\/yapi\/#organization\",\"name\":\"G\u00fcven Yap\u0131 Aksaray\",\"url\":\"https:\/\/guvenaksaray.com\/yapi\/\",\"logo\":{\"@type\":\"ImageObject\",\"inLanguage\":\"tr\",\"@id\":\"https:\/\/guvenaksaray.com\/yapi\/#\/schema\/logo\/image\/\",\"url\":\"https:\/\/guvenaksaray.com\/yapi\/wp-content\/uploads\/2023\/09\/cropped-logo-guven-yapi-122.png\",\"contentUrl\":\"https:\/\/guvenaksaray.com\/yapi\/wp-content\/uploads\/2023\/09\/cropped-logo-guven-yapi-122.png\",\"width\":815,\"height\":222,\"caption\":\"G\u00fcven Yap\u0131 Aksaray\"},\"image\":{\"@id\":\"https:\/\/guvenaksaray.com\/yapi\/#\/schema\/logo\/image\/\"}}]}<\/script>\n<!-- \/ Yoast SEO plugin. -->","yoast_head_json":{"title":"Restorasyon ve Bak\u0131m - G\u00fcven Yap\u0131 Aksaray","robots":{"index":"index","follow":"follow","max-snippet":"max-snippet:-1","max-image-preview":"max-image-preview:large","max-video-preview":"max-video-preview:-1"},"canonical":"https:\/\/guvenaksaray.com\/yapi\/restorasyon-ve-bakim\/","og_locale":"tr_TR","og_type":"article","og_title":"Restorasyon ve Bak\u0131m - G\u00fcven Yap\u0131 Aksaray","og_description":"Hizmetlerimiz Restorasyon ve Bak\u0131m Ge\u00e7mi\u015fi Koruyor, Gelece\u011fi \u0130yile\u015ftiriyoruz G\u00fcven Yap\u0131, tarihi miras\u0131 koruma ve mevcut binalar\u0131 yenileme konusunda uzmanla\u015fm\u0131\u015f bir ekibi b\u00fcnyesinde bar\u0131nd\u0131r\u0131r. Ge\u00e7mi\u015fi ya\u015fatmak ve gelece\u011fi g\u00fc\u00e7lendirmek i\u00e7in buraday\u0131z. Hizmetlerimiz: Yap\u0131 Bak\u0131m ve Onar\u0131m: Mevcut binalar\u0131 g\u00fc\u00e7lendiriyor, bak\u0131m\u0131n\u0131 yap\u0131yor ve dayan\u0131kl\u0131l\u0131klar\u0131n\u0131 art\u0131r\u0131yoruz. Yeniden Yap\u0131land\u0131rma ve Modernizasyon: Eski binalar\u0131 modern ihtiya\u00e7lara uygun hale getiriyoruz, i\u015flevselli\u011fi &hellip; Restorasyon ve Bak\u0131m Devam\u0131 &raquo;","og_url":"https:\/\/guvenaksaray.com\/yapi\/restorasyon-ve-bakim\/","og_site_name":"G\u00fcven Yap\u0131 Aksaray","article_modified_time":"2023-09-12T22:47:29+00:00","og_image":[{"url":"https:\/\/guvenaksaray.com\/yapi\/wp-content\/uploads\/2023\/09\/restorasyon.jpg"}],"twitter_card":"summary_large_image","twitter_misc":{"Tahmini okuma s\u00fcresi":"1 dakika"},"schema":{"@context":"https:\/\/schema.org","@graph":[{"@type":"WebPage","@id":"https:\/\/guvenaksaray.com\/yapi\/restorasyon-ve-bakim\/","url":"https:\/\/guvenaksaray.com\/yapi\/restorasyon-ve-bakim\/","name":"Restorasyon ve Bak\u0131m - G\u00fcven Yap\u0131 Aksaray","isPartOf":{"@id":"https:\/\/guvenaksaray.com\/yapi\/#website"},"datePublished":"2023-08-09T13:54:58+00:00","dateModified":"2023-09-12T22:47:29+00:00","breadcrumb":{"@id":"https:\/\/guvenaksaray.com\/yapi\/restorasyon-ve-bakim\/#breadcrumb"},"inLanguage":"tr","potentialAction":[{"@type":"ReadAction","target":["https:\/\/guvenaksaray.com\/yapi\/restorasyon-ve-bakim\/"]}]},{"@type":"BreadcrumbList","@id":"https:\/\/guvenaksaray.com\/yapi\/restorasyon-ve-bakim\/#breadcrumb","itemListElement":[{"@type":"ListItem","position":1,"name":"Anasayfa","item":"https:\/\/guvenaksaray.com\/yapi\/"},{"@type":"ListItem","position":2,"name":"Restorasyon ve Bak\u0131m"}]},{"@type":"WebSite","@id":"https:\/\/guvenaksaray.com\/yapi\/#website","url":"https:\/\/guvenaksaray.com\/yapi\/","name":"G\u00fcven Yap\u0131 Aksaray","description":"","publisher":{"@id":"https:\/\/guvenaksaray.com\/yapi\/#organization"},"potentialAction":[{"@type":"SearchAction","target":{"@type":"EntryPoint","urlTemplate":"https:\/\/guvenaksaray.com\/yapi\/?s={search_term_string}"},"query-input":"required name=search_term_string"}],"inLanguage":"tr"},{"@type":"Organization","@id":"https:\/\/guvenaksaray.com\/yapi\/#organization","name":"G\u00fcven Yap\u0131 Aksaray","url":"https:\/\/guvenaksaray.com\/yapi\/","logo":{"@type":"ImageObject","inLanguage":"tr","@id":"https:\/\/guvenaksaray.com\/yapi\/#\/schema\/logo\/image\/","url":"https:\/\/guvenaksaray.com\/yapi\/wp-content\/uploads\/2023\/09\/cropped-logo-guven-yapi-122.png","contentUrl":"https:\/\/guvenaksaray.com\/yapi\/wp-content\/uploads\/2023\/09\/cropped-logo-guven-yapi-122.png","width":815,"height":222,"caption":"G\u00fcven Yap\u0131 Aksaray"},"image":{"@id":"https:\/\/guvenaksaray.com\/yapi\/#\/schema\/logo\/image\/"}}]}},"_links":{"self":[{"href":"https:\/\/guvenaksaray.com\/yapi\/wp-json\/wp\/v2\/pages\/1762"}],"collection":[{"href":"https:\/\/guvenaksaray.com\/yapi\/wp-json\/wp\/v2\/pages"}],"about":[{"href":"https:\/\/guvenaksaray.com\/yapi\/wp-json\/wp\/v2\/types\/page"}],"author":[{"embeddable":true,"href":"https:\/\/guvenaksaray.com\/yapi\/wp-json\/wp\/v2\/users\/1"}],"replies":[{"embeddable":true,"href":"https:\/\/guvenaksaray.com\/yapi\/wp-json\/wp\/v2\/comments?post=1762"}],"version-history":[{"count":10,"href":"https:\/\/guvenaksaray.com\/yapi\/wp-json\/wp\/v2\/pages\/1762\/revisions"}],"predecessor-version":[{"id":2183,"href":"https:\/\/guvenaksaray.com\/yapi\/wp-json\/wp\/v2\/pages\/1762\/revisions\/2183"}],"wp:attachment":[{"href":"https:\/\/guvenaksaray.com\/yapi\/wp-json\/wp\/v2\/media?parent=1762"}],"curies":[{"name":"wp","href":"https:\/\/api.w.org\/{rel}","templated":true}]}}