{"id":1763,"date":"2023-08-09T17:08:50","date_gmt":"2023-08-09T14:08:50","guid":{"rendered":"https:\/\/guvenaksaray.com\/yapi\/?page_id=1763"},"modified":"2023-09-13T01:50:35","modified_gmt":"2023-09-12T22:50:35","slug":"mimarlik-ve-tasarim","status":"publish","type":"page","link":"https:\/\/guvenaksaray.com\/yapi\/mimarlik-ve-tasarim\/","title":{"rendered":"Mimarl\u0131k ve Tasar\u0131m"},"content":{"rendered":"\t\t<div data-elementor-type=\"wp-page\" data-elementor-id=\"1763\" class=\"elementor elementor-1763\">\n\t\t\t\t\t\t\t\t\t<section class=\"elementor-section elementor-top-section elementor-element elementor-element-9c3a437 elementor-section-boxed elementor-section-height-default elementor-section-height-default\" data-id=\"9c3a437\" data-element_type=\"section\" data-settings=\"{&quot;background_background&quot;:&quot;classic&quot;}\">\n\t\t\t\t\t\t\t<div class=\"elementor-background-overlay\"><\/div>\n\t\t\t\t\t\t\t<div class=\"elementor-container elementor-column-gap-default\">\n\t\t\t\t\t<div class=\"elementor-column elementor-col-100 elementor-top-column elementor-element elementor-element-4b476da\" data-id=\"4b476da\" data-element_type=\"column\" data-settings=\"{&quot;background_background&quot;:&quot;classic&quot;}\">\n\t\t\t<div class=\"elementor-widget-wrap elementor-element-populated\">\n\t\t\t\t\t<div class=\"elementor-background-overlay\"><\/div>\n\t\t\t\t\t\t\t\t<div class=\"elementor-element elementor-element-34c187c elementor-widget elementor-widget-text-editor\" data-id=\"34c187c\" data-element_type=\"widget\" data-widget_type=\"text-editor.default\">\n\t\t\t\t<div class=\"elementor-widget-container\">\n\t\t\t<style>\/*! elementor - v3.15.0 - 20-08-2023 *\/\n.elementor-widget-text-editor.elementor-drop-cap-view-stacked .elementor-drop-cap{background-color:#69727d;color:#fff}.elementor-widget-text-editor.elementor-drop-cap-view-framed .elementor-drop-cap{color:#69727d;border:3px solid;background-color:transparent}.elementor-widget-text-editor:not(.elementor-drop-cap-view-default) .elementor-drop-cap{margin-top:8px}.elementor-widget-text-editor:not(.elementor-drop-cap-view-default) .elementor-drop-cap-letter{width:1em;height:1em}.elementor-widget-text-editor .elementor-drop-cap{float:left;text-align:center;line-height:1;font-size:50px}.elementor-widget-text-editor .elementor-drop-cap-letter{display:inline-block}<\/style>\t\t\t\tHizmetlerimiz\t\t\t\t\t\t<\/div>\n\t\t\t\t<\/div>\n\t\t\t\t\t<\/div>\n\t\t<\/div>\n\t\t\t\t\t\t\t<\/div>\n\t\t<\/section>\n\t\t\t\t<section class=\"elementor-section elementor-top-section elementor-element elementor-element-fbd0882 elementor-section-boxed elementor-section-height-default elementor-section-height-default\" data-id=\"fbd0882\" data-element_type=\"section\">\n\t\t\t\t\t\t<div class=\"elementor-container elementor-column-gap-default\">\n\t\t\t\t\t<div class=\"elementor-column elementor-col-50 elementor-top-column elementor-element elementor-element-e6327e4\" data-id=\"e6327e4\" data-element_type=\"column\">\n\t\t\t<div class=\"elementor-widget-wrap elementor-element-populated\">\n\t\t\t\t\t\t\t\t<div class=\"elementor-element elementor-element-d384559 elementor-widget elementor-widget-image\" data-id=\"d384559\" data-element_type=\"widget\" data-widget_type=\"image.default\">\n\t\t\t\t<div class=\"elementor-widget-container\">\n\t\t\t<style>\/*! elementor - v3.15.0 - 20-08-2023 *\/\n.elementor-widget-image{text-align:center}.elementor-widget-image a{display:inline-block}.elementor-widget-image a img[src$=\".svg\"]{width:48px}.elementor-widget-image img{vertical-align:middle;display:inline-block}<\/style>\t\t\t\t\t\t\t\t\t\t\t\t<img decoding=\"async\" loading=\"lazy\" width=\"800\" height=\"800\" src=\"https:\/\/guvenaksaray.com\/yapi\/wp-content\/uploads\/2023\/09\/mimarlik-hizmet.jpg\" class=\"attachment-full size-full wp-image-2175\" alt=\"\" srcset=\"https:\/\/guvenaksaray.com\/yapi\/wp-content\/uploads\/2023\/09\/mimarlik-hizmet.jpg 800w, https:\/\/guvenaksaray.com\/yapi\/wp-content\/uploads\/2023\/09\/mimarlik-hizmet-300x300.jpg 300w, https:\/\/guvenaksaray.com\/yapi\/wp-content\/uploads\/2023\/09\/mimarlik-hizmet-150x150.jpg 150w, https:\/\/guvenaksaray.com\/yapi\/wp-content\/uploads\/2023\/09\/mimarlik-hizmet-768x768.jpg 768w\" sizes=\"(max-width: 800px) 100vw, 800px\" \/>\t\t\t\t\t\t\t\t\t\t\t\t\t\t\t<\/div>\n\t\t\t\t<\/div>\n\t\t\t\t\t<\/div>\n\t\t<\/div>\n\t\t\t\t<div class=\"elementor-column elementor-col-50 elementor-top-column elementor-element elementor-element-4151d2e\" data-id=\"4151d2e\" data-element_type=\"column\">\n\t\t\t<div class=\"elementor-widget-wrap elementor-element-populated\">\n\t\t\t\t\t\t\t\t<div class=\"elementor-element elementor-element-3f81b95 elementor-widget elementor-widget-text-editor\" data-id=\"3f81b95\" data-element_type=\"widget\" data-widget_type=\"text-editor.default\">\n\t\t\t\t<div class=\"elementor-widget-container\">\n\t\t\t\t\t\t\tMimarl\u0131k ve Tasar\u0131m\t\t\t\t\t\t<\/div>\n\t\t\t\t<\/div>\n\t\t\t\t<div class=\"elementor-element elementor-element-572ac25 elementor-widget elementor-widget-text-editor\" data-id=\"572ac25\" data-element_type=\"widget\" data-widget_type=\"text-editor.default\">\n\t\t\t\t<div class=\"elementor-widget-container\">\n\t\t\t\t\t\t\t<p><strong>Hayal Etti\u011finiz Mekanlar\u0131 Yarat\u0131yoruz<\/strong><\/p><p>G\u00fcven Yap\u0131, mekanlar\u0131n yarat\u0131c\u0131 ve i\u015flevsel potansiyelini ke\u015ffetmek i\u00e7in burada. Biz, her projeyi bir sanat eseri olarak g\u00f6r\u00fcyoruz ve mimari estetik ile fonksiyonelli\u011fi bir araya getiriyoruz. M\u00fc\u015fterilerimizin hayallerini ger\u00e7e\u011fe d\u00f6n\u00fc\u015ft\u00fcrmek i\u00e7in i\u015fbirli\u011fi yap\u0131yoruz. \u0130htiya\u00e7lar\u0131n\u0131z\u0131 ve tercihlerinizi \u00f6nceli\u011fimiz haline getiriyoruz. En son teknolojileri ve tasar\u0131m trendlerini takip ediyor, projelerimizi modern ve rekabet\u00e7i tutuyoruz.<\/p><p><strong>Hizmetlerimiz:<\/strong><\/p><ul><li><p><strong>Mimari Tasar\u0131m<\/strong>: \u0130htiya\u00e7lar\u0131n\u0131za ve hayallerinize dayal\u0131 \u00f6zel tasar\u0131m projeleri olu\u015fturuyoruz. Her mekan\u0131n benzersizli\u011fini vurguluyoruz.<\/p><\/li><\/ul>\t\t\t\t\t\t<\/div>\n\t\t\t\t<\/div>\n\t\t\t\t\t<\/div>\n\t\t<\/div>\n\t\t\t\t\t\t\t<\/div>\n\t\t<\/section>\n\t\t\t\t<section class=\"elementor-section elementor-top-section elementor-element elementor-element-0661938 elementor-section-boxed elementor-section-height-default elementor-section-height-default\" data-id=\"0661938\" data-element_type=\"section\">\n\t\t\t\t\t\t<div class=\"elementor-container elementor-column-gap-default\">\n\t\t\t\t\t<div class=\"elementor-column elementor-col-100 elementor-top-column elementor-element elementor-element-954eae1\" data-id=\"954eae1\" data-element_type=\"column\">\n\t\t\t<div class=\"elementor-widget-wrap elementor-element-populated\">\n\t\t\t\t\t\t\t\t<div class=\"elementor-element elementor-element-ee833ef elementor-widget elementor-widget-text-editor\" data-id=\"ee833ef\" data-element_type=\"widget\" data-widget_type=\"text-editor.default\">\n\t\t\t\t<div class=\"elementor-widget-container\">\n\t\t\t\t\t\t\t<ul><li><p><strong>\u0130\u00e7 Mekan Tasar\u0131m\u0131<\/strong>: \u0130\u00e7 mekanlar\u0131, estetik ve konfor a\u00e7\u0131s\u0131ndan optimize etmek i\u00e7in \u00f6zel tasar\u0131m \u00e7\u00f6z\u00fcmleri sunuyoruz.<\/p><\/li><li><p><strong>Ticari Mekan Tasar\u0131m\u0131<\/strong>: \u0130\u015fletmelerinizi \u00e7ekici ve i\u015flevsel mekanlara d\u00f6n\u00fc\u015ft\u00fcrmek i\u00e7in \u00f6zel tasar\u0131mlar olu\u015fturuyoruz.<\/p><\/li><li><p><strong>S\u00fcrd\u00fcr\u00fclebilir Tasar\u0131m<\/strong>: \u00c7evre dostu ve enerji verimli tasar\u0131m ilkelerini benimseyerek s\u00fcrd\u00fcr\u00fclebilir projeler geli\u015ftiriyoruz.<\/p><\/li><li><p><strong>Proje Y\u00f6netimi<\/strong>: Projelerinizi b\u00fct\u00e7enize ve zaman \u00e7izelgenize uygun bir \u015fekilde y\u00f6netiyoruz.<\/p><\/li><\/ul>\t\t\t\t\t\t<\/div>\n\t\t\t\t<\/div>\n\t\t\t\t\t<\/div>\n\t\t<\/div>\n\t\t\t\t\t\t\t<\/div>\n\t\t<\/section>\n\t\t\t\t\t\t\t<\/div>\n\t\t","protected":false},"excerpt":{"rendered":"<p>Hizmetlerimiz Mimarl\u0131k ve Tasar\u0131m Hayal Etti\u011finiz Mekanlar\u0131 Yarat\u0131yoruz G\u00fcven Yap\u0131, mekanlar\u0131n yarat\u0131c\u0131 ve i\u015flevsel potansiyelini ke\u015ffetmek i\u00e7in burada. Biz, her projeyi bir sanat eseri olarak g\u00f6r\u00fcyoruz ve mimari estetik ile fonksiyonelli\u011fi bir araya getiriyoruz. M\u00fc\u015fterilerimizin hayallerini ger\u00e7e\u011fe d\u00f6n\u00fc\u015ft\u00fcrmek i\u00e7in i\u015fbirli\u011fi yap\u0131yoruz. \u0130htiya\u00e7lar\u0131n\u0131z\u0131 ve tercihlerinizi \u00f6nceli\u011fimiz haline getiriyoruz. En son teknolojileri ve tasar\u0131m trendlerini takip ediyor, &hellip;<\/p>\n<p class=\"read-more\"> <a class=\"\" href=\"https:\/\/guvenaksaray.com\/yapi\/mimarlik-ve-tasarim\/\"> <span class=\"screen-reader-text\">Mimarl\u0131k ve Tasar\u0131m<\/span> Devam\u0131 &raquo;<\/a><\/p>\n","protected":false},"author":1,"featured_media":0,"parent":0,"menu_order":0,"comment_status":"closed","ping_status":"closed","template":"","meta":{"site-sidebar-layout":"no-sidebar","site-content-layout":"page-builder","ast-site-content-layout":"full-width-container","site-content-style":"unboxed","site-sidebar-style":"unboxed","ast-global-header-display":"","ast-banner-title-visibility":"","ast-main-header-display":"","ast-hfb-above-header-display":"","ast-hfb-below-header-display":"","ast-hfb-mobile-header-display":"","site-post-title":"disabled","ast-breadcrumbs-content":"","ast-featured-img":"disabled","footer-sml-layout":"","theme-transparent-header-meta":"enabled","adv-header-id-meta":"","stick-header-meta":"","header-above-stick-meta":"","header-main-stick-meta":"","header-below-stick-meta":"","astra-migrate-meta-layouts":"set","footnotes":"","_joinchat":[]},"yoast_head":"<!-- This site is optimized with the Yoast SEO plugin v21.0 - https:\/\/yoast.com\/wordpress\/plugins\/seo\/ -->\n<title>Mimarl\u0131k ve Tasar\u0131m - G\u00fcven Yap\u0131 Aksaray<\/title>\n<meta name=\"robots\" content=\"index, follow, max-snippet:-1, max-image-preview:large, max-video-preview:-1\" \/>\n<link rel=\"canonical\" href=\"https:\/\/guvenaksaray.com\/yapi\/mimarlik-ve-tasarim\/\" \/>\n<meta property=\"og:locale\" content=\"tr_TR\" \/>\n<meta property=\"og:type\" content=\"article\" \/>\n<meta property=\"og:title\" content=\"Mimarl\u0131k ve Tasar\u0131m - G\u00fcven Yap\u0131 Aksaray\" \/>\n<meta property=\"og:description\" content=\"Hizmetlerimiz Mimarl\u0131k ve Tasar\u0131m Hayal Etti\u011finiz Mekanlar\u0131 Yarat\u0131yoruz G\u00fcven Yap\u0131, mekanlar\u0131n yarat\u0131c\u0131 ve i\u015flevsel potansiyelini ke\u015ffetmek i\u00e7in burada. Biz, her projeyi bir sanat eseri olarak g\u00f6r\u00fcyoruz ve mimari estetik ile fonksiyonelli\u011fi bir araya getiriyoruz. M\u00fc\u015fterilerimizin hayallerini ger\u00e7e\u011fe d\u00f6n\u00fc\u015ft\u00fcrmek i\u00e7in i\u015fbirli\u011fi yap\u0131yoruz. \u0130htiya\u00e7lar\u0131n\u0131z\u0131 ve tercihlerinizi \u00f6nceli\u011fimiz haline getiriyoruz. En son teknolojileri ve tasar\u0131m trendlerini takip ediyor, &hellip; Mimarl\u0131k ve Tasar\u0131m Devam\u0131 &raquo;\" \/>\n<meta property=\"og:url\" content=\"https:\/\/guvenaksaray.com\/yapi\/mimarlik-ve-tasarim\/\" \/>\n<meta property=\"og:site_name\" content=\"G\u00fcven Yap\u0131 Aksaray\" \/>\n<meta property=\"article:modified_time\" content=\"2023-09-12T22:50:35+00:00\" \/>\n<meta property=\"og:image\" content=\"https:\/\/guvenaksaray.com\/yapi\/wp-content\/uploads\/2023\/09\/mimarlik-hizmet.jpg\" \/>\n<meta name=\"twitter:card\" content=\"summary_large_image\" \/>\n<meta name=\"twitter:label1\" content=\"Tahmini okuma s\u00fcresi\" \/>\n\t<meta name=\"twitter:data1\" content=\"1 dakika\" \/>\n<script type=\"application\/ld+json\" class=\"yoast-schema-graph\">{\"@context\":\"https:\/\/schema.org\",\"@graph\":[{\"@type\":\"WebPage\",\"@id\":\"https:\/\/guvenaksaray.com\/yapi\/mimarlik-ve-tasarim\/\",\"url\":\"https:\/\/guvenaksaray.com\/yapi\/mimarlik-ve-tasarim\/\",\"name\":\"Mimarl\u0131k ve Tasar\u0131m - G\u00fcven Yap\u0131 Aksaray\",\"isPartOf\":{\"@id\":\"https:\/\/guvenaksaray.com\/yapi\/#website\"},\"datePublished\":\"2023-08-09T14:08:50+00:00\",\"dateModified\":\"2023-09-12T22:50:35+00:00\",\"breadcrumb\":{\"@id\":\"https:\/\/guvenaksaray.com\/yapi\/mimarlik-ve-tasarim\/#breadcrumb\"},\"inLanguage\":\"tr\",\"potentialAction\":[{\"@type\":\"ReadAction\",\"target\":[\"https:\/\/guvenaksaray.com\/yapi\/mimarlik-ve-tasarim\/\"]}]},{\"@type\":\"BreadcrumbList\",\"@id\":\"https:\/\/guvenaksaray.com\/yapi\/mimarlik-ve-tasarim\/#breadcrumb\",\"itemListElement\":[{\"@type\":\"ListItem\",\"position\":1,\"name\":\"Anasayfa\",\"item\":\"https:\/\/guvenaksaray.com\/yapi\/\"},{\"@type\":\"ListItem\",\"position\":2,\"name\":\"Mimarl\u0131k ve Tasar\u0131m\"}]},{\"@type\":\"WebSite\",\"@id\":\"https:\/\/guvenaksaray.com\/yapi\/#website\",\"url\":\"https:\/\/guvenaksaray.com\/yapi\/\",\"name\":\"G\u00fcven Yap\u0131 Aksaray\",\"description\":\"\",\"publisher\":{\"@id\":\"https:\/\/guvenaksaray.com\/yapi\/#organization\"},\"potentialAction\":[{\"@type\":\"SearchAction\",\"target\":{\"@type\":\"EntryPoint\",\"urlTemplate\":\"https:\/\/guvenaksaray.com\/yapi\/?s={search_term_string}\"},\"query-input\":\"required name=search_term_string\"}],\"inLanguage\":\"tr\"},{\"@type\":\"Organization\",\"@id\":\"https:\/\/guvenaksaray.com\/yapi\/#organization\",\"name\":\"G\u00fcven Yap\u0131 Aksaray\",\"url\":\"https:\/\/guvenaksaray.com\/yapi\/\",\"logo\":{\"@type\":\"ImageObject\",\"inLanguage\":\"tr\",\"@id\":\"https:\/\/guvenaksaray.com\/yapi\/#\/schema\/logo\/image\/\",\"url\":\"https:\/\/guvenaksaray.com\/yapi\/wp-content\/uploads\/2023\/09\/cropped-logo-guven-yapi-122.png\",\"contentUrl\":\"https:\/\/guvenaksaray.com\/yapi\/wp-content\/uploads\/2023\/09\/cropped-logo-guven-yapi-122.png\",\"width\":815,\"height\":222,\"caption\":\"G\u00fcven Yap\u0131 Aksaray\"},\"image\":{\"@id\":\"https:\/\/guvenaksaray.com\/yapi\/#\/schema\/logo\/image\/\"}}]}<\/script>\n<!-- \/ Yoast SEO plugin. -->","yoast_head_json":{"title":"Mimarl\u0131k ve Tasar\u0131m - G\u00fcven Yap\u0131 Aksaray","robots":{"index":"index","follow":"follow","max-snippet":"max-snippet:-1","max-image-preview":"max-image-preview:large","max-video-preview":"max-video-preview:-1"},"canonical":"https:\/\/guvenaksaray.com\/yapi\/mimarlik-ve-tasarim\/","og_locale":"tr_TR","og_type":"article","og_title":"Mimarl\u0131k ve Tasar\u0131m - G\u00fcven Yap\u0131 Aksaray","og_description":"Hizmetlerimiz Mimarl\u0131k ve Tasar\u0131m Hayal Etti\u011finiz Mekanlar\u0131 Yarat\u0131yoruz G\u00fcven Yap\u0131, mekanlar\u0131n yarat\u0131c\u0131 ve i\u015flevsel potansiyelini ke\u015ffetmek i\u00e7in burada. Biz, her projeyi bir sanat eseri olarak g\u00f6r\u00fcyoruz ve mimari estetik ile fonksiyonelli\u011fi bir araya getiriyoruz. M\u00fc\u015fterilerimizin hayallerini ger\u00e7e\u011fe d\u00f6n\u00fc\u015ft\u00fcrmek i\u00e7in i\u015fbirli\u011fi yap\u0131yoruz. \u0130htiya\u00e7lar\u0131n\u0131z\u0131 ve tercihlerinizi \u00f6nceli\u011fimiz haline getiriyoruz. En son teknolojileri ve tasar\u0131m trendlerini takip ediyor, &hellip; Mimarl\u0131k ve Tasar\u0131m Devam\u0131 &raquo;","og_url":"https:\/\/guvenaksaray.com\/yapi\/mimarlik-ve-tasarim\/","og_site_name":"G\u00fcven Yap\u0131 Aksaray","article_modified_time":"2023-09-12T22:50:35+00:00","og_image":[{"url":"https:\/\/guvenaksaray.com\/yapi\/wp-content\/uploads\/2023\/09\/mimarlik-hizmet.jpg"}],"twitter_card":"summary_large_image","twitter_misc":{"Tahmini okuma s\u00fcresi":"1 dakika"},"schema":{"@context":"https:\/\/schema.org","@graph":[{"@type":"WebPage","@id":"https:\/\/guvenaksaray.com\/yapi\/mimarlik-ve-tasarim\/","url":"https:\/\/guvenaksaray.com\/yapi\/mimarlik-ve-tasarim\/","name":"Mimarl\u0131k ve Tasar\u0131m - G\u00fcven Yap\u0131 Aksaray","isPartOf":{"@id":"https:\/\/guvenaksaray.com\/yapi\/#website"},"datePublished":"2023-08-09T14:08:50+00:00","dateModified":"2023-09-12T22:50:35+00:00","breadcrumb":{"@id":"https:\/\/guvenaksaray.com\/yapi\/mimarlik-ve-tasarim\/#breadcrumb"},"inLanguage":"tr","potentialAction":[{"@type":"ReadAction","target":["https:\/\/guvenaksaray.com\/yapi\/mimarlik-ve-tasarim\/"]}]},{"@type":"BreadcrumbList","@id":"https:\/\/guvenaksaray.com\/yapi\/mimarlik-ve-tasarim\/#breadcrumb","itemListElement":[{"@type":"ListItem","position":1,"name":"Anasayfa","item":"https:\/\/guvenaksaray.com\/yapi\/"},{"@type":"ListItem","position":2,"name":"Mimarl\u0131k ve Tasar\u0131m"}]},{"@type":"WebSite","@id":"https:\/\/guvenaksaray.com\/yapi\/#website","url":"https:\/\/guvenaksaray.com\/yapi\/","name":"G\u00fcven Yap\u0131 Aksaray","description":"","publisher":{"@id":"https:\/\/guvenaksaray.com\/yapi\/#organization"},"potentialAction":[{"@type":"SearchAction","target":{"@type":"EntryPoint","urlTemplate":"https:\/\/guvenaksaray.com\/yapi\/?s={search_term_string}"},"query-input":"required name=search_term_string"}],"inLanguage":"tr"},{"@type":"Organization","@id":"https:\/\/guvenaksaray.com\/yapi\/#organization","name":"G\u00fcven Yap\u0131 Aksaray","url":"https:\/\/guvenaksaray.com\/yapi\/","logo":{"@type":"ImageObject","inLanguage":"tr","@id":"https:\/\/guvenaksaray.com\/yapi\/#\/schema\/logo\/image\/","url":"https:\/\/guvenaksaray.com\/yapi\/wp-content\/uploads\/2023\/09\/cropped-logo-guven-yapi-122.png","contentUrl":"https:\/\/guvenaksaray.com\/yapi\/wp-content\/uploads\/2023\/09\/cropped-logo-guven-yapi-122.png","width":815,"height":222,"caption":"G\u00fcven Yap\u0131 Aksaray"},"image":{"@id":"https:\/\/guvenaksaray.com\/yapi\/#\/schema\/logo\/image\/"}}]}},"_links":{"self":[{"href":"https:\/\/guvenaksaray.com\/yapi\/wp-json\/wp\/v2\/pages\/1763"}],"collection":[{"href":"https:\/\/guvenaksaray.com\/yapi\/wp-json\/wp\/v2\/pages"}],"about":[{"href":"https:\/\/guvenaksaray.com\/yapi\/wp-json\/wp\/v2\/types\/page"}],"author":[{"embeddable":true,"href":"https:\/\/guvenaksaray.com\/yapi\/wp-json\/wp\/v2\/users\/1"}],"replies":[{"embeddable":true,"href":"https:\/\/guvenaksaray.com\/yapi\/wp-json\/wp\/v2\/comments?post=1763"}],"version-history":[{"count":23,"href":"https:\/\/guvenaksaray.com\/yapi\/wp-json\/wp\/v2\/pages\/1763\/revisions"}],"predecessor-version":[{"id":2190,"href":"https:\/\/guvenaksaray.com\/yapi\/wp-json\/wp\/v2\/pages\/1763\/revisions\/2190"}],"wp:attachment":[{"href":"https:\/\/guvenaksaray.com\/yapi\/wp-json\/wp\/v2\/media?parent=1763"}],"curies":[{"name":"wp","href":"https:\/\/api.w.org\/{rel}","templated":true}]}}