{"id":1928,"date":"2023-08-11T13:52:20","date_gmt":"2023-08-11T10:52:20","guid":{"rendered":"https:\/\/guvenaksaray.com\/yapi\/?page_id=1928"},"modified":"2023-09-13T01:50:47","modified_gmt":"2023-09-12T22:50:47","slug":"ticari-insaat","status":"publish","type":"page","link":"https:\/\/guvenaksaray.com\/yapi\/ticari-insaat\/","title":{"rendered":"Ticari \u0130n\u015faat"},"content":{"rendered":"\t\t<div data-elementor-type=\"wp-page\" data-elementor-id=\"1928\" class=\"elementor elementor-1928\">\n\t\t\t\t\t\t\t\t\t<section class=\"elementor-section elementor-top-section elementor-element elementor-element-e982224 elementor-section-boxed elementor-section-height-default elementor-section-height-default\" data-id=\"e982224\" data-element_type=\"section\" data-settings=\"{&quot;background_background&quot;:&quot;classic&quot;}\">\n\t\t\t\t\t\t\t<div class=\"elementor-background-overlay\"><\/div>\n\t\t\t\t\t\t\t<div class=\"elementor-container elementor-column-gap-default\">\n\t\t\t\t\t<div class=\"elementor-column elementor-col-100 elementor-top-column elementor-element elementor-element-5d309f4\" data-id=\"5d309f4\" data-element_type=\"column\" data-settings=\"{&quot;background_background&quot;:&quot;classic&quot;}\">\n\t\t\t<div class=\"elementor-widget-wrap elementor-element-populated\">\n\t\t\t\t\t<div class=\"elementor-background-overlay\"><\/div>\n\t\t\t\t\t\t\t\t<div class=\"elementor-element elementor-element-20c62b2 elementor-widget elementor-widget-text-editor\" data-id=\"20c62b2\" data-element_type=\"widget\" data-widget_type=\"text-editor.default\">\n\t\t\t\t<div class=\"elementor-widget-container\">\n\t\t\t<style>\/*! elementor - v3.15.0 - 20-08-2023 *\/\n.elementor-widget-text-editor.elementor-drop-cap-view-stacked .elementor-drop-cap{background-color:#69727d;color:#fff}.elementor-widget-text-editor.elementor-drop-cap-view-framed .elementor-drop-cap{color:#69727d;border:3px solid;background-color:transparent}.elementor-widget-text-editor:not(.elementor-drop-cap-view-default) .elementor-drop-cap{margin-top:8px}.elementor-widget-text-editor:not(.elementor-drop-cap-view-default) .elementor-drop-cap-letter{width:1em;height:1em}.elementor-widget-text-editor .elementor-drop-cap{float:left;text-align:center;line-height:1;font-size:50px}.elementor-widget-text-editor .elementor-drop-cap-letter{display:inline-block}<\/style>\t\t\t\tHizmetlerimiz\t\t\t\t\t\t<\/div>\n\t\t\t\t<\/div>\n\t\t\t\t\t<\/div>\n\t\t<\/div>\n\t\t\t\t\t\t\t<\/div>\n\t\t<\/section>\n\t\t\t\t<section class=\"elementor-section elementor-top-section elementor-element elementor-element-c5198b8 elementor-section-boxed elementor-section-height-default elementor-section-height-default\" data-id=\"c5198b8\" data-element_type=\"section\">\n\t\t\t\t\t\t<div class=\"elementor-container elementor-column-gap-default\">\n\t\t\t\t\t<div class=\"elementor-column elementor-col-50 elementor-top-column elementor-element elementor-element-a70d543\" data-id=\"a70d543\" data-element_type=\"column\">\n\t\t\t<div class=\"elementor-widget-wrap elementor-element-populated\">\n\t\t\t\t\t\t\t\t<div class=\"elementor-element elementor-element-f338f92 elementor-widget elementor-widget-image\" data-id=\"f338f92\" data-element_type=\"widget\" data-widget_type=\"image.default\">\n\t\t\t\t<div class=\"elementor-widget-container\">\n\t\t\t<style>\/*! elementor - v3.15.0 - 20-08-2023 *\/\n.elementor-widget-image{text-align:center}.elementor-widget-image a{display:inline-block}.elementor-widget-image a img[src$=\".svg\"]{width:48px}.elementor-widget-image img{vertical-align:middle;display:inline-block}<\/style>\t\t\t\t\t\t\t\t\t\t\t\t<img decoding=\"async\" loading=\"lazy\" width=\"1620\" height=\"1080\" src=\"https:\/\/guvenaksaray.com\/yapi\/wp-content\/uploads\/2023\/09\/ticari-hizmet.png\" class=\"attachment-full size-full wp-image-2177\" alt=\"\" srcset=\"https:\/\/guvenaksaray.com\/yapi\/wp-content\/uploads\/2023\/09\/ticari-hizmet.png 1620w, https:\/\/guvenaksaray.com\/yapi\/wp-content\/uploads\/2023\/09\/ticari-hizmet-300x200.png 300w, https:\/\/guvenaksaray.com\/yapi\/wp-content\/uploads\/2023\/09\/ticari-hizmet-1024x683.png 1024w, https:\/\/guvenaksaray.com\/yapi\/wp-content\/uploads\/2023\/09\/ticari-hizmet-768x512.png 768w, https:\/\/guvenaksaray.com\/yapi\/wp-content\/uploads\/2023\/09\/ticari-hizmet-1536x1024.png 1536w\" sizes=\"(max-width: 1620px) 100vw, 1620px\" \/>\t\t\t\t\t\t\t\t\t\t\t\t\t\t\t<\/div>\n\t\t\t\t<\/div>\n\t\t\t\t\t<\/div>\n\t\t<\/div>\n\t\t\t\t<div class=\"elementor-column elementor-col-50 elementor-top-column elementor-element elementor-element-dac05d1\" data-id=\"dac05d1\" data-element_type=\"column\">\n\t\t\t<div class=\"elementor-widget-wrap elementor-element-populated\">\n\t\t\t\t\t\t\t\t<div class=\"elementor-element elementor-element-e7db8b9 elementor-widget elementor-widget-text-editor\" data-id=\"e7db8b9\" data-element_type=\"widget\" data-widget_type=\"text-editor.default\">\n\t\t\t\t<div class=\"elementor-widget-container\">\n\t\t\t\t\t\t\tTicari \u0130n\u015faat\t\t\t\t\t\t<\/div>\n\t\t\t\t<\/div>\n\t\t\t\t<div class=\"elementor-element elementor-element-8bf8556 elementor-widget elementor-widget-text-editor\" data-id=\"8bf8556\" data-element_type=\"widget\" data-widget_type=\"text-editor.default\">\n\t\t\t\t<div class=\"elementor-widget-container\">\n\t\t\t\t\t\t\t<p><strong>\u0130\u015f Yerlerinizi \u0130n\u015fa Ediyor ve B\u00fcy\u00fct\u00fcyoruz<\/strong><\/p><p>G\u00fcven Yap\u0131,\u00a0 i\u015f d\u00fcnyas\u0131n\u0131n dinamizmiyle uyumlu ticari in\u015faat \u00e7\u00f6z\u00fcmleri sunuyor. \u0130\u015f yerlerinin, ma\u011fazalar\u0131n ve ofislerin in\u015fas\u0131, geni\u015fletilmesi ve yeniden \u015fekillendirilmesi konusundaki uzmanl\u0131\u011f\u0131m\u0131zla, i\u015f d\u00fcnyas\u0131n\u0131n ihtiya\u00e7lar\u0131n\u0131 kar\u015f\u0131lamak i\u00e7in buraday\u0131z. Her i\u015fletmenin benzersiz ihtiya\u00e7lar\u0131na ve i\u015f modeline uygun \u00f6zel \u00e7\u00f6z\u00fcmler sunuyoruz. \u0130\u015f yerinizin fiziksel yap\u0131s\u0131n\u0131 optimize ederek i\u015fletmenizin ba\u015far\u0131s\u0131na katk\u0131 sa\u011fl\u0131yoruz.<\/p>\t\t\t\t\t\t<\/div>\n\t\t\t\t<\/div>\n\t\t\t\t\t<\/div>\n\t\t<\/div>\n\t\t\t\t\t\t\t<\/div>\n\t\t<\/section>\n\t\t\t\t<section class=\"elementor-section elementor-top-section elementor-element elementor-element-711bff5 elementor-section-boxed elementor-section-height-default elementor-section-height-default\" data-id=\"711bff5\" data-element_type=\"section\">\n\t\t\t\t\t\t<div class=\"elementor-container elementor-column-gap-default\">\n\t\t\t\t\t<div class=\"elementor-column elementor-col-100 elementor-top-column elementor-element elementor-element-b9adb68\" data-id=\"b9adb68\" data-element_type=\"column\">\n\t\t\t<div class=\"elementor-widget-wrap elementor-element-populated\">\n\t\t\t\t\t\t\t\t<div class=\"elementor-element elementor-element-a92522c elementor-widget elementor-widget-text-editor\" data-id=\"a92522c\" data-element_type=\"widget\" data-widget_type=\"text-editor.default\">\n\t\t\t\t<div class=\"elementor-widget-container\">\n\t\t\t\t\t\t\t<p><strong>Hizmetlerimiz:<\/strong><\/p><ul><li><p><strong>Yeni \u0130\u015f Yeri \u0130n\u015faat\u0131<\/strong>: \u0130\u015fletmeler i\u00e7in \u00f6zel olarak tasarlanm\u0131\u015f ve in\u015fa edilmi\u015f yeni i\u015f yerleri olu\u015fturuyoruz. \u0130\u015fletmenizin b\u00fcy\u00fcmesini destekliyoruz.<\/p><\/li><li><p><strong>Ticari Bina Geni\u015fletme ve Yenileme<\/strong>: Mevcut i\u015f yerlerinizi modernize etmek veya geni\u015fletmek istedi\u011finizde yan\u0131n\u0131zday\u0131z. \u0130\u015fletmenizin ihtiya\u00e7lar\u0131na uygun \u00e7\u00f6z\u00fcmler sunuyoruz.<\/p><\/li><li><p><strong>Ma\u011faza \u0130n\u015faat\u0131<\/strong>: Perakende ma\u011fazalar\u0131 ve ticari alanlar i\u00e7in \u00f6zel tasar\u0131m ve in\u015faat hizmetleri sunuyoruz.<\/p><\/li><li><p><strong>Restoran ve Otel \u0130n\u015faat\u0131<\/strong>: Restoranlar ve oteller i\u00e7in \u00f6zel in\u015faat projeleri tasarl\u0131yoruz ve uyguluyoruz.<\/p><\/li><li><p><strong>S\u00fcrd\u00fcr\u00fclebilirlik ve \u00c7evre Dostu \u0130n\u015faat<\/strong>: \u00c7evreye sayg\u0131l\u0131 ve s\u00fcrd\u00fcr\u00fclebilir in\u015faat \u00e7\u00f6z\u00fcmleri sunarak i\u015fletmenizin \u00e7evresel etkisini azalt\u0131yoruz.<\/p><\/li><\/ul>\t\t\t\t\t\t<\/div>\n\t\t\t\t<\/div>\n\t\t\t\t\t<\/div>\n\t\t<\/div>\n\t\t\t\t\t\t\t<\/div>\n\t\t<\/section>\n\t\t\t\t\t\t\t<\/div>\n\t\t","protected":false},"excerpt":{"rendered":"<p>Hizmetlerimiz Ticari \u0130n\u015faat \u0130\u015f Yerlerinizi \u0130n\u015fa Ediyor ve B\u00fcy\u00fct\u00fcyoruz G\u00fcven Yap\u0131,\u00a0 i\u015f d\u00fcnyas\u0131n\u0131n dinamizmiyle uyumlu ticari in\u015faat \u00e7\u00f6z\u00fcmleri sunuyor. \u0130\u015f yerlerinin, ma\u011fazalar\u0131n ve ofislerin in\u015fas\u0131, geni\u015fletilmesi ve yeniden \u015fekillendirilmesi konusundaki uzmanl\u0131\u011f\u0131m\u0131zla, i\u015f d\u00fcnyas\u0131n\u0131n ihtiya\u00e7lar\u0131n\u0131 kar\u015f\u0131lamak i\u00e7in buraday\u0131z. Her i\u015fletmenin benzersiz ihtiya\u00e7lar\u0131na ve i\u015f modeline uygun \u00f6zel \u00e7\u00f6z\u00fcmler sunuyoruz. \u0130\u015f yerinizin fiziksel yap\u0131s\u0131n\u0131 optimize ederek i\u015fletmenizin &hellip;<\/p>\n<p class=\"read-more\"> <a class=\"\" href=\"https:\/\/guvenaksaray.com\/yapi\/ticari-insaat\/\"> <span class=\"screen-reader-text\">Ticari \u0130n\u015faat<\/span> Devam\u0131 &raquo;<\/a><\/p>\n","protected":false},"author":1,"featured_media":0,"parent":0,"menu_order":0,"comment_status":"closed","ping_status":"closed","template":"","meta":{"site-sidebar-layout":"no-sidebar","site-content-layout":"page-builder","ast-site-content-layout":"full-width-container","site-content-style":"unboxed","site-sidebar-style":"unboxed","ast-global-header-display":"","ast-banner-title-visibility":"","ast-main-header-display":"","ast-hfb-above-header-display":"","ast-hfb-below-header-display":"","ast-hfb-mobile-header-display":"","site-post-title":"disabled","ast-breadcrumbs-content":"","ast-featured-img":"disabled","footer-sml-layout":"","theme-transparent-header-meta":"enabled","adv-header-id-meta":"","stick-header-meta":"","header-above-stick-meta":"","header-main-stick-meta":"","header-below-stick-meta":"","astra-migrate-meta-layouts":"set","footnotes":"","_joinchat":[]},"yoast_head":"<!-- This site is optimized with the Yoast SEO plugin v21.0 - https:\/\/yoast.com\/wordpress\/plugins\/seo\/ -->\n<title>Ticari \u0130n\u015faat - G\u00fcven Yap\u0131 Aksaray<\/title>\n<meta name=\"robots\" content=\"index, follow, max-snippet:-1, max-image-preview:large, max-video-preview:-1\" \/>\n<link rel=\"canonical\" href=\"https:\/\/guvenaksaray.com\/yapi\/ticari-insaat\/\" \/>\n<meta property=\"og:locale\" content=\"tr_TR\" \/>\n<meta property=\"og:type\" content=\"article\" \/>\n<meta property=\"og:title\" content=\"Ticari \u0130n\u015faat - G\u00fcven Yap\u0131 Aksaray\" \/>\n<meta property=\"og:description\" content=\"Hizmetlerimiz Ticari \u0130n\u015faat \u0130\u015f Yerlerinizi \u0130n\u015fa Ediyor ve B\u00fcy\u00fct\u00fcyoruz G\u00fcven Yap\u0131,\u00a0 i\u015f d\u00fcnyas\u0131n\u0131n dinamizmiyle uyumlu ticari in\u015faat \u00e7\u00f6z\u00fcmleri sunuyor. \u0130\u015f yerlerinin, ma\u011fazalar\u0131n ve ofislerin in\u015fas\u0131, geni\u015fletilmesi ve yeniden \u015fekillendirilmesi konusundaki uzmanl\u0131\u011f\u0131m\u0131zla, i\u015f d\u00fcnyas\u0131n\u0131n ihtiya\u00e7lar\u0131n\u0131 kar\u015f\u0131lamak i\u00e7in buraday\u0131z. Her i\u015fletmenin benzersiz ihtiya\u00e7lar\u0131na ve i\u015f modeline uygun \u00f6zel \u00e7\u00f6z\u00fcmler sunuyoruz. \u0130\u015f yerinizin fiziksel yap\u0131s\u0131n\u0131 optimize ederek i\u015fletmenizin &hellip; Ticari \u0130n\u015faat Devam\u0131 &raquo;\" \/>\n<meta property=\"og:url\" content=\"https:\/\/guvenaksaray.com\/yapi\/ticari-insaat\/\" \/>\n<meta property=\"og:site_name\" content=\"G\u00fcven Yap\u0131 Aksaray\" \/>\n<meta property=\"article:modified_time\" content=\"2023-09-12T22:50:47+00:00\" \/>\n<meta property=\"og:image\" content=\"https:\/\/guvenaksaray.com\/yapi\/wp-content\/uploads\/2023\/09\/ticari-hizmet.png\" \/>\n<meta name=\"twitter:card\" content=\"summary_large_image\" \/>\n<meta name=\"twitter:label1\" content=\"Tahmini okuma s\u00fcresi\" \/>\n\t<meta name=\"twitter:data1\" content=\"2 dakika\" \/>\n<script type=\"application\/ld+json\" class=\"yoast-schema-graph\">{\"@context\":\"https:\/\/schema.org\",\"@graph\":[{\"@type\":\"WebPage\",\"@id\":\"https:\/\/guvenaksaray.com\/yapi\/ticari-insaat\/\",\"url\":\"https:\/\/guvenaksaray.com\/yapi\/ticari-insaat\/\",\"name\":\"Ticari \u0130n\u015faat - G\u00fcven Yap\u0131 Aksaray\",\"isPartOf\":{\"@id\":\"https:\/\/guvenaksaray.com\/yapi\/#website\"},\"datePublished\":\"2023-08-11T10:52:20+00:00\",\"dateModified\":\"2023-09-12T22:50:47+00:00\",\"breadcrumb\":{\"@id\":\"https:\/\/guvenaksaray.com\/yapi\/ticari-insaat\/#breadcrumb\"},\"inLanguage\":\"tr\",\"potentialAction\":[{\"@type\":\"ReadAction\",\"target\":[\"https:\/\/guvenaksaray.com\/yapi\/ticari-insaat\/\"]}]},{\"@type\":\"BreadcrumbList\",\"@id\":\"https:\/\/guvenaksaray.com\/yapi\/ticari-insaat\/#breadcrumb\",\"itemListElement\":[{\"@type\":\"ListItem\",\"position\":1,\"name\":\"Anasayfa\",\"item\":\"https:\/\/guvenaksaray.com\/yapi\/\"},{\"@type\":\"ListItem\",\"position\":2,\"name\":\"Ticari \u0130n\u015faat\"}]},{\"@type\":\"WebSite\",\"@id\":\"https:\/\/guvenaksaray.com\/yapi\/#website\",\"url\":\"https:\/\/guvenaksaray.com\/yapi\/\",\"name\":\"G\u00fcven Yap\u0131 Aksaray\",\"description\":\"\",\"publisher\":{\"@id\":\"https:\/\/guvenaksaray.com\/yapi\/#organization\"},\"potentialAction\":[{\"@type\":\"SearchAction\",\"target\":{\"@type\":\"EntryPoint\",\"urlTemplate\":\"https:\/\/guvenaksaray.com\/yapi\/?s={search_term_string}\"},\"query-input\":\"required name=search_term_string\"}],\"inLanguage\":\"tr\"},{\"@type\":\"Organization\",\"@id\":\"https:\/\/guvenaksaray.com\/yapi\/#organization\",\"name\":\"G\u00fcven Yap\u0131 Aksaray\",\"url\":\"https:\/\/guvenaksaray.com\/yapi\/\",\"logo\":{\"@type\":\"ImageObject\",\"inLanguage\":\"tr\",\"@id\":\"https:\/\/guvenaksaray.com\/yapi\/#\/schema\/logo\/image\/\",\"url\":\"https:\/\/guvenaksaray.com\/yapi\/wp-content\/uploads\/2023\/09\/cropped-logo-guven-yapi-122.png\",\"contentUrl\":\"https:\/\/guvenaksaray.com\/yapi\/wp-content\/uploads\/2023\/09\/cropped-logo-guven-yapi-122.png\",\"width\":815,\"height\":222,\"caption\":\"G\u00fcven Yap\u0131 Aksaray\"},\"image\":{\"@id\":\"https:\/\/guvenaksaray.com\/yapi\/#\/schema\/logo\/image\/\"}}]}<\/script>\n<!-- \/ Yoast SEO plugin. -->","yoast_head_json":{"title":"Ticari \u0130n\u015faat - G\u00fcven Yap\u0131 Aksaray","robots":{"index":"index","follow":"follow","max-snippet":"max-snippet:-1","max-image-preview":"max-image-preview:large","max-video-preview":"max-video-preview:-1"},"canonical":"https:\/\/guvenaksaray.com\/yapi\/ticari-insaat\/","og_locale":"tr_TR","og_type":"article","og_title":"Ticari \u0130n\u015faat - G\u00fcven Yap\u0131 Aksaray","og_description":"Hizmetlerimiz Ticari \u0130n\u015faat \u0130\u015f Yerlerinizi \u0130n\u015fa Ediyor ve B\u00fcy\u00fct\u00fcyoruz G\u00fcven Yap\u0131,\u00a0 i\u015f d\u00fcnyas\u0131n\u0131n dinamizmiyle uyumlu ticari in\u015faat \u00e7\u00f6z\u00fcmleri sunuyor. \u0130\u015f yerlerinin, ma\u011fazalar\u0131n ve ofislerin in\u015fas\u0131, geni\u015fletilmesi ve yeniden \u015fekillendirilmesi konusundaki uzmanl\u0131\u011f\u0131m\u0131zla, i\u015f d\u00fcnyas\u0131n\u0131n ihtiya\u00e7lar\u0131n\u0131 kar\u015f\u0131lamak i\u00e7in buraday\u0131z. Her i\u015fletmenin benzersiz ihtiya\u00e7lar\u0131na ve i\u015f modeline uygun \u00f6zel \u00e7\u00f6z\u00fcmler sunuyoruz. \u0130\u015f yerinizin fiziksel yap\u0131s\u0131n\u0131 optimize ederek i\u015fletmenizin &hellip; Ticari \u0130n\u015faat Devam\u0131 &raquo;","og_url":"https:\/\/guvenaksaray.com\/yapi\/ticari-insaat\/","og_site_name":"G\u00fcven Yap\u0131 Aksaray","article_modified_time":"2023-09-12T22:50:47+00:00","og_image":[{"url":"https:\/\/guvenaksaray.com\/yapi\/wp-content\/uploads\/2023\/09\/ticari-hizmet.png"}],"twitter_card":"summary_large_image","twitter_misc":{"Tahmini okuma s\u00fcresi":"2 dakika"},"schema":{"@context":"https:\/\/schema.org","@graph":[{"@type":"WebPage","@id":"https:\/\/guvenaksaray.com\/yapi\/ticari-insaat\/","url":"https:\/\/guvenaksaray.com\/yapi\/ticari-insaat\/","name":"Ticari \u0130n\u015faat - G\u00fcven Yap\u0131 Aksaray","isPartOf":{"@id":"https:\/\/guvenaksaray.com\/yapi\/#website"},"datePublished":"2023-08-11T10:52:20+00:00","dateModified":"2023-09-12T22:50:47+00:00","breadcrumb":{"@id":"https:\/\/guvenaksaray.com\/yapi\/ticari-insaat\/#breadcrumb"},"inLanguage":"tr","potentialAction":[{"@type":"ReadAction","target":["https:\/\/guvenaksaray.com\/yapi\/ticari-insaat\/"]}]},{"@type":"BreadcrumbList","@id":"https:\/\/guvenaksaray.com\/yapi\/ticari-insaat\/#breadcrumb","itemListElement":[{"@type":"ListItem","position":1,"name":"Anasayfa","item":"https:\/\/guvenaksaray.com\/yapi\/"},{"@type":"ListItem","position":2,"name":"Ticari \u0130n\u015faat"}]},{"@type":"WebSite","@id":"https:\/\/guvenaksaray.com\/yapi\/#website","url":"https:\/\/guvenaksaray.com\/yapi\/","name":"G\u00fcven Yap\u0131 Aksaray","description":"","publisher":{"@id":"https:\/\/guvenaksaray.com\/yapi\/#organization"},"potentialAction":[{"@type":"SearchAction","target":{"@type":"EntryPoint","urlTemplate":"https:\/\/guvenaksaray.com\/yapi\/?s={search_term_string}"},"query-input":"required name=search_term_string"}],"inLanguage":"tr"},{"@type":"Organization","@id":"https:\/\/guvenaksaray.com\/yapi\/#organization","name":"G\u00fcven Yap\u0131 Aksaray","url":"https:\/\/guvenaksaray.com\/yapi\/","logo":{"@type":"ImageObject","inLanguage":"tr","@id":"https:\/\/guvenaksaray.com\/yapi\/#\/schema\/logo\/image\/","url":"https:\/\/guvenaksaray.com\/yapi\/wp-content\/uploads\/2023\/09\/cropped-logo-guven-yapi-122.png","contentUrl":"https:\/\/guvenaksaray.com\/yapi\/wp-content\/uploads\/2023\/09\/cropped-logo-guven-yapi-122.png","width":815,"height":222,"caption":"G\u00fcven Yap\u0131 Aksaray"},"image":{"@id":"https:\/\/guvenaksaray.com\/yapi\/#\/schema\/logo\/image\/"}}]}},"_links":{"self":[{"href":"https:\/\/guvenaksaray.com\/yapi\/wp-json\/wp\/v2\/pages\/1928"}],"collection":[{"href":"https:\/\/guvenaksaray.com\/yapi\/wp-json\/wp\/v2\/pages"}],"about":[{"href":"https:\/\/guvenaksaray.com\/yapi\/wp-json\/wp\/v2\/types\/page"}],"author":[{"embeddable":true,"href":"https:\/\/guvenaksaray.com\/yapi\/wp-json\/wp\/v2\/users\/1"}],"replies":[{"embeddable":true,"href":"https:\/\/guvenaksaray.com\/yapi\/wp-json\/wp\/v2\/comments?post=1928"}],"version-history":[{"count":20,"href":"https:\/\/guvenaksaray.com\/yapi\/wp-json\/wp\/v2\/pages\/1928\/revisions"}],"predecessor-version":[{"id":2193,"href":"https:\/\/guvenaksaray.com\/yapi\/wp-json\/wp\/v2\/pages\/1928\/revisions\/2193"}],"wp:attachment":[{"href":"https:\/\/guvenaksaray.com\/yapi\/wp-json\/wp\/v2\/media?parent=1928"}],"curies":[{"name":"wp","href":"https:\/\/api.w.org\/{rel}","templated":true}]}}