{"id":993,"date":"2023-02-23T14:03:24","date_gmt":"2023-02-23T11:03:24","guid":{"rendered":"https:\/\/guvenaksaray.com\/yapi\/?page_id=993"},"modified":"2023-09-30T00:17:52","modified_gmt":"2023-09-29T21:17:52","slug":"iletisim","status":"publish","type":"page","link":"https:\/\/guvenaksaray.com\/yapi\/iletisim\/","title":{"rendered":"\u0130leti\u015fim"},"content":{"rendered":"\t\t<div data-elementor-type=\"wp-page\" data-elementor-id=\"993\" class=\"elementor elementor-993\">\n\t\t\t\t\t\t\t\t\t<section class=\"elementor-section elementor-top-section elementor-element elementor-element-35ce530 elementor-section-boxed elementor-section-height-default elementor-section-height-default\" data-id=\"35ce530\" data-element_type=\"section\" data-settings=\"{&quot;background_background&quot;:&quot;classic&quot;}\">\n\t\t\t\t\t\t\t<div class=\"elementor-background-overlay\"><\/div>\n\t\t\t\t\t\t\t<div class=\"elementor-container elementor-column-gap-default\">\n\t\t\t\t\t<div class=\"elementor-column elementor-col-100 elementor-top-column elementor-element elementor-element-999c907\" data-id=\"999c907\" data-element_type=\"column\" data-settings=\"{&quot;background_background&quot;:&quot;classic&quot;}\">\n\t\t\t<div class=\"elementor-widget-wrap elementor-element-populated\">\n\t\t\t\t\t<div class=\"elementor-background-overlay\"><\/div>\n\t\t\t\t\t\t\t\t<div class=\"elementor-element elementor-element-b9a5f42 elementor-widget elementor-widget-text-editor\" data-id=\"b9a5f42\" data-element_type=\"widget\" data-widget_type=\"text-editor.default\">\n\t\t\t\t<div class=\"elementor-widget-container\">\n\t\t\t<style>\/*! elementor - v3.15.0 - 20-08-2023 *\/\n.elementor-widget-text-editor.elementor-drop-cap-view-stacked .elementor-drop-cap{background-color:#69727d;color:#fff}.elementor-widget-text-editor.elementor-drop-cap-view-framed .elementor-drop-cap{color:#69727d;border:3px solid;background-color:transparent}.elementor-widget-text-editor:not(.elementor-drop-cap-view-default) .elementor-drop-cap{margin-top:8px}.elementor-widget-text-editor:not(.elementor-drop-cap-view-default) .elementor-drop-cap-letter{width:1em;height:1em}.elementor-widget-text-editor .elementor-drop-cap{float:left;text-align:center;line-height:1;font-size:50px}.elementor-widget-text-editor .elementor-drop-cap-letter{display:inline-block}<\/style>\t\t\t\t\u0130leti\u015fim\t\t\t\t\t\t<\/div>\n\t\t\t\t<\/div>\n\t\t\t\t\t<\/div>\n\t\t<\/div>\n\t\t\t\t\t\t\t<\/div>\n\t\t<\/section>\n\t\t\t\t<section class=\"elementor-section elementor-top-section elementor-element elementor-element-726705e elementor-section-boxed elementor-section-height-default elementor-section-height-default\" data-id=\"726705e\" data-element_type=\"section\">\n\t\t\t\t\t\t<div class=\"elementor-container elementor-column-gap-default\">\n\t\t\t\t\t<div class=\"elementor-column elementor-col-50 elementor-top-column elementor-element elementor-element-01c1934\" data-id=\"01c1934\" data-element_type=\"column\">\n\t\t\t<div class=\"elementor-widget-wrap elementor-element-populated\">\n\t\t\t\t\t\t\t\t<div class=\"elementor-element elementor-element-ff3cf3c elementor-widget elementor-widget-text-editor\" data-id=\"ff3cf3c\" data-element_type=\"widget\" data-widget_type=\"text-editor.default\">\n\t\t\t\t<div class=\"elementor-widget-container\">\n\t\t\t\t\t\t\tBizimle \u0130leti\u015fime Ge\u00e7in\t\t\t\t\t\t<\/div>\n\t\t\t\t<\/div>\n\t\t\t\t<div class=\"elementor-element elementor-element-d45d31c elementor-widget elementor-widget-shortcode\" data-id=\"d45d31c\" data-element_type=\"widget\" data-widget_type=\"shortcode.default\">\n\t\t\t\t<div class=\"elementor-widget-container\">\n\t\t\t\t\t<div class=\"elementor-shortcode\"><div class=\"wpforms-container \" id=\"wpforms-6\"><form id=\"wpforms-form-6\" class=\"wpforms-validate wpforms-form\" data-formid=\"6\" method=\"post\" enctype=\"multipart\/form-data\" action=\"\/yapi\/wp-json\/wp\/v2\/pages\/993\" data-token=\"ed863a657a78f2297a2c55723bd94130\"><noscript class=\"wpforms-error-noscript\">Bu formu bitirebilmek i\u00e7in taray\u0131c\u0131n\u0131zda JavaScript&#039;i etkinle\u015ftirin.<\/noscript><div class=\"wpforms-field-container\"><div id=\"wpforms-6-field_5-container\" class=\"wpforms-field wpforms-field-text\" data-field-id=\"5\"><label class=\"wpforms-field-label\" for=\"wpforms-6-field_5\">Ad\u0131n\u0131z <span class=\"wpforms-required-label\">*<\/span><\/label><input type=\"text\" id=\"wpforms-6-field_5\" class=\"wpforms-field-large wpforms-field-required\" name=\"wpforms[fields][5]\" required><\/div><div id=\"wpforms-6-field_1-container\" class=\"wpforms-field wpforms-field-email\" data-field-id=\"1\"><label class=\"wpforms-field-label\" for=\"wpforms-6-field_1\">Email <span class=\"wpforms-required-label\">*<\/span><\/label><input type=\"email\" id=\"wpforms-6-field_1\" class=\"wpforms-field-large wpforms-field-required\" name=\"wpforms[fields][1]\" spellcheck=\"false\" required><\/div><div id=\"wpforms-6-field_3-container\" class=\"wpforms-field wpforms-field-text\" data-field-id=\"3\"><label class=\"wpforms-field-label\" for=\"wpforms-6-field_3\">Konu <span class=\"wpforms-required-label\">*<\/span><\/label><input type=\"text\" id=\"wpforms-6-field_3\" class=\"wpforms-field-large wpforms-field-required\" name=\"wpforms[fields][3]\" required><\/div><div id=\"wpforms-6-field_2-container\" class=\"wpforms-field wpforms-field-textarea\" data-field-id=\"2\"><label class=\"wpforms-field-label\" for=\"wpforms-6-field_2\">Mesaj\u0131n\u0131z <span class=\"wpforms-required-label\">*<\/span><\/label><textarea id=\"wpforms-6-field_2\" class=\"wpforms-field-medium wpforms-field-required\" name=\"wpforms[fields][2]\" required><\/textarea><\/div><\/div><!-- .wpforms-field-container --><div class=\"wpforms-submit-container\" ><input type=\"hidden\" name=\"wpforms[id]\" value=\"6\"><input type=\"hidden\" name=\"wpforms[author]\" value=\"1\"><button type=\"submit\" name=\"wpforms[submit]\" id=\"wpforms-submit-6\" class=\"wpforms-submit\" data-alt-text=\"G\u00f6nderiliyor...\" data-submit-text=\"G\u00f6nder\" aria-live=\"assertive\" value=\"wpforms-submit\">G\u00f6nder<\/button><\/div><\/form><\/div>  <!-- .wpforms-container --><\/div>\n\t\t\t\t<\/div>\n\t\t\t\t<\/div>\n\t\t\t\t\t<\/div>\n\t\t<\/div>\n\t\t\t\t<div class=\"elementor-column elementor-col-50 elementor-top-column elementor-element elementor-element-d484467\" data-id=\"d484467\" data-element_type=\"column\">\n\t\t\t<div class=\"elementor-widget-wrap elementor-element-populated\">\n\t\t\t\t\t\t\t\t<div class=\"elementor-element elementor-element-2efca66 elementor-widget elementor-widget-html\" data-id=\"2efca66\" data-element_type=\"widget\" data-widget_type=\"html.default\">\n\t\t\t\t<div class=\"elementor-widget-container\">\n\t\t\t<iframe src=\"https:\/\/www.google.com\/maps\/embed?pb=!1m18!1m12!1m3!1d3127.952357433081!2d34.02324577461102!3d38.373223571840704!2m3!1f0!2f0!3f0!3m2!1i1024!2i768!4f13.1!3m3!1m2!1s0x14d6717934ab9491%3A0xcd4e75b5a649ae22!2sG%C3%BCven%20Elektrik%20Bobinaj!5e0!3m2!1str!2str!4v1694555691468!5m2!1str!2str\" width=\"600\" height=\"450\" style=\"border:0;\" allowfullscreen=\"\" loading=\"lazy\" referrerpolicy=\"no-referrer-when-downgrade\"><\/iframe>\t\t<\/div>\n\t\t\t\t<\/div>\n\t\t\t\t\t<\/div>\n\t\t<\/div>\n\t\t\t\t\t\t\t<\/div>\n\t\t<\/section>\n\t\t\t\t<section class=\"elementor-section elementor-top-section elementor-element elementor-element-a9c6f8f elementor-section-boxed elementor-section-height-default elementor-section-height-default\" data-id=\"a9c6f8f\" data-element_type=\"section\">\n\t\t\t\t\t\t<div class=\"elementor-container elementor-column-gap-default\">\n\t\t\t\t\t<div class=\"elementor-column elementor-col-100 elementor-top-column elementor-element elementor-element-16d02be\" data-id=\"16d02be\" data-element_type=\"column\">\n\t\t\t<div class=\"elementor-widget-wrap elementor-element-populated\">\n\t\t\t\t\t\t\t\t<section class=\"elementor-section elementor-inner-section elementor-element elementor-element-2f68572 elementor-section-boxed elementor-section-height-default elementor-section-height-default\" data-id=\"2f68572\" data-element_type=\"section\">\n\t\t\t\t\t\t<div class=\"elementor-container elementor-column-gap-default\">\n\t\t\t\t\t<div class=\"elementor-column elementor-col-33 elementor-inner-column elementor-element elementor-element-b1454f1\" data-id=\"b1454f1\" data-element_type=\"column\" data-settings=\"{&quot;background_background&quot;:&quot;classic&quot;}\">\n\t\t\t<div class=\"elementor-widget-wrap elementor-element-populated\">\n\t\t\t\t\t\t\t\t<div class=\"elementor-element elementor-element-c9d1c8a elementor-position-top elementor-widget elementor-widget-image-box\" data-id=\"c9d1c8a\" data-element_type=\"widget\" data-widget_type=\"image-box.default\">\n\t\t\t\t<div class=\"elementor-widget-container\">\n\t\t\t<style>\/*! elementor - v3.15.0 - 20-08-2023 *\/\n.elementor-widget-image-box .elementor-image-box-content{width:100%}@media (min-width:768px){.elementor-widget-image-box.elementor-position-left .elementor-image-box-wrapper,.elementor-widget-image-box.elementor-position-right .elementor-image-box-wrapper{display:flex}.elementor-widget-image-box.elementor-position-right .elementor-image-box-wrapper{text-align:right;flex-direction:row-reverse}.elementor-widget-image-box.elementor-position-left .elementor-image-box-wrapper{text-align:left;flex-direction:row}.elementor-widget-image-box.elementor-position-top .elementor-image-box-img{margin:auto}.elementor-widget-image-box.elementor-vertical-align-top .elementor-image-box-wrapper{align-items:flex-start}.elementor-widget-image-box.elementor-vertical-align-middle .elementor-image-box-wrapper{align-items:center}.elementor-widget-image-box.elementor-vertical-align-bottom .elementor-image-box-wrapper{align-items:flex-end}}@media (max-width:767px){.elementor-widget-image-box .elementor-image-box-img{margin-left:auto!important;margin-right:auto!important;margin-bottom:15px}}.elementor-widget-image-box .elementor-image-box-img{display:inline-block}.elementor-widget-image-box .elementor-image-box-title a{color:inherit}.elementor-widget-image-box .elementor-image-box-wrapper{text-align:center}.elementor-widget-image-box .elementor-image-box-description{margin:0}<\/style><div class=\"elementor-image-box-wrapper\"><figure class=\"elementor-image-box-img\"><img decoding=\"async\" loading=\"lazy\" width=\"512\" height=\"512\" src=\"https:\/\/guvenaksaray.com\/yapi\/wp-content\/uploads\/2023\/02\/phone-call-1.png\" class=\"attachment-full size-full wp-image-1316\" alt=\"\" srcset=\"https:\/\/guvenaksaray.com\/yapi\/wp-content\/uploads\/2023\/02\/phone-call-1.png 512w, https:\/\/guvenaksaray.com\/yapi\/wp-content\/uploads\/2023\/02\/phone-call-1-300x300.png 300w, https:\/\/guvenaksaray.com\/yapi\/wp-content\/uploads\/2023\/02\/phone-call-1-150x150.png 150w\" sizes=\"(max-width: 512px) 100vw, 512px\" \/><\/figure><div class=\"elementor-image-box-content\"><h3 class=\"elementor-image-box-title\">Telefon<\/h3><p class=\"elementor-image-box-description\">+90 545 594 08 20<\/p><\/div><\/div>\t\t<\/div>\n\t\t\t\t<\/div>\n\t\t\t\t\t<\/div>\n\t\t<\/div>\n\t\t\t\t<div class=\"elementor-column elementor-col-33 elementor-inner-column elementor-element elementor-element-82ca43f\" data-id=\"82ca43f\" data-element_type=\"column\" data-settings=\"{&quot;background_background&quot;:&quot;classic&quot;}\">\n\t\t\t<div class=\"elementor-widget-wrap elementor-element-populated\">\n\t\t\t\t\t\t\t\t<div class=\"elementor-element elementor-element-002dfc9 elementor-position-top elementor-widget elementor-widget-image-box\" data-id=\"002dfc9\" data-element_type=\"widget\" data-widget_type=\"image-box.default\">\n\t\t\t\t<div class=\"elementor-widget-container\">\n\t\t\t<div class=\"elementor-image-box-wrapper\"><figure class=\"elementor-image-box-img\"><img decoding=\"async\" loading=\"lazy\" width=\"512\" height=\"512\" src=\"https:\/\/guvenaksaray.com\/yapi\/wp-content\/uploads\/2023\/02\/location.png\" class=\"attachment-full size-full wp-image-1314\" alt=\"\" srcset=\"https:\/\/guvenaksaray.com\/yapi\/wp-content\/uploads\/2023\/02\/location.png 512w, https:\/\/guvenaksaray.com\/yapi\/wp-content\/uploads\/2023\/02\/location-300x300.png 300w, https:\/\/guvenaksaray.com\/yapi\/wp-content\/uploads\/2023\/02\/location-150x150.png 150w\" sizes=\"(max-width: 512px) 100vw, 512px\" \/><\/figure><div class=\"elementor-image-box-content\"><h3 class=\"elementor-image-box-title\">Adres<\/h3><p class=\"elementor-image-box-description\">DERE MAHALLES\u0130 BELED\u0130YE CD B\u0130RL\u0130K APT ALTI, NO 21\/C, 68100 Aksaray<\/p><\/div><\/div>\t\t<\/div>\n\t\t\t\t<\/div>\n\t\t\t\t\t<\/div>\n\t\t<\/div>\n\t\t\t\t<div class=\"elementor-column elementor-col-33 elementor-inner-column elementor-element elementor-element-4edaaf9\" data-id=\"4edaaf9\" data-element_type=\"column\" data-settings=\"{&quot;background_background&quot;:&quot;classic&quot;}\">\n\t\t\t<div class=\"elementor-widget-wrap elementor-element-populated\">\n\t\t\t\t\t\t\t\t<div class=\"elementor-element elementor-element-b3a77bf elementor-position-top elementor-widget elementor-widget-image-box\" data-id=\"b3a77bf\" data-element_type=\"widget\" data-widget_type=\"image-box.default\">\n\t\t\t\t<div class=\"elementor-widget-container\">\n\t\t\t<div class=\"elementor-image-box-wrapper\"><figure class=\"elementor-image-box-img\"><a href=\"mailto:guvenyapiaksaray@gmail.com\"><img decoding=\"async\" loading=\"lazy\" width=\"512\" height=\"512\" src=\"https:\/\/guvenaksaray.com\/yapi\/wp-content\/uploads\/2023\/02\/mail.png\" class=\"attachment-full size-full wp-image-1315\" alt=\"\" srcset=\"https:\/\/guvenaksaray.com\/yapi\/wp-content\/uploads\/2023\/02\/mail.png 512w, https:\/\/guvenaksaray.com\/yapi\/wp-content\/uploads\/2023\/02\/mail-300x300.png 300w, https:\/\/guvenaksaray.com\/yapi\/wp-content\/uploads\/2023\/02\/mail-150x150.png 150w\" sizes=\"(max-width: 512px) 100vw, 512px\" \/><\/a><\/figure><div class=\"elementor-image-box-content\"><h3 class=\"elementor-image-box-title\"><a href=\"mailto:guvenyapiaksaray@gmail.com\">Email<\/a><\/h3><p class=\"elementor-image-box-description\">guvenyapiaksaray@gmail.com<\/p><\/div><\/div>\t\t<\/div>\n\t\t\t\t<\/div>\n\t\t\t\t\t<\/div>\n\t\t<\/div>\n\t\t\t\t\t\t\t<\/div>\n\t\t<\/section>\n\t\t\t\t\t<\/div>\n\t\t<\/div>\n\t\t\t\t\t\t\t<\/div>\n\t\t<\/section>\n\t\t\t\t\t\t\t<\/div>\n\t\t","protected":false},"excerpt":{"rendered":"<p>\u0130leti\u015fimBizimle \u0130leti\u015fime Ge\u00e7in Telefon +90 545 594 08 20 Adres DERE MAHALLES\u0130 BELED\u0130YE CD B\u0130RL\u0130K APT ALTI, NO 21\/C, 68100 Aksaray Email guvenyapiaksaray@gmail.com<\/p>\n","protected":false},"author":1,"featured_media":0,"parent":0,"menu_order":0,"comment_status":"closed","ping_status":"closed","template":"","meta":{"site-sidebar-layout":"no-sidebar","site-content-layout":"page-builder","ast-site-content-layout":"","site-content-style":"default","site-sidebar-style":"default","ast-global-header-display":"","ast-banner-title-visibility":"","ast-main-header-display":"","ast-hfb-above-header-display":"","ast-hfb-below-header-display":"","ast-hfb-mobile-header-display":"","site-post-title":"disabled","ast-breadcrumbs-content":"","ast-featured-img":"disabled","footer-sml-layout":"","theme-transparent-header-meta":"enabled","adv-header-id-meta":"","stick-header-meta":"","header-above-stick-meta":"","header-main-stick-meta":"","header-below-stick-meta":"","astra-migrate-meta-layouts":"","footnotes":"","_joinchat":[]},"yoast_head":"<!-- This site is optimized with the Yoast SEO plugin v21.0 - https:\/\/yoast.com\/wordpress\/plugins\/seo\/ -->\n<title>\u0130leti\u015fim - G\u00fcven Yap\u0131 Aksaray<\/title>\n<meta name=\"robots\" content=\"index, follow, max-snippet:-1, max-image-preview:large, max-video-preview:-1\" \/>\n<link rel=\"canonical\" href=\"https:\/\/guvenaksaray.com\/yapi\/iletisim\/\" \/>\n<meta property=\"og:locale\" content=\"tr_TR\" \/>\n<meta property=\"og:type\" content=\"article\" \/>\n<meta property=\"og:title\" content=\"\u0130leti\u015fim - G\u00fcven Yap\u0131 Aksaray\" \/>\n<meta property=\"og:description\" content=\"\u0130leti\u015fimBizimle \u0130leti\u015fime Ge\u00e7in Telefon +90 545 594 08 20 Adres DERE MAHALLES\u0130 BELED\u0130YE CD B\u0130RL\u0130K APT ALTI, NO 21\/C, 68100 Aksaray Email guvenyapiaksaray@gmail.com\" \/>\n<meta property=\"og:url\" content=\"https:\/\/guvenaksaray.com\/yapi\/iletisim\/\" \/>\n<meta property=\"og:site_name\" content=\"G\u00fcven Yap\u0131 Aksaray\" \/>\n<meta property=\"article:modified_time\" content=\"2023-09-29T21:17:52+00:00\" \/>\n<meta property=\"og:image\" content=\"https:\/\/guvenaksaray.com\/yapi\/wp-content\/uploads\/2023\/02\/phone-call-1.png\" \/>\n<meta name=\"twitter:card\" content=\"summary_large_image\" \/>\n<meta name=\"twitter:label1\" content=\"Tahmini okuma s\u00fcresi\" \/>\n\t<meta name=\"twitter:data1\" content=\"1 dakika\" \/>\n<script type=\"application\/ld+json\" class=\"yoast-schema-graph\">{\"@context\":\"https:\/\/schema.org\",\"@graph\":[{\"@type\":\"WebPage\",\"@id\":\"https:\/\/guvenaksaray.com\/yapi\/iletisim\/\",\"url\":\"https:\/\/guvenaksaray.com\/yapi\/iletisim\/\",\"name\":\"\u0130leti\u015fim - G\u00fcven Yap\u0131 Aksaray\",\"isPartOf\":{\"@id\":\"https:\/\/guvenaksaray.com\/yapi\/#website\"},\"datePublished\":\"2023-02-23T11:03:24+00:00\",\"dateModified\":\"2023-09-29T21:17:52+00:00\",\"breadcrumb\":{\"@id\":\"https:\/\/guvenaksaray.com\/yapi\/iletisim\/#breadcrumb\"},\"inLanguage\":\"tr\",\"potentialAction\":[{\"@type\":\"ReadAction\",\"target\":[\"https:\/\/guvenaksaray.com\/yapi\/iletisim\/\"]}]},{\"@type\":\"BreadcrumbList\",\"@id\":\"https:\/\/guvenaksaray.com\/yapi\/iletisim\/#breadcrumb\",\"itemListElement\":[{\"@type\":\"ListItem\",\"position\":1,\"name\":\"Anasayfa\",\"item\":\"https:\/\/guvenaksaray.com\/yapi\/\"},{\"@type\":\"ListItem\",\"position\":2,\"name\":\"\u0130leti\u015fim\"}]},{\"@type\":\"WebSite\",\"@id\":\"https:\/\/guvenaksaray.com\/yapi\/#website\",\"url\":\"https:\/\/guvenaksaray.com\/yapi\/\",\"name\":\"G\u00fcven Yap\u0131 Aksaray\",\"description\":\"\",\"publisher\":{\"@id\":\"https:\/\/guvenaksaray.com\/yapi\/#organization\"},\"potentialAction\":[{\"@type\":\"SearchAction\",\"target\":{\"@type\":\"EntryPoint\",\"urlTemplate\":\"https:\/\/guvenaksaray.com\/yapi\/?s={search_term_string}\"},\"query-input\":\"required name=search_term_string\"}],\"inLanguage\":\"tr\"},{\"@type\":\"Organization\",\"@id\":\"https:\/\/guvenaksaray.com\/yapi\/#organization\",\"name\":\"G\u00fcven Yap\u0131 Aksaray\",\"url\":\"https:\/\/guvenaksaray.com\/yapi\/\",\"logo\":{\"@type\":\"ImageObject\",\"inLanguage\":\"tr\",\"@id\":\"https:\/\/guvenaksaray.com\/yapi\/#\/schema\/logo\/image\/\",\"url\":\"https:\/\/guvenaksaray.com\/yapi\/wp-content\/uploads\/2023\/09\/cropped-logo-guven-yapi-122.png\",\"contentUrl\":\"https:\/\/guvenaksaray.com\/yapi\/wp-content\/uploads\/2023\/09\/cropped-logo-guven-yapi-122.png\",\"width\":815,\"height\":222,\"caption\":\"G\u00fcven Yap\u0131 Aksaray\"},\"image\":{\"@id\":\"https:\/\/guvenaksaray.com\/yapi\/#\/schema\/logo\/image\/\"}}]}<\/script>\n<!-- \/ Yoast SEO plugin. -->","yoast_head_json":{"title":"\u0130leti\u015fim - G\u00fcven Yap\u0131 Aksaray","robots":{"index":"index","follow":"follow","max-snippet":"max-snippet:-1","max-image-preview":"max-image-preview:large","max-video-preview":"max-video-preview:-1"},"canonical":"https:\/\/guvenaksaray.com\/yapi\/iletisim\/","og_locale":"tr_TR","og_type":"article","og_title":"\u0130leti\u015fim - G\u00fcven Yap\u0131 Aksaray","og_description":"\u0130leti\u015fimBizimle \u0130leti\u015fime Ge\u00e7in Telefon +90 545 594 08 20 Adres DERE MAHALLES\u0130 BELED\u0130YE CD B\u0130RL\u0130K APT ALTI, NO 21\/C, 68100 Aksaray Email guvenyapiaksaray@gmail.com","og_url":"https:\/\/guvenaksaray.com\/yapi\/iletisim\/","og_site_name":"G\u00fcven Yap\u0131 Aksaray","article_modified_time":"2023-09-29T21:17:52+00:00","og_image":[{"url":"https:\/\/guvenaksaray.com\/yapi\/wp-content\/uploads\/2023\/02\/phone-call-1.png"}],"twitter_card":"summary_large_image","twitter_misc":{"Tahmini okuma s\u00fcresi":"1 dakika"},"schema":{"@context":"https:\/\/schema.org","@graph":[{"@type":"WebPage","@id":"https:\/\/guvenaksaray.com\/yapi\/iletisim\/","url":"https:\/\/guvenaksaray.com\/yapi\/iletisim\/","name":"\u0130leti\u015fim - G\u00fcven Yap\u0131 Aksaray","isPartOf":{"@id":"https:\/\/guvenaksaray.com\/yapi\/#website"},"datePublished":"2023-02-23T11:03:24+00:00","dateModified":"2023-09-29T21:17:52+00:00","breadcrumb":{"@id":"https:\/\/guvenaksaray.com\/yapi\/iletisim\/#breadcrumb"},"inLanguage":"tr","potentialAction":[{"@type":"ReadAction","target":["https:\/\/guvenaksaray.com\/yapi\/iletisim\/"]}]},{"@type":"BreadcrumbList","@id":"https:\/\/guvenaksaray.com\/yapi\/iletisim\/#breadcrumb","itemListElement":[{"@type":"ListItem","position":1,"name":"Anasayfa","item":"https:\/\/guvenaksaray.com\/yapi\/"},{"@type":"ListItem","position":2,"name":"\u0130leti\u015fim"}]},{"@type":"WebSite","@id":"https:\/\/guvenaksaray.com\/yapi\/#website","url":"https:\/\/guvenaksaray.com\/yapi\/","name":"G\u00fcven Yap\u0131 Aksaray","description":"","publisher":{"@id":"https:\/\/guvenaksaray.com\/yapi\/#organization"},"potentialAction":[{"@type":"SearchAction","target":{"@type":"EntryPoint","urlTemplate":"https:\/\/guvenaksaray.com\/yapi\/?s={search_term_string}"},"query-input":"required name=search_term_string"}],"inLanguage":"tr"},{"@type":"Organization","@id":"https:\/\/guvenaksaray.com\/yapi\/#organization","name":"G\u00fcven Yap\u0131 Aksaray","url":"https:\/\/guvenaksaray.com\/yapi\/","logo":{"@type":"ImageObject","inLanguage":"tr","@id":"https:\/\/guvenaksaray.com\/yapi\/#\/schema\/logo\/image\/","url":"https:\/\/guvenaksaray.com\/yapi\/wp-content\/uploads\/2023\/09\/cropped-logo-guven-yapi-122.png","contentUrl":"https:\/\/guvenaksaray.com\/yapi\/wp-content\/uploads\/2023\/09\/cropped-logo-guven-yapi-122.png","width":815,"height":222,"caption":"G\u00fcven Yap\u0131 Aksaray"},"image":{"@id":"https:\/\/guvenaksaray.com\/yapi\/#\/schema\/logo\/image\/"}}]}},"_links":{"self":[{"href":"https:\/\/guvenaksaray.com\/yapi\/wp-json\/wp\/v2\/pages\/993"}],"collection":[{"href":"https:\/\/guvenaksaray.com\/yapi\/wp-json\/wp\/v2\/pages"}],"about":[{"href":"https:\/\/guvenaksaray.com\/yapi\/wp-json\/wp\/v2\/types\/page"}],"author":[{"embeddable":true,"href":"https:\/\/guvenaksaray.com\/yapi\/wp-json\/wp\/v2\/users\/1"}],"replies":[{"embeddable":true,"href":"https:\/\/guvenaksaray.com\/yapi\/wp-json\/wp\/v2\/comments?post=993"}],"version-history":[{"count":21,"href":"https:\/\/guvenaksaray.com\/yapi\/wp-json\/wp\/v2\/pages\/993\/revisions"}],"predecessor-version":[{"id":2217,"href":"https:\/\/guvenaksaray.com\/yapi\/wp-json\/wp\/v2\/pages\/993\/revisions\/2217"}],"wp:attachment":[{"href":"https:\/\/guvenaksaray.com\/yapi\/wp-json\/wp\/v2\/media?parent=993"}],"curies":[{"name":"wp","href":"https:\/\/api.w.org\/{rel}","templated":true}]}}